{"id":1093,"date":"2021-10-04T15:24:53","date_gmt":"2021-10-04T15:24:53","guid":{"rendered":"https:\/\/acemesclerosis.org\/?page_id=1093"},"modified":"2025-04-16T09:33:27","modified_gmt":"2025-04-16T09:33:27","slug":"esclerose","status":"publish","type":"page","link":"https:\/\/acemesclerosis.org\/?page_id=1093&lang=gl","title":{"rendered":"Esclerose"},"content":{"rendered":"\t\t<div data-elementor-type=\"wp-page\" data-elementor-id=\"1093\" class=\"elementor elementor-1093\" data-elementor-settings=\"[]\">\n\t\t\t\t\t\t\t<div class=\"elementor-section-wrap\">\n\t\t\t\t\t\t\t<section class=\"elementor-section elementor-top-section elementor-element elementor-element-071390f elementor-section-full_width elementor-section-height-min-height elementor-section-height-default elementor-section-items-middle\" data-id=\"071390f\" data-element_type=\"section\" data-settings=\"{&quot;background_background&quot;:&quot;classic&quot;,&quot;background_motion_fx_motion_fx_scrolling&quot;:&quot;yes&quot;,&quot;background_motion_fx_devices&quot;:[&quot;desktop&quot;,&quot;tablet&quot;,&quot;mobile&quot;]}\">\n\t\t\t\t\t\t<div class=\"elementor-container elementor-column-gap-no\">\n\t\t\t\t\t<div class=\"elementor-column elementor-col-100 elementor-top-column elementor-element elementor-element-09da65a\" data-id=\"09da65a\" data-element_type=\"column\">\n\t\t\t<div class=\"elementor-widget-wrap elementor-element-populated\">\n\t\t\t\t\t\t\t\t<div class=\"elementor-element elementor-element-7aa6815 elementor--h-position-center elementor--v-position-middle elementor-widget elementor-widget-slides\" data-id=\"7aa6815\" data-element_type=\"widget\" data-settings=\"{&quot;navigation&quot;:&quot;none&quot;,&quot;autoplay&quot;:&quot;yes&quot;,&quot;pause_on_hover&quot;:&quot;yes&quot;,&quot;pause_on_interaction&quot;:&quot;yes&quot;,&quot;autoplay_speed&quot;:5000,&quot;infinite&quot;:&quot;yes&quot;,&quot;transition&quot;:&quot;slide&quot;,&quot;transition_speed&quot;:500}\" data-widget_type=\"slides.default\">\n\t\t\t\t<div class=\"elementor-widget-container\">\n\t\t\t\t\t<div class=\"elementor-swiper\">\n\t\t\t<div class=\"elementor-slides-wrapper elementor-main-swiper swiper-container\" dir=\"ltr\" data-animation=\"fadeInUp\">\n\t\t\t\t<div class=\"swiper-wrapper elementor-slides\">\n\t\t\t\t\t<div class=\"elementor-repeater-item-ebf784f swiper-slide\"><div class=\"swiper-slide-bg\"><\/div><div class=\"swiper-slide-inner\" ><div class=\"swiper-slide-contents\"><\/div><\/div><\/div>\t\t\t\t<\/div>\n\t\t\t\t\t\t\t<\/div>\n\t\t<\/div>\n\t\t\t\t<\/div>\n\t\t\t\t<\/div>\n\t\t\t\t\t<\/div>\n\t\t<\/div>\n\t\t\t\t\t\t\t<\/div>\n\t\t<\/section>\n\t\t\t\t<section class=\"elementor-section elementor-top-section elementor-element elementor-element-8868d6e elementor-section-boxed elementor-section-height-default elementor-section-height-default\" data-id=\"8868d6e\" data-element_type=\"section\" data-settings=\"{&quot;background_background&quot;:&quot;classic&quot;}\">\n\t\t\t\t\t\t<div class=\"elementor-container elementor-column-gap-default\">\n\t\t\t\t\t<div class=\"elementor-column elementor-col-100 elementor-top-column elementor-element elementor-element-81dc237\" data-id=\"81dc237\" data-element_type=\"column\">\n\t\t\t<div class=\"elementor-widget-wrap elementor-element-populated\">\n\t\t\t\t\t\t\t\t<div class=\"elementor-element elementor-element-63b3c9f elementor-widget elementor-widget-heading\" data-id=\"63b3c9f\" data-element_type=\"widget\" data-widget_type=\"heading.default\">\n\t\t\t\t<div class=\"elementor-widget-container\">\n\t\t\t<h2 class=\"elementor-heading-title elementor-size-default\">esclerose m\u00faltiple<\/h2>\t\t<\/div>\n\t\t\t\t<\/div>\n\t\t\t\t\t<\/div>\n\t\t<\/div>\n\t\t\t\t\t\t\t<\/div>\n\t\t<\/section>\n\t\t\t\t<section class=\"elementor-section elementor-top-section elementor-element elementor-element-13c2dad elementor-section-boxed elementor-section-height-default elementor-section-height-default\" data-id=\"13c2dad\" data-element_type=\"section\" data-settings=\"{&quot;background_background&quot;:&quot;classic&quot;}\">\n\t\t\t\t\t\t<div class=\"elementor-container elementor-column-gap-default\">\n\t\t\t\t\t<div class=\"elementor-column elementor-col-100 elementor-top-column elementor-element elementor-element-1cacc5b\" data-id=\"1cacc5b\" data-element_type=\"column\">\n\t\t\t<div class=\"elementor-widget-wrap elementor-element-populated\">\n\t\t\t\t\t\t\t\t<div class=\"elementor-element elementor-element-945225d elementor-widget elementor-widget-text-editor\" data-id=\"945225d\" data-element_type=\"widget\" data-widget_type=\"text-editor.default\">\n\t\t\t\t<div class=\"elementor-widget-container\">\n\t\t\t\t\t\t\t\t<div class=\"elementor-element elementor-element-77e7edc elementor-widget elementor-widget-text-editor\" data-ide=\"77e7edc\" data-element_type=\"widget\" data-widget_type=\"text-editor.default\"><div class=\"elementor-widget-container\"><p>A esclerose m\u00faltiple \u00e9 unha enfermidade cr\u00f3nica do Sistema Nervioso Central (SNC), que afecta, de maneira intermitente, \u00e1 sustancia branca (mielina) de medula espinal e ao cerebro.<\/p><p>Nos lugares afectados alt\u00e9rase a vaina de mielina que recubre os nervios. Como consecuencia disto atr\u00e1sase ou se interrompe a comunicaci\u00f3n nerviosa, xa que a mielina queda substitu\u00edda por placas de tecido endurecido (esclerose). Debido a que esta destruci\u00f3n leva a cabo en diferentes e m\u00faltiples lugares, a enfermidade \u00e9 chamada Esclerose M\u00faltiple.<\/p><p>Esta enfermidade pode aparecer en calquera etapa da vida e en ambos os sexos, a\u00ednda que \u00e9 m\u00e1is frecuente en mulleres e entre a poboaci\u00f3n adulta nova. A maior\u00eda dos casos diagnost\u00edcanse en persoas que te\u00f1en entre 20 e 40 anos de idade a\u00ednda que tam\u00e9n pode aparecer en nenos, adolescentes e anci\u00e1ns.<\/p><p>Os s\u00edntomas m\u00e1is habituais son:<\/p><ul><li>Afectaci\u00f3n da vista.<\/li><li>Fatiga<\/li><li>Espasticidade.<\/li><li>Problemas de equilibrio<\/li><li>Problemas de incontinencia<\/li><li>Perda de forza ou sensibilidade en algures do corpo.<\/li><li>Alteraci\u00f3ns de memoria e concentraci\u00f3n<\/li><li>Alteraci\u00f3ns da fala e degluci\u00f3n.<\/li><\/ul><p>\u00a0<\/p><p>Estes s\u00edntomas poden aparecer no que se denominan brotes e desaparecen total ou parcialmente despois. Non todos os s\u00edntomas aparecen en todas as persoas, nin o fan coa mesma intensidade. Este \u00e9 o motivo polo que se presenta en cada persoa de forma distinta e ad\u00f3itase denominar como \u201ca enfermidade do mil caras\u201d<\/p><\/div><\/div>\t\t\t\t\t\t<\/div>\n\t\t\t\t<\/div>\n\t\t\t\t\t<\/div>\n\t\t<\/div>\n\t\t\t\t\t\t\t<\/div>\n\t\t<\/section>\n\t\t\t\t<section class=\"elementor-section elementor-top-section elementor-element elementor-element-930e46b elementor-section-boxed elementor-section-height-default elementor-section-height-default\" data-id=\"930e46b\" data-element_type=\"section\" data-settings=\"{&quot;background_background&quot;:&quot;classic&quot;}\">\n\t\t\t\t\t\t<div class=\"elementor-container elementor-column-gap-default\">\n\t\t\t\t\t<div class=\"elementor-column elementor-col-50 elementor-top-column elementor-element elementor-element-87b06dd\" data-id=\"87b06dd\" data-element_type=\"column\">\n\t\t\t<div class=\"elementor-widget-wrap elementor-element-populated\">\n\t\t\t\t\t\t\t\t<div class=\"elementor-element elementor-element-ad12271 elementor-widget elementor-widget-heading\" data-id=\"ad12271\" data-element_type=\"widget\" data-widget_type=\"heading.default\">\n\t\t\t\t<div class=\"elementor-widget-container\">\n\t\t\t<h2 class=\"elementor-heading-title elementor-size-default\">remitente recorrente<\/h2>\t\t<\/div>\n\t\t\t\t<\/div>\n\t\t\t\t\t<\/div>\n\t\t<\/div>\n\t\t\t\t<div class=\"elementor-column elementor-col-50 elementor-top-column elementor-element elementor-element-b0a425f\" data-id=\"b0a425f\" data-element_type=\"column\">\n\t\t\t<div class=\"elementor-widget-wrap elementor-element-populated\">\n\t\t\t\t\t\t\t\t<div class=\"elementor-element elementor-element-2f3329a elementor-widget elementor-widget-text-editor\" data-id=\"2f3329a\" data-element_type=\"widget\" data-widget_type=\"text-editor.default\">\n\t\t\t\t<div class=\"elementor-widget-container\">\n\t\t\t\t\t\t\t\t<div class=\"elementor-element elementor-element-77e7edc elementor-widget elementor-widget-text-editor\" data-ide=\"77e7edc\" data-element_type=\"widget\" data-widget_type=\"text-editor.default\"><div class=\"elementor-widget-container\"><p>\u00c9 o tipo m\u00e1is frecuente de Esclerose M\u00faltiple e <strong>afecta a m\u00e1is do 80% das persoas<\/strong> que ten a enfermidade. Na EM remitente-recorrente (EMRR) <strong>os s\u00edntomas ocorren en forma de brotes <\/strong>que aparecen durante un per\u00edodo de tempo m\u00ednimo de 24 horas e se poden alargar durante d\u00edas, semanas ou mesmo meses, logo melloran parcial ou totalmente. Nalgunha ocasi\u00f3n, os brotes poden deixar secuelas neurol\u00f3gicas.<\/p><\/div><\/div>\t\t\t\t\t\t<\/div>\n\t\t\t\t<\/div>\n\t\t\t\t\t<\/div>\n\t\t<\/div>\n\t\t\t\t\t\t\t<\/div>\n\t\t<\/section>\n\t\t\t\t<section class=\"elementor-section elementor-top-section elementor-element elementor-element-8a4a085 elementor-section-boxed elementor-section-height-default elementor-section-height-default\" data-id=\"8a4a085\" data-element_type=\"section\" data-settings=\"{&quot;background_background&quot;:&quot;classic&quot;}\">\n\t\t\t\t\t\t<div class=\"elementor-container elementor-column-gap-default\">\n\t\t\t\t\t<div class=\"elementor-column elementor-col-50 elementor-top-column elementor-element elementor-element-fab3439\" data-id=\"fab3439\" data-element_type=\"column\">\n\t\t\t<div class=\"elementor-widget-wrap elementor-element-populated\">\n\t\t\t\t\t\t\t\t<div class=\"elementor-element elementor-element-22d9cf0 elementor-hidden-desktop elementor-widget elementor-widget-heading\" data-id=\"22d9cf0\" data-element_type=\"widget\" data-widget_type=\"heading.default\">\n\t\t\t\t<div class=\"elementor-widget-container\">\n\t\t\t<h2 class=\"elementor-heading-title elementor-size-default\">primaria<br>progresiva<\/h2>\t\t<\/div>\n\t\t\t\t<\/div>\n\t\t\t\t<div class=\"elementor-element elementor-element-4167185 elementor-widget elementor-widget-text-editor\" data-id=\"4167185\" data-element_type=\"widget\" data-widget_type=\"text-editor.default\">\n\t\t\t\t<div class=\"elementor-widget-container\">\n\t\t\t\t\t\t\t\t<div class=\"elementor-element elementor-element-77e7edc elementor-widget elementor-widget-text-editor\" data-ide=\"77e7edc\" data-element_type=\"widget\" data-widget_type=\"text-editor.default\">\n<div class=\"elementor-widget-container\">\n\nA Esclerose M\u00faltiple Primaria Progresiva (EMPP) \u00e9 un tipo pouco frecuente de EM que<strong> afecta a entre un 10 e un 15% dos pacientes<\/strong> diagnosticados. Caracter\u00edzase pola <strong>ausencia de brotes definidos <\/strong>(ao contrario que a forma remitente-recorrente), pero hai un <strong>comezo lento e un empeoramento constante<\/strong> dos s\u00edntomas sen un per\u00edodo intermedio de remisi\u00f3n.\n\nNo caso das persoas con este tipo de Esclerose M\u00faltiple, as alteraci\u00f3ns permanecen e progresan. Isto non impide que nalg\u00fans per\u00edodos a enfermidade estabil\u00edcese, mesmo, que a persoa experimente algunha mellor\u00eda, pero a tendencia xeral \u00e9 cara \u00e1 progresi\u00f3n.\n\n<\/div>\n<\/div>\t\t\t\t\t\t<\/div>\n\t\t\t\t<\/div>\n\t\t\t\t\t<\/div>\n\t\t<\/div>\n\t\t\t\t<div class=\"elementor-column elementor-col-50 elementor-top-column elementor-element elementor-element-fda0b89\" data-id=\"fda0b89\" data-element_type=\"column\">\n\t\t\t<div class=\"elementor-widget-wrap elementor-element-populated\">\n\t\t\t\t\t\t\t\t<div class=\"elementor-element elementor-element-9b22e8a elementor-hidden-tablet elementor-hidden-phone elementor-widget elementor-widget-heading\" data-id=\"9b22e8a\" data-element_type=\"widget\" data-widget_type=\"heading.default\">\n\t\t\t\t<div class=\"elementor-widget-container\">\n\t\t\t<h2 class=\"elementor-heading-title elementor-size-default\">primaria<br>progresiva<\/h2>\t\t<\/div>\n\t\t\t\t<\/div>\n\t\t\t\t\t<\/div>\n\t\t<\/div>\n\t\t\t\t\t\t\t<\/div>\n\t\t<\/section>\n\t\t\t\t<section class=\"elementor-section elementor-top-section elementor-element elementor-element-44ecf41 elementor-section-boxed elementor-section-height-default elementor-section-height-default\" data-id=\"44ecf41\" data-element_type=\"section\" data-settings=\"{&quot;background_background&quot;:&quot;classic&quot;}\">\n\t\t\t\t\t\t<div class=\"elementor-container elementor-column-gap-default\">\n\t\t\t\t\t<div class=\"elementor-column elementor-col-50 elementor-top-column elementor-element elementor-element-25b95d2\" data-id=\"25b95d2\" data-element_type=\"column\">\n\t\t\t<div class=\"elementor-widget-wrap\">\n\t\t\t\t\t\t\t\t\t<\/div>\n\t\t<\/div>\n\t\t\t\t<div class=\"elementor-column elementor-col-50 elementor-top-column elementor-element elementor-element-57d673e\" data-id=\"57d673e\" data-element_type=\"column\">\n\t\t\t<div class=\"elementor-widget-wrap elementor-element-populated\">\n\t\t\t\t\t\t\t\t<div class=\"elementor-element elementor-element-c4722e2 elementor-widget elementor-widget-heading\" data-id=\"c4722e2\" data-element_type=\"widget\" data-widget_type=\"heading.default\">\n\t\t\t\t<div class=\"elementor-widget-container\">\n\t\t\t<h2 class=\"elementor-heading-title elementor-size-default\">secundaria progresiva<\/h2>\t\t<\/div>\n\t\t\t\t<\/div>\n\t\t\t\t<div class=\"elementor-element elementor-element-27c8e29 elementor-widget elementor-widget-text-editor\" data-id=\"27c8e29\" data-element_type=\"widget\" data-widget_type=\"text-editor.default\">\n\t\t\t\t<div class=\"elementor-widget-container\">\n\t\t\t\t\t\t\t\t<div class=\"elementor-element elementor-element-77e7edc elementor-widget elementor-widget-text-editor\" data-ide=\"77e7edc\" data-element_type=\"widget\" data-widget_type=\"text-editor.default\">\n<div class=\"elementor-widget-container\">\n\nA Esclerose M\u00faltiple Secundaria Progresiva alc\u00e1nzase cando <strong>o grao de discapacidade persiste e\/ou empeora entre brotes<\/strong>. Este tipo de Esclerose M\u00faltiple pode aparecer despois dunha fase remitente-recorrente do proceso e consid\u00e9rase unha forma avanzada da EM. Entre un 30 e un 50% dos pacientes que sofren inicialmente a forma remitente-recorrente da EM, desenvolven a forma secundaria progresiva. Isto d\u00e1se tras un per\u00edodo de tempo que <strong>depende da idade de inicio<\/strong> e que adoita ocorrer <strong>entre os 35 e os 45 anos<\/strong>. A EM secundaria progresiva caracter\u00edzase por unha progresi\u00f3n continua con ou sen recidivas ocasionais, remisi\u00f3ns pouco importantes e fases de estabilidade.\n\n<\/div>\n<\/div>\t\t\t\t\t\t<\/div>\n\t\t\t\t<\/div>\n\t\t\t\t\t<\/div>\n\t\t<\/div>\n\t\t\t\t\t\t\t<\/div>\n\t\t<\/section>\n\t\t\t\t<section class=\"elementor-section elementor-top-section elementor-element elementor-element-f690e1d elementor-section-boxed elementor-section-height-default elementor-section-height-default\" data-id=\"f690e1d\" data-element_type=\"section\" data-settings=\"{&quot;background_background&quot;:&quot;classic&quot;}\">\n\t\t\t\t\t\t<div class=\"elementor-container elementor-column-gap-default\">\n\t\t\t\t\t<div class=\"elementor-column elementor-col-50 elementor-top-column elementor-element elementor-element-2c78e13\" data-id=\"2c78e13\" data-element_type=\"column\">\n\t\t\t<div class=\"elementor-widget-wrap elementor-element-populated\">\n\t\t\t\t\t\t\t\t<div class=\"elementor-element elementor-element-2b764ed elementor-hidden-desktop elementor-widget elementor-widget-heading\" data-id=\"2b764ed\" data-element_type=\"widget\" data-widget_type=\"heading.default\">\n\t\t\t\t<div class=\"elementor-widget-container\">\n\t\t\t<h2 class=\"elementor-heading-title elementor-size-default\">progresiva recidivante (EMPR)<\/h2>\t\t<\/div>\n\t\t\t\t<\/div>\n\t\t\t\t<div class=\"elementor-element elementor-element-4cf9e97 elementor-widget elementor-widget-text-editor\" data-id=\"4cf9e97\" data-element_type=\"widget\" data-widget_type=\"text-editor.default\">\n\t\t\t\t<div class=\"elementor-widget-container\">\n\t\t\t\t\t\t\t\t<div class=\"elementor-element elementor-element-77e7edc elementor-widget elementor-widget-text-editor\" data-ide=\"77e7edc\" data-element_type=\"widget\" data-widget_type=\"text-editor.default\">\n<div class=\"elementor-widget-container\">\n\n\u00c9 a forma menos com\u00fan, d\u00e1ndose nun 5% dos casos. Caracter\u00edzase por unha progresi\u00f3n constante e sen remisi\u00f3ns desde o comezo cunha clara superposici\u00f3n de brotes con ou sen recuperaci\u00f3n completa.\n\n<\/div>\n<\/div>\t\t\t\t\t\t<\/div>\n\t\t\t\t<\/div>\n\t\t\t\t\t<\/div>\n\t\t<\/div>\n\t\t\t\t<div class=\"elementor-column elementor-col-50 elementor-top-column elementor-element elementor-element-bc04e4c\" data-id=\"bc04e4c\" data-element_type=\"column\">\n\t\t\t<div class=\"elementor-widget-wrap elementor-element-populated\">\n\t\t\t\t\t\t\t\t<div class=\"elementor-element elementor-element-68c221c elementor-hidden-tablet elementor-hidden-phone elementor-widget elementor-widget-heading\" data-id=\"68c221c\" data-element_type=\"widget\" data-widget_type=\"heading.default\">\n\t\t\t\t<div class=\"elementor-widget-container\">\n\t\t\t<h2 class=\"elementor-heading-title elementor-size-default\">progresiva recidivante (EMPR)<\/h2>\t\t<\/div>\n\t\t\t\t<\/div>\n\t\t\t\t\t<\/div>\n\t\t<\/div>\n\t\t\t\t\t\t\t<\/div>\n\t\t<\/section>\n\t\t\t\t<section class=\"elementor-section elementor-top-section elementor-element elementor-element-2a397d7 elementor-section-boxed elementor-section-height-default elementor-section-height-default\" data-id=\"2a397d7\" data-element_type=\"section\" data-settings=\"{&quot;background_background&quot;:&quot;classic&quot;}\">\n\t\t\t\t\t\t<div class=\"elementor-container elementor-column-gap-default\">\n\t\t\t\t\t<div class=\"elementor-column elementor-col-100 elementor-top-column elementor-element elementor-element-8434ead\" data-id=\"8434ead\" data-element_type=\"column\">\n\t\t\t<div class=\"elementor-widget-wrap elementor-element-populated\">\n\t\t\t\t\t\t\t\t<div class=\"elementor-element elementor-element-bca4536 elementor-widget elementor-widget-text-editor\" data-id=\"bca4536\" data-element_type=\"widget\" data-widget_type=\"text-editor.default\">\n\t\t\t\t<div class=\"elementor-widget-container\">\n\t\t\t\t\t\t\t\t<div class=\"elementor-element elementor-element-77e7edc elementor-widget elementor-widget-text-editor\" data-ide=\"77e7edc\" data-element_type=\"widget\" data-widget_type=\"text-editor.default\"><div class=\"elementor-widget-container\"><h5>Calc\u00falase que en Espa\u00f1a existen 47.000 persoas afectadas de EM, 700.000 en Europa e m\u00e1is de 2.500.000 no mundo.<\/h5><h5><strong>Actualmente <\/strong><strong>desco\u00f1\u00e9cese a causa da Esclerose M\u00faltiple<\/strong><strong>, polo que a\u00ednda non existe unha cura para a enfermidade, pero si existen varios <\/strong><strong>tratamentos farmacol\u00f3xicos que poden modificar o curso<\/strong><strong> da mesma e que melloran substancialmente a calidade de vida das persoas afectadas<\/strong><\/h5><\/div><\/div>\t\t\t\t\t\t<\/div>\n\t\t\t\t<\/div>\n\t\t\t\t\t<\/div>\n\t\t<\/div>\n\t\t\t\t\t\t\t<\/div>\n\t\t<\/section>\n\t\t\t\t\t\t<\/div>\n\t\t\t\t\t<\/div>\n\t\t","protected":false},"excerpt":{"rendered":"<p>esclerose m\u00faltiple A esclerose m\u00faltiple \u00e9 unha enfermidade cr\u00f3nica do Sistema Nervioso Central (SNC), que afecta, de maneira intermitente, \u00e1 sustancia branca (mielina) de medula espinal e ao cerebro. Nos lugares afectados alt\u00e9rase a vaina de mielina que recubre os nervios. Como consecuencia disto atr\u00e1sase ou se interrompe a comunicaci\u00f3n nerviosa, xa que a mielina [&hellip;]<\/p>\n","protected":false},"author":1,"featured_media":0,"parent":0,"menu_order":0,"comment_status":"closed","ping_status":"closed","template":"elementor_header_footer","meta":{"footnotes":""},"class_list":["post-1093","page","type-page","status-publish","hentry"],"yoast_head":"<!-- This site is optimized with the Yoast SEO plugin v17.9 - https:\/\/yoast.com\/wordpress\/plugins\/seo\/ -->\n<title>Esclerose - ACEM Esclerosis<\/title>\n<meta name=\"robots\" content=\"index, follow, max-snippet:-1, max-image-preview:large, max-video-preview:-1\" \/>\n<link rel=\"canonical\" href=\"https:\/\/acemesclerosis.org\/?page_id=1093&#038;lang=gl\" \/>\n<meta property=\"og:locale\" content=\"es_ES\" \/>\n<meta property=\"og:type\" content=\"article\" \/>\n<meta property=\"og:title\" content=\"Esclerose - ACEM Esclerosis\" \/>\n<meta property=\"og:description\" content=\"esclerose m\u00faltiple A esclerose m\u00faltiple \u00e9 unha enfermidade cr\u00f3nica do Sistema Nervioso Central (SNC), que afecta, de maneira intermitente, \u00e1 sustancia branca (mielina) de medula espinal e ao cerebro. Nos lugares afectados alt\u00e9rase a vaina de mielina que recubre os nervios. Como consecuencia disto atr\u00e1sase ou se interrompe a comunicaci\u00f3n nerviosa, xa que a mielina [&hellip;]\" \/>\n<meta property=\"og:url\" content=\"https:\/\/acemesclerosis.org\/?page_id=1093&amp;lang=gl\" \/>\n<meta property=\"og:site_name\" content=\"ACEM Esclerosis\" \/>\n<meta property=\"article:modified_time\" content=\"2025-04-16T09:33:27+00:00\" \/>\n<meta name=\"twitter:card\" content=\"summary_large_image\" \/>\n<meta name=\"twitter:label1\" content=\"Tiempo de lectura\" \/>\n\t<meta name=\"twitter:data1\" content=\"3 minutos\" \/>\n<script type=\"application\/ld+json\" class=\"yoast-schema-graph\">{\"@context\":\"https:\/\/schema.org\",\"@graph\":[{\"@type\":\"Organization\",\"@id\":\"https:\/\/192.168.1.117:8086\/#organization\",\"name\":\"Acem Esclerosis\",\"url\":\"https:\/\/192.168.1.117:8086\/\",\"sameAs\":[],\"logo\":{\"@type\":\"ImageObject\",\"@id\":\"https:\/\/192.168.1.117:8086\/#logo\",\"inLanguage\":\"es\",\"url\":\"https:\/\/acemesclerosis.org\/wp-content\/uploads\/2021\/09\/WhatsApp-Image-2021-09-27-at-14.06.43.jpeg\",\"contentUrl\":\"https:\/\/acemesclerosis.org\/wp-content\/uploads\/2021\/09\/WhatsApp-Image-2021-09-27-at-14.06.43.jpeg\",\"width\":1600,\"height\":592,\"caption\":\"Acem Esclerosis\"},\"image\":{\"@id\":\"https:\/\/192.168.1.117:8086\/#logo\"}},{\"@type\":\"WebSite\",\"@id\":\"https:\/\/192.168.1.117:8086\/#website\",\"url\":\"https:\/\/192.168.1.117:8086\/\",\"name\":\"ACEM Esclerosis\",\"description\":\"Asociaci\\u00f3n Coru\\u00f1esa de Esclerosis M\\u00faltiple\",\"publisher\":{\"@id\":\"https:\/\/192.168.1.117:8086\/#organization\"},\"potentialAction\":[{\"@type\":\"SearchAction\",\"target\":{\"@type\":\"EntryPoint\",\"urlTemplate\":\"https:\/\/192.168.1.117:8086\/?s={search_term_string}\"},\"query-input\":\"required name=search_term_string\"}],\"inLanguage\":\"es\"},{\"@type\":\"WebPage\",\"@id\":\"https:\/\/acemesclerosis.org\/?page_id=1093&lang=gl#webpage\",\"url\":\"https:\/\/acemesclerosis.org\/?page_id=1093&lang=gl\",\"name\":\"Esclerose - ACEM Esclerosis\",\"isPartOf\":{\"@id\":\"https:\/\/192.168.1.117:8086\/#website\"},\"datePublished\":\"2021-10-04T15:24:53+00:00\",\"dateModified\":\"2025-04-16T09:33:27+00:00\",\"breadcrumb\":{\"@id\":\"https:\/\/acemesclerosis.org\/?page_id=1093&lang=gl#breadcrumb\"},\"inLanguage\":\"es\",\"potentialAction\":[{\"@type\":\"ReadAction\",\"target\":[\"https:\/\/acemesclerosis.org\/?page_id=1093&lang=gl\"]}]},{\"@type\":\"BreadcrumbList\",\"@id\":\"https:\/\/acemesclerosis.org\/?page_id=1093&lang=gl#breadcrumb\",\"itemListElement\":[{\"@type\":\"ListItem\",\"position\":1,\"name\":\"Portada\",\"item\":\"https:\/\/192.168.1.117:8086\/\"},{\"@type\":\"ListItem\",\"position\":2,\"name\":\"Esclerose\"}]}]}<\/script>\n<!-- \/ Yoast SEO plugin. -->","yoast_head_json":{"title":"Esclerose - ACEM Esclerosis","robots":{"index":"index","follow":"follow","max-snippet":"max-snippet:-1","max-image-preview":"max-image-preview:large","max-video-preview":"max-video-preview:-1"},"canonical":"https:\/\/acemesclerosis.org\/?page_id=1093&lang=gl","og_locale":"es_ES","og_type":"article","og_title":"Esclerose - ACEM Esclerosis","og_description":"esclerose m\u00faltiple A esclerose m\u00faltiple \u00e9 unha enfermidade cr\u00f3nica do Sistema Nervioso Central (SNC), que afecta, de maneira intermitente, \u00e1 sustancia branca (mielina) de medula espinal e ao cerebro. Nos lugares afectados alt\u00e9rase a vaina de mielina que recubre os nervios. Como consecuencia disto atr\u00e1sase ou se interrompe a comunicaci\u00f3n nerviosa, xa que a mielina [&hellip;]","og_url":"https:\/\/acemesclerosis.org\/?page_id=1093&lang=gl","og_site_name":"ACEM Esclerosis","article_modified_time":"2025-04-16T09:33:27+00:00","twitter_card":"summary_large_image","twitter_misc":{"Tiempo de lectura":"3 minutos"},"schema":{"@context":"https:\/\/schema.org","@graph":[{"@type":"Organization","@id":"https:\/\/192.168.1.117:8086\/#organization","name":"Acem Esclerosis","url":"https:\/\/192.168.1.117:8086\/","sameAs":[],"logo":{"@type":"ImageObject","@id":"https:\/\/192.168.1.117:8086\/#logo","inLanguage":"es","url":"https:\/\/acemesclerosis.org\/wp-content\/uploads\/2021\/09\/WhatsApp-Image-2021-09-27-at-14.06.43.jpeg","contentUrl":"https:\/\/acemesclerosis.org\/wp-content\/uploads\/2021\/09\/WhatsApp-Image-2021-09-27-at-14.06.43.jpeg","width":1600,"height":592,"caption":"Acem Esclerosis"},"image":{"@id":"https:\/\/192.168.1.117:8086\/#logo"}},{"@type":"WebSite","@id":"https:\/\/192.168.1.117:8086\/#website","url":"https:\/\/192.168.1.117:8086\/","name":"ACEM Esclerosis","description":"Asociaci\u00f3n Coru\u00f1esa de Esclerosis M\u00faltiple","publisher":{"@id":"https:\/\/192.168.1.117:8086\/#organization"},"potentialAction":[{"@type":"SearchAction","target":{"@type":"EntryPoint","urlTemplate":"https:\/\/192.168.1.117:8086\/?s={search_term_string}"},"query-input":"required name=search_term_string"}],"inLanguage":"es"},{"@type":"WebPage","@id":"https:\/\/acemesclerosis.org\/?page_id=1093&lang=gl#webpage","url":"https:\/\/acemesclerosis.org\/?page_id=1093&lang=gl","name":"Esclerose - ACEM Esclerosis","isPartOf":{"@id":"https:\/\/192.168.1.117:8086\/#website"},"datePublished":"2021-10-04T15:24:53+00:00","dateModified":"2025-04-16T09:33:27+00:00","breadcrumb":{"@id":"https:\/\/acemesclerosis.org\/?page_id=1093&lang=gl#breadcrumb"},"inLanguage":"es","potentialAction":[{"@type":"ReadAction","target":["https:\/\/acemesclerosis.org\/?page_id=1093&lang=gl"]}]},{"@type":"BreadcrumbList","@id":"https:\/\/acemesclerosis.org\/?page_id=1093&lang=gl#breadcrumb","itemListElement":[{"@type":"ListItem","position":1,"name":"Portada","item":"https:\/\/192.168.1.117:8086\/"},{"@type":"ListItem","position":2,"name":"Esclerose"}]}]}},"_links":{"self":[{"href":"https:\/\/acemesclerosis.org\/index.php?rest_route=\/wp\/v2\/pages\/1093","targetHints":{"allow":["GET"]}}],"collection":[{"href":"https:\/\/acemesclerosis.org\/index.php?rest_route=\/wp\/v2\/pages"}],"about":[{"href":"https:\/\/acemesclerosis.org\/index.php?rest_route=\/wp\/v2\/types\/page"}],"author":[{"embeddable":true,"href":"https:\/\/acemesclerosis.org\/index.php?rest_route=\/wp\/v2\/users\/1"}],"replies":[{"embeddable":true,"href":"https:\/\/acemesclerosis.org\/index.php?rest_route=%2Fwp%2Fv2%2Fcomments&post=1093"}],"version-history":[{"count":16,"href":"https:\/\/acemesclerosis.org\/index.php?rest_route=\/wp\/v2\/pages\/1093\/revisions"}],"predecessor-version":[{"id":4736,"href":"https:\/\/acemesclerosis.org\/index.php?rest_route=\/wp\/v2\/pages\/1093\/revisions\/4736"}],"wp:attachment":[{"href":"https:\/\/acemesclerosis.org\/index.php?rest_route=%2Fwp%2Fv2%2Fmedia&parent=1093"}],"curies":[{"name":"wp","href":"https:\/\/api.w.org\/{rel}","templated":true}]}}