{"id":1562,"date":"2022-09-19T15:46:08","date_gmt":"2022-09-19T15:46:08","guid":{"rendered":"https:\/\/acemesclerosis.org\/?page_id=1562"},"modified":"2022-09-19T15:46:08","modified_gmt":"2022-09-19T15:46:08","slug":"proteccion-de-datos","status":"publish","type":"page","link":"https:\/\/acemesclerosis.org\/?page_id=1562","title":{"rendered":"Protecci\u00f3n de datos"},"content":{"rendered":"\n<p><strong>Protecci\u00f3n de Datos<\/strong><\/p>\n\n\n\n<p>La plataforma web, y en extensi\u00f3n la ASOCIACI\u00d3N DE ESCLEROSOIS ., podr\u00e1 tratar los datos puestos a su disposici\u00f3n por los usuario de la presente plataforma a trav\u00e9s del envi\u00f3 mediante el formulario de contacto.<\/p>\n\n\n\n<p>Responsable del Fichero<\/p>\n\n\n\n<p>El responsable del tratamiento de los datos facilitados ser\u00e1 ASOCIACI\u00d3N CORU\u00d1ESA DE ESCLEROSIS MULTIPLE (En adelante ACEM, cuyos datos de contacto a estos efectos ser\u00e1n:<\/p>\n\n\n\n<p>Nombre: ASOCIACI\u00d3N CORU\u00d1ESA DE ESCLEROSIS MULTIPLE<\/p>\n\n\n\n<p>C\u00f3digo de Identificaci\u00f3n Fiscal: G15510266<\/p>\n\n\n\n<p>Direcci\u00f3n: Centro C\u00edvico San Diego; C\/ Alberto Garc\u00eda Ferreiro s\/n; 15006 La Coru\u00f1a<\/p>\n\n\n\n<p>Direcci\u00f3n de correo electr\u00f3nico: <a href=\"mailto:acem@acemesclerosis.org\" target=\"_blank\" rel=\"noreferrer noopener\">acem@acemesclerosis.org<\/a><\/p>\n\n\n\n<p>Finalidad del tratamiento<\/p>\n\n\n\n<p>Como ya se indic\u00f3, ACEM, podr\u00e1 tratar los datos de car\u00e1cter personal que el usuario\/cliente facilite mediante el formulario de contacto o bien durante la iniciaci\u00f3n presencial de la contrataci\u00f3n de los servicios de la empresa. Los datos ser\u00e1n recogidos con la finalidad de:<\/p>\n\n\n\n<ul class=\"wp-block-list\"><li>Gestionar la informaci\u00f3n necesaria en relaci\u00f3n con el usuario en temas relacionados con la asociaci\u00f3n, dentro de los que se comprenden: Servicios de actividades, servicios externos facilitados por la asociaci\u00f3n, gesti\u00f3n de asociados, etc. Siendo fijados por la propia asociaci\u00f3n para la correcta llevanza de la participaci\u00f3n de los asociados en la vida de esta.<\/li><\/ul>\n\n\n\n<p>Se entiende que dentro de esta gesti\u00f3n de informaci\u00f3n se encuentran englobadas todas aquellas comunicaciones entre el centro y el usuario.<\/p>\n\n\n\n<p>&#8211; Los datos cedidos para el correcto tratamiento de estos tendr\u00e1n un car\u00e1cter temporal, limitado a la fecha de finalizaci\u00f3n del servicio o suministro solicitado, y los plazos legalmente previstos de conservaci\u00f3n, transcurridos los cuales se proceder\u00e1 a la eliminaci\u00f3n. Se\u00f1alar que el tiempo de almacenamiento por motivos legales no representar\u00e1 la posibilidad de emplear los datos sino su mera conservaci\u00f3n.<\/p>\n\n\n\n<p>Legitimaci\u00f3n para el tratamiento de los datos de car\u00e1cter personal<\/p>\n\n\n\n<p>ACEM se encuentra legitimada para el tratamiento de los datos de car\u00e1cter personal puestos a su disposici\u00f3n por el usuario con la finalidad anteriormente indicada para la llevanza de la prestaci\u00f3n de servicios. Se hace totalmente necesaria la transmisi\u00f3n de estos datos para el inicio de la actividad, informando al usuario que de no estar de acuerdo con la misma no podr\u00e1 acceder a los servicios ofertados.<\/p>\n\n\n\n<p>Destinatarios de los datos de car\u00e1cter personal<\/p>\n\n\n\n<p>En ning\u00fan momento los datos ser\u00e1n cedidos a terceros, salvo imposici\u00f3n legal, siendo tratados de forma \u00fanica y exclusiva por .<\/p>\n\n\n\n<p>Derechos de los usuarios<\/p>\n\n\n\n<p>Se indica al usuario\/cliente que una vez hayan sido cedidos los datos reflejados a trav\u00e9s de la aceptaci\u00f3n en el env\u00edo del formulario y posterior proceso, podr\u00e1 ejercitar los debidos derechos estipulados tanto en la Ley Org\u00e1nica 3\/2018, de 5 de diciembre, de Protecci\u00f3n de Datos Personales y garant\u00eda de los derechos digitales como en el REGLAMENTO (UE) 2016\/679 DEL PARLAMENTO EUROPEO Y DEL CONSEJO, a saber:<\/p>\n\n\n\n<ul class=\"wp-block-list\"><li>Derecho de Acceso<\/li><li>Derecho de Rectificaci\u00f3n<\/li><li>Derecho de Cancelaci\u00f3n<\/li><li>Derecho de Oposici\u00f3n<\/li><\/ul>\n\n\n\n<ul class=\"wp-block-list\"><li>Derecho de Transparencia<\/li><li>Derecho de Supresi\u00f3n<\/li><li>Derecho de Portabilidad; y<\/li><li>Derecho de Limitaci\u00f3n<\/li><\/ul>\n\n\n\n<p>Todos ellos podr\u00e1n ser ejercidos ante el responsable del tratamiento de los datos cedidos, identificado en la parte superior, apartado de responsable del fichero. Se\u00f1alar, que, de no ser respetados sus derechos, tras la debida manifestaci\u00f3n de estos ante el responsable antes comentado, podr\u00e1 dirigirse en reclamo de los mismos a la autoridad competente en Espa\u00f1a, la Agencia Espa\u00f1ola de Protecci\u00f3n de Datos.<\/p>\n","protected":false},"excerpt":{"rendered":"<p>Protecci\u00f3n de Datos La plataforma web, y en extensi\u00f3n la ASOCIACI\u00d3N DE ESCLEROSOIS ., podr\u00e1 tratar los datos puestos a su disposici\u00f3n por los usuario de la presente plataforma a trav\u00e9s del envi\u00f3 mediante el formulario de contacto. Responsable del Fichero El responsable del tratamiento de los datos facilitados ser\u00e1 ASOCIACI\u00d3N CORU\u00d1ESA DE ESCLEROSIS MULTIPLE [&hellip;]<\/p>\n","protected":false},"author":1,"featured_media":0,"parent":0,"menu_order":0,"comment_status":"closed","ping_status":"closed","template":"","meta":{"footnotes":""},"class_list":["post-1562","page","type-page","status-publish","hentry"],"yoast_head":"<!-- This site is optimized with the Yoast SEO plugin v17.9 - https:\/\/yoast.com\/wordpress\/plugins\/seo\/ -->\n<title>Protecci\u00f3n de datos - ACEM Esclerosis<\/title>\n<meta name=\"robots\" content=\"index, follow, max-snippet:-1, max-image-preview:large, max-video-preview:-1\" \/>\n<link rel=\"canonical\" href=\"https:\/\/acemesclerosis.org\/?page_id=1562\" \/>\n<meta property=\"og:locale\" content=\"es_ES\" \/>\n<meta property=\"og:type\" content=\"article\" \/>\n<meta property=\"og:title\" content=\"Protecci\u00f3n de datos - ACEM Esclerosis\" \/>\n<meta property=\"og:description\" content=\"Protecci\u00f3n de Datos La plataforma web, y en extensi\u00f3n la ASOCIACI\u00d3N DE ESCLEROSOIS ., podr\u00e1 tratar los datos puestos a su disposici\u00f3n por los usuario de la presente plataforma a trav\u00e9s del envi\u00f3 mediante el formulario de contacto. Responsable del Fichero El responsable del tratamiento de los datos facilitados ser\u00e1 ASOCIACI\u00d3N CORU\u00d1ESA DE ESCLEROSIS MULTIPLE [&hellip;]\" \/>\n<meta property=\"og:url\" content=\"https:\/\/acemesclerosis.org\/?page_id=1562\" \/>\n<meta property=\"og:site_name\" content=\"ACEM Esclerosis\" \/>\n<meta name=\"twitter:card\" content=\"summary_large_image\" \/>\n<meta name=\"twitter:label1\" content=\"Tiempo de lectura\" \/>\n\t<meta name=\"twitter:data1\" content=\"3 minutos\" \/>\n<script type=\"application\/ld+json\" class=\"yoast-schema-graph\">{\"@context\":\"https:\/\/schema.org\",\"@graph\":[{\"@type\":\"Organization\",\"@id\":\"https:\/\/192.168.1.117:8086\/#organization\",\"name\":\"Acem Esclerosis\",\"url\":\"https:\/\/192.168.1.117:8086\/\",\"sameAs\":[],\"logo\":{\"@type\":\"ImageObject\",\"@id\":\"https:\/\/192.168.1.117:8086\/#logo\",\"inLanguage\":\"es\",\"url\":\"https:\/\/acemesclerosis.org\/wp-content\/uploads\/2021\/09\/WhatsApp-Image-2021-09-27-at-14.06.43.jpeg\",\"contentUrl\":\"https:\/\/acemesclerosis.org\/wp-content\/uploads\/2021\/09\/WhatsApp-Image-2021-09-27-at-14.06.43.jpeg\",\"width\":1600,\"height\":592,\"caption\":\"Acem Esclerosis\"},\"image\":{\"@id\":\"https:\/\/192.168.1.117:8086\/#logo\"}},{\"@type\":\"WebSite\",\"@id\":\"https:\/\/192.168.1.117:8086\/#website\",\"url\":\"https:\/\/192.168.1.117:8086\/\",\"name\":\"ACEM Esclerosis\",\"description\":\"Asociaci\\u00f3n Coru\\u00f1esa de Esclerosis M\\u00faltiple\",\"publisher\":{\"@id\":\"https:\/\/192.168.1.117:8086\/#organization\"},\"potentialAction\":[{\"@type\":\"SearchAction\",\"target\":{\"@type\":\"EntryPoint\",\"urlTemplate\":\"https:\/\/192.168.1.117:8086\/?s={search_term_string}\"},\"query-input\":\"required name=search_term_string\"}],\"inLanguage\":\"es\"},{\"@type\":\"WebPage\",\"@id\":\"https:\/\/acemesclerosis.org\/?page_id=1562#webpage\",\"url\":\"https:\/\/acemesclerosis.org\/?page_id=1562\",\"name\":\"Protecci\\u00f3n de datos - ACEM Esclerosis\",\"isPartOf\":{\"@id\":\"https:\/\/192.168.1.117:8086\/#website\"},\"datePublished\":\"2022-09-19T15:46:08+00:00\",\"dateModified\":\"2022-09-19T15:46:08+00:00\",\"breadcrumb\":{\"@id\":\"https:\/\/acemesclerosis.org\/?page_id=1562#breadcrumb\"},\"inLanguage\":\"es\",\"potentialAction\":[{\"@type\":\"ReadAction\",\"target\":[\"https:\/\/acemesclerosis.org\/?page_id=1562\"]}]},{\"@type\":\"BreadcrumbList\",\"@id\":\"https:\/\/acemesclerosis.org\/?page_id=1562#breadcrumb\",\"itemListElement\":[{\"@type\":\"ListItem\",\"position\":1,\"name\":\"Portada\",\"item\":\"https:\/\/acemesclerosis.org\/\"},{\"@type\":\"ListItem\",\"position\":2,\"name\":\"Protecci\\u00f3n de datos\"}]}]}<\/script>\n<!-- \/ Yoast SEO plugin. -->","yoast_head_json":{"title":"Protecci\u00f3n de datos - ACEM Esclerosis","robots":{"index":"index","follow":"follow","max-snippet":"max-snippet:-1","max-image-preview":"max-image-preview:large","max-video-preview":"max-video-preview:-1"},"canonical":"https:\/\/acemesclerosis.org\/?page_id=1562","og_locale":"es_ES","og_type":"article","og_title":"Protecci\u00f3n de datos - ACEM Esclerosis","og_description":"Protecci\u00f3n de Datos La plataforma web, y en extensi\u00f3n la ASOCIACI\u00d3N DE ESCLEROSOIS ., podr\u00e1 tratar los datos puestos a su disposici\u00f3n por los usuario de la presente plataforma a trav\u00e9s del envi\u00f3 mediante el formulario de contacto. Responsable del Fichero El responsable del tratamiento de los datos facilitados ser\u00e1 ASOCIACI\u00d3N CORU\u00d1ESA DE ESCLEROSIS MULTIPLE [&hellip;]","og_url":"https:\/\/acemesclerosis.org\/?page_id=1562","og_site_name":"ACEM Esclerosis","twitter_card":"summary_large_image","twitter_misc":{"Tiempo de lectura":"3 minutos"},"schema":{"@context":"https:\/\/schema.org","@graph":[{"@type":"Organization","@id":"https:\/\/192.168.1.117:8086\/#organization","name":"Acem Esclerosis","url":"https:\/\/192.168.1.117:8086\/","sameAs":[],"logo":{"@type":"ImageObject","@id":"https:\/\/192.168.1.117:8086\/#logo","inLanguage":"es","url":"https:\/\/acemesclerosis.org\/wp-content\/uploads\/2021\/09\/WhatsApp-Image-2021-09-27-at-14.06.43.jpeg","contentUrl":"https:\/\/acemesclerosis.org\/wp-content\/uploads\/2021\/09\/WhatsApp-Image-2021-09-27-at-14.06.43.jpeg","width":1600,"height":592,"caption":"Acem Esclerosis"},"image":{"@id":"https:\/\/192.168.1.117:8086\/#logo"}},{"@type":"WebSite","@id":"https:\/\/192.168.1.117:8086\/#website","url":"https:\/\/192.168.1.117:8086\/","name":"ACEM Esclerosis","description":"Asociaci\u00f3n Coru\u00f1esa de Esclerosis M\u00faltiple","publisher":{"@id":"https:\/\/192.168.1.117:8086\/#organization"},"potentialAction":[{"@type":"SearchAction","target":{"@type":"EntryPoint","urlTemplate":"https:\/\/192.168.1.117:8086\/?s={search_term_string}"},"query-input":"required name=search_term_string"}],"inLanguage":"es"},{"@type":"WebPage","@id":"https:\/\/acemesclerosis.org\/?page_id=1562#webpage","url":"https:\/\/acemesclerosis.org\/?page_id=1562","name":"Protecci\u00f3n de datos - ACEM Esclerosis","isPartOf":{"@id":"https:\/\/192.168.1.117:8086\/#website"},"datePublished":"2022-09-19T15:46:08+00:00","dateModified":"2022-09-19T15:46:08+00:00","breadcrumb":{"@id":"https:\/\/acemesclerosis.org\/?page_id=1562#breadcrumb"},"inLanguage":"es","potentialAction":[{"@type":"ReadAction","target":["https:\/\/acemesclerosis.org\/?page_id=1562"]}]},{"@type":"BreadcrumbList","@id":"https:\/\/acemesclerosis.org\/?page_id=1562#breadcrumb","itemListElement":[{"@type":"ListItem","position":1,"name":"Portada","item":"https:\/\/acemesclerosis.org\/"},{"@type":"ListItem","position":2,"name":"Protecci\u00f3n de datos"}]}]}},"_links":{"self":[{"href":"https:\/\/acemesclerosis.org\/index.php?rest_route=\/wp\/v2\/pages\/1562","targetHints":{"allow":["GET"]}}],"collection":[{"href":"https:\/\/acemesclerosis.org\/index.php?rest_route=\/wp\/v2\/pages"}],"about":[{"href":"https:\/\/acemesclerosis.org\/index.php?rest_route=\/wp\/v2\/types\/page"}],"author":[{"embeddable":true,"href":"https:\/\/acemesclerosis.org\/index.php?rest_route=\/wp\/v2\/users\/1"}],"replies":[{"embeddable":true,"href":"https:\/\/acemesclerosis.org\/index.php?rest_route=%2Fwp%2Fv2%2Fcomments&post=1562"}],"version-history":[{"count":1,"href":"https:\/\/acemesclerosis.org\/index.php?rest_route=\/wp\/v2\/pages\/1562\/revisions"}],"predecessor-version":[{"id":1563,"href":"https:\/\/acemesclerosis.org\/index.php?rest_route=\/wp\/v2\/pages\/1562\/revisions\/1563"}],"wp:attachment":[{"href":"https:\/\/acemesclerosis.org\/index.php?rest_route=%2Fwp%2Fv2%2Fmedia&parent=1562"}],"curies":[{"name":"wp","href":"https:\/\/api.w.org\/{rel}","templated":true}]}}