{"id":1564,"date":"2022-09-19T15:46:57","date_gmt":"2022-09-19T15:46:57","guid":{"rendered":"https:\/\/acemesclerosis.org\/?page_id=1564"},"modified":"2022-09-19T15:46:58","modified_gmt":"2022-09-19T15:46:58","slug":"politica-de-cookies","status":"publish","type":"page","link":"https:\/\/acemesclerosis.org\/?page_id=1564","title":{"rendered":"Pol\u00edtica de cookies"},"content":{"rendered":"\n<p><strong>Pol\u00edtica de Cookies y otras tecnolog\u00edas de almacenamiento<\/strong><\/p>\n\n\n\n<p>Las cookies son peque\u00f1os ficheros de texto que se utilizan para almacenar informaci\u00f3n sobre los navegadores web, como el que actualmente se esta utilizando. Nos permiten almacenar y recibir identificadores e informaci\u00f3n t\u00e9cnica adicional sobre preferencias personales, opciones de b\u00fasqueda, estad\u00edsticas de uso, trasposici\u00f3n a redes sociales, etc.<\/p>\n\n\n\n<p>&#8211; Este sitio web utiliza las siguientes Cookies:<\/p>\n\n\n\n<p>Cookies propias:<\/p>\n\n\n\n<ul class=\"wp-block-list\"><li>Cookies de sesi\u00f3n: las cuales garantizan que los usuarios sean humanos y no aplicaciones <em>bot<\/em>, de car\u00e1cter automatizado, evitando as\u00ed la contaminaci\u00f3n por <em>spam.<\/em><\/li><\/ul>\n\n\n\n<ul class=\"wp-block-list\"><li>Cookies persistentes: las cuales facilitan el acceso tras el primer contacto con la web, cargando con mayor velocidad los elementos a trav\u00e9s de las cookies. Esto nos permite mejorar la experiencia del usuario.<\/li><\/ul>\n\n\n\n<p>Cookies de terceros no dependientes de nuestra web:<\/p>\n\n\n\n<p>&#8211; Google Analytics: Almacena&nbsp;cookies para elaborar estad\u00edsticas sobre el tr\u00e1fico y volumen de visitas de la web. Al utilizar este sitio web usted consiente el tratamiento de informaci\u00f3n de su perfil por Google. Es por ello que, el ejercicio de cualquier derecho en lo referente a este campo deber\u00e1 realizarse mediante comunicaci\u00f3n directa con Google.<\/p>\n\n\n\n<p>&#8211; Redes sociales: Cada red social emplea sus propias&nbsp;cookies. Depende pues de ellas, la responsabilidad sobre las mismas.<\/p>\n\n\n\n<p>Eliminaci\u00f3n o desactivaci\u00f3n de cookies: El usuario podr\u00e1 eliminar o desactivar las cookies del sitio web. Dicha acci\u00f3n se realizar\u00e1 a trav\u00e9s del propio navegador.<\/p>\n\n\n\n<p>Indicaciones vinculantes<\/p>\n\n\n\n<ul class=\"wp-block-list\"><li>Esta plataforma web, al igual que sus representantes legales, no se hace responsables ni del contenido ni de la veracidad de las pol\u00edticas de privacidad que los terceros mencionados tengan a tal efecto.<\/li><li>Ni la plataforma web ni sus representantes legales responder\u00e1n de la manipulaci\u00f3n y gesti\u00f3n de cookies por parte de los navegadores.<\/li><li>Ser\u00e1 necesaria la instalaci\u00f3n de cookies en determinados casos concretos para que el propio navegador no olvide la acci\u00f3n de olvido de las mismas.<\/li><li>Las gestiones, que de las cookies extra\u00eddas por terceros se realicen, mediante el impulso de la presente web, nada tienen que ver con la misma ni con sus representantes legales, recayendo toda la responsabilidad en los terceros actuantes.<\/li><li>En caso de duda sobre la pol\u00edtica de cookies p\u00f3ngase en contacto con el responsable de la web para subsanar o corregir cualquier defecto.<\/li><\/ul>\n","protected":false},"excerpt":{"rendered":"<p>Pol\u00edtica de Cookies y otras tecnolog\u00edas de almacenamiento Las cookies son peque\u00f1os ficheros de texto que se utilizan para almacenar informaci\u00f3n sobre los navegadores web, como el que actualmente se esta utilizando. Nos permiten almacenar y recibir identificadores e informaci\u00f3n t\u00e9cnica adicional sobre preferencias personales, opciones de b\u00fasqueda, estad\u00edsticas de uso, trasposici\u00f3n a redes sociales, [&hellip;]<\/p>\n","protected":false},"author":1,"featured_media":0,"parent":0,"menu_order":0,"comment_status":"closed","ping_status":"closed","template":"","meta":{"footnotes":""},"class_list":["post-1564","page","type-page","status-publish","hentry"],"yoast_head":"<!-- This site is optimized with the Yoast SEO plugin v17.9 - https:\/\/yoast.com\/wordpress\/plugins\/seo\/ -->\n<title>Pol\u00edtica de cookies - ACEM Esclerosis<\/title>\n<meta name=\"robots\" content=\"index, follow, max-snippet:-1, max-image-preview:large, max-video-preview:-1\" \/>\n<link rel=\"canonical\" href=\"https:\/\/acemesclerosis.org\/?page_id=1564\" \/>\n<meta property=\"og:locale\" content=\"es_ES\" \/>\n<meta property=\"og:type\" content=\"article\" \/>\n<meta property=\"og:title\" content=\"Pol\u00edtica de cookies - ACEM Esclerosis\" \/>\n<meta property=\"og:description\" content=\"Pol\u00edtica de Cookies y otras tecnolog\u00edas de almacenamiento Las cookies son peque\u00f1os ficheros de texto que se utilizan para almacenar informaci\u00f3n sobre los navegadores web, como el que actualmente se esta utilizando. Nos permiten almacenar y recibir identificadores e informaci\u00f3n t\u00e9cnica adicional sobre preferencias personales, opciones de b\u00fasqueda, estad\u00edsticas de uso, trasposici\u00f3n a redes sociales, [&hellip;]\" \/>\n<meta property=\"og:url\" content=\"https:\/\/acemesclerosis.org\/?page_id=1564\" \/>\n<meta property=\"og:site_name\" content=\"ACEM Esclerosis\" \/>\n<meta property=\"article:modified_time\" content=\"2022-09-19T15:46:58+00:00\" \/>\n<meta name=\"twitter:card\" content=\"summary_large_image\" \/>\n<meta name=\"twitter:label1\" content=\"Tiempo de lectura\" \/>\n\t<meta name=\"twitter:data1\" content=\"2 minutos\" \/>\n<script type=\"application\/ld+json\" class=\"yoast-schema-graph\">{\"@context\":\"https:\/\/schema.org\",\"@graph\":[{\"@type\":\"Organization\",\"@id\":\"https:\/\/192.168.1.117:8086\/#organization\",\"name\":\"Acem Esclerosis\",\"url\":\"https:\/\/192.168.1.117:8086\/\",\"sameAs\":[],\"logo\":{\"@type\":\"ImageObject\",\"@id\":\"https:\/\/192.168.1.117:8086\/#logo\",\"inLanguage\":\"es\",\"url\":\"https:\/\/acemesclerosis.org\/wp-content\/uploads\/2021\/09\/WhatsApp-Image-2021-09-27-at-14.06.43.jpeg\",\"contentUrl\":\"https:\/\/acemesclerosis.org\/wp-content\/uploads\/2021\/09\/WhatsApp-Image-2021-09-27-at-14.06.43.jpeg\",\"width\":1600,\"height\":592,\"caption\":\"Acem Esclerosis\"},\"image\":{\"@id\":\"https:\/\/192.168.1.117:8086\/#logo\"}},{\"@type\":\"WebSite\",\"@id\":\"https:\/\/192.168.1.117:8086\/#website\",\"url\":\"https:\/\/192.168.1.117:8086\/\",\"name\":\"ACEM Esclerosis\",\"description\":\"Asociaci\\u00f3n Coru\\u00f1esa de Esclerosis M\\u00faltiple\",\"publisher\":{\"@id\":\"https:\/\/192.168.1.117:8086\/#organization\"},\"potentialAction\":[{\"@type\":\"SearchAction\",\"target\":{\"@type\":\"EntryPoint\",\"urlTemplate\":\"https:\/\/192.168.1.117:8086\/?s={search_term_string}\"},\"query-input\":\"required name=search_term_string\"}],\"inLanguage\":\"es\"},{\"@type\":\"WebPage\",\"@id\":\"https:\/\/acemesclerosis.org\/?page_id=1564#webpage\",\"url\":\"https:\/\/acemesclerosis.org\/?page_id=1564\",\"name\":\"Pol\\u00edtica de cookies - ACEM Esclerosis\",\"isPartOf\":{\"@id\":\"https:\/\/192.168.1.117:8086\/#website\"},\"datePublished\":\"2022-09-19T15:46:57+00:00\",\"dateModified\":\"2022-09-19T15:46:58+00:00\",\"breadcrumb\":{\"@id\":\"https:\/\/acemesclerosis.org\/?page_id=1564#breadcrumb\"},\"inLanguage\":\"es\",\"potentialAction\":[{\"@type\":\"ReadAction\",\"target\":[\"https:\/\/acemesclerosis.org\/?page_id=1564\"]}]},{\"@type\":\"BreadcrumbList\",\"@id\":\"https:\/\/acemesclerosis.org\/?page_id=1564#breadcrumb\",\"itemListElement\":[{\"@type\":\"ListItem\",\"position\":1,\"name\":\"Portada\",\"item\":\"https:\/\/192.168.1.117:8086\/\"},{\"@type\":\"ListItem\",\"position\":2,\"name\":\"Pol\\u00edtica de cookies\"}]}]}<\/script>\n<!-- \/ Yoast SEO plugin. -->","yoast_head_json":{"title":"Pol\u00edtica de cookies - ACEM Esclerosis","robots":{"index":"index","follow":"follow","max-snippet":"max-snippet:-1","max-image-preview":"max-image-preview:large","max-video-preview":"max-video-preview:-1"},"canonical":"https:\/\/acemesclerosis.org\/?page_id=1564","og_locale":"es_ES","og_type":"article","og_title":"Pol\u00edtica de cookies - ACEM Esclerosis","og_description":"Pol\u00edtica de Cookies y otras tecnolog\u00edas de almacenamiento Las cookies son peque\u00f1os ficheros de texto que se utilizan para almacenar informaci\u00f3n sobre los navegadores web, como el que actualmente se esta utilizando. Nos permiten almacenar y recibir identificadores e informaci\u00f3n t\u00e9cnica adicional sobre preferencias personales, opciones de b\u00fasqueda, estad\u00edsticas de uso, trasposici\u00f3n a redes sociales, [&hellip;]","og_url":"https:\/\/acemesclerosis.org\/?page_id=1564","og_site_name":"ACEM Esclerosis","article_modified_time":"2022-09-19T15:46:58+00:00","twitter_card":"summary_large_image","twitter_misc":{"Tiempo de lectura":"2 minutos"},"schema":{"@context":"https:\/\/schema.org","@graph":[{"@type":"Organization","@id":"https:\/\/192.168.1.117:8086\/#organization","name":"Acem Esclerosis","url":"https:\/\/192.168.1.117:8086\/","sameAs":[],"logo":{"@type":"ImageObject","@id":"https:\/\/192.168.1.117:8086\/#logo","inLanguage":"es","url":"https:\/\/acemesclerosis.org\/wp-content\/uploads\/2021\/09\/WhatsApp-Image-2021-09-27-at-14.06.43.jpeg","contentUrl":"https:\/\/acemesclerosis.org\/wp-content\/uploads\/2021\/09\/WhatsApp-Image-2021-09-27-at-14.06.43.jpeg","width":1600,"height":592,"caption":"Acem Esclerosis"},"image":{"@id":"https:\/\/192.168.1.117:8086\/#logo"}},{"@type":"WebSite","@id":"https:\/\/192.168.1.117:8086\/#website","url":"https:\/\/192.168.1.117:8086\/","name":"ACEM Esclerosis","description":"Asociaci\u00f3n Coru\u00f1esa de Esclerosis M\u00faltiple","publisher":{"@id":"https:\/\/192.168.1.117:8086\/#organization"},"potentialAction":[{"@type":"SearchAction","target":{"@type":"EntryPoint","urlTemplate":"https:\/\/192.168.1.117:8086\/?s={search_term_string}"},"query-input":"required name=search_term_string"}],"inLanguage":"es"},{"@type":"WebPage","@id":"https:\/\/acemesclerosis.org\/?page_id=1564#webpage","url":"https:\/\/acemesclerosis.org\/?page_id=1564","name":"Pol\u00edtica de cookies - ACEM Esclerosis","isPartOf":{"@id":"https:\/\/192.168.1.117:8086\/#website"},"datePublished":"2022-09-19T15:46:57+00:00","dateModified":"2022-09-19T15:46:58+00:00","breadcrumb":{"@id":"https:\/\/acemesclerosis.org\/?page_id=1564#breadcrumb"},"inLanguage":"es","potentialAction":[{"@type":"ReadAction","target":["https:\/\/acemesclerosis.org\/?page_id=1564"]}]},{"@type":"BreadcrumbList","@id":"https:\/\/acemesclerosis.org\/?page_id=1564#breadcrumb","itemListElement":[{"@type":"ListItem","position":1,"name":"Portada","item":"https:\/\/192.168.1.117:8086\/"},{"@type":"ListItem","position":2,"name":"Pol\u00edtica de cookies"}]}]}},"_links":{"self":[{"href":"https:\/\/acemesclerosis.org\/index.php?rest_route=\/wp\/v2\/pages\/1564","targetHints":{"allow":["GET"]}}],"collection":[{"href":"https:\/\/acemesclerosis.org\/index.php?rest_route=\/wp\/v2\/pages"}],"about":[{"href":"https:\/\/acemesclerosis.org\/index.php?rest_route=\/wp\/v2\/types\/page"}],"author":[{"embeddable":true,"href":"https:\/\/acemesclerosis.org\/index.php?rest_route=\/wp\/v2\/users\/1"}],"replies":[{"embeddable":true,"href":"https:\/\/acemesclerosis.org\/index.php?rest_route=%2Fwp%2Fv2%2Fcomments&post=1564"}],"version-history":[{"count":1,"href":"https:\/\/acemesclerosis.org\/index.php?rest_route=\/wp\/v2\/pages\/1564\/revisions"}],"predecessor-version":[{"id":1565,"href":"https:\/\/acemesclerosis.org\/index.php?rest_route=\/wp\/v2\/pages\/1564\/revisions\/1565"}],"wp:attachment":[{"href":"https:\/\/acemesclerosis.org\/index.php?rest_route=%2Fwp%2Fv2%2Fmedia&parent=1564"}],"curies":[{"name":"wp","href":"https:\/\/api.w.org\/{rel}","templated":true}]}}