{"id":1566,"date":"2022-09-19T15:47:55","date_gmt":"2022-09-19T15:47:55","guid":{"rendered":"https:\/\/acemesclerosis.org\/?page_id=1566"},"modified":"2022-09-19T15:47:56","modified_gmt":"2022-09-19T15:47:56","slug":"informacion-legal","status":"publish","type":"page","link":"https:\/\/acemesclerosis.org\/?page_id=1566","title":{"rendered":"Informaci\u00f3n legal"},"content":{"rendered":"\n<p>ASOCIACI\u00d3N CORU\u00d1ESA DE ESCLEROSIS MULTIPLE (en adelante ACEM) con domicilio en Centro C\u00edvico San Diego; C\/ Alberto Garc\u00eda Ferreiro s\/n; 15006 La Coru\u00f1a, con CIF G15510266 pone a disposici\u00f3n en su sitio web <a href=\"http:\/\/www.acemesclerosis.org\/\">www.acemesclerosis.org<\/a> determinados contenidos de car\u00e1cter informativo sobre sus actividades.<\/p>\n\n\n\n<p>Las presentes condiciones generales rigen \u00fanica y exclusivamente el uso del sitio web de&nbsp;ACEM&nbsp;por parte de los USUARIOS que accedan al mismo. Las presentes condiciones generales se le exponen al USUARIO en el sitio web <a href=\"http:\/\/www.acemesclerosis.org\/\">www.acemesclerosis.org<\/a> en todas y cada una de las p\u00e1ginas y cada vez que un USUARIO introduce sus datos en los formularios existentes, para que las lea, las imprima, archive y acepte a trav\u00e9s de internet, no pudiendo el USUARIO introducir sus datos efectivamente sin que se haya producido esta aceptaci\u00f3n. &nbsp;<\/p>\n\n\n\n<p>El acceso al sitio web de&nbsp;ACEM&nbsp;implica sin reservas la aceptaci\u00f3n de las presentes condiciones generales de uso que el USUARIO afirma comprender en su totalidad. El USUARIO se compromete a no utilizar el sitio web y los servicios que se ofrecen en el mismo para la realizaci\u00f3n de actividades contrarias a la ley y a respetar en todo momento las presentes condiciones generales.<\/p>\n\n\n\n<p><strong>PRIMERA.<\/strong><\/p>\n\n\n\n<p><br>El sitio web de&nbsp;ACEM ha sido realizado, por un lado, con el fin de poner a disposici\u00f3n de terceros informaci\u00f3n sobre sus actividades y por el otro, poner a disposici\u00f3n de los usuarios la posibilidad de contactar con&nbsp;ACEM&nbsp;para solicitar informaci\u00f3n adicional.<\/p>\n\n\n\n<p><strong>SEGUNDA. &#8211; CONDICIONES DE ACCESO Y USO \u2013&nbsp;<\/strong><\/p>\n\n\n\n<p><br>2.1.- La utilizaci\u00f3n del sitio web de ACEMno conlleva la obligatoriedad de inscripci\u00f3n del USUARIO, salvo si este USUARIO desee utilizar la base de datos de art\u00edculos existentes en <a href=\"http:\/\/www.acemesclerosis\/\">www.acemesclerosis<\/a> donde ser\u00e1 preciso que se registre cubriendo un formulario b\u00e1sico, \u00e9sta suscripci\u00f3n se regir\u00e1 por las condiciones generales espec\u00edficas. Las condiciones de acceso y uso del presente sitio web se rigen estrictamente por la legalidad vigente y por el principio de buena fe comprometi\u00e9ndose el USUARIO a realizar un buen uso de la web. Quedan prohibidos todos los actos que vulneren la legalidad, derechos o intereses de terceros: derecho a la intimidad, protecci\u00f3n de datos, propiedad intelectual etc. ExpresamenteACEM proh\u00edbe los siguientes:<\/p>\n\n\n\n<p><br>2.1.1.- Realizar acciones que puedan producir en el sitio web o a trav\u00e9s de este por cualquier medio cualquier tipo de da\u00f1o a los sistemas de&nbsp;ACEM o a terceros.<\/p>\n\n\n\n<p><br>2.1.2.- Realizar sin la debida autorizaci\u00f3n cualquier tipo de publicidad o informaci\u00f3n comercial directamente o de forma encubierta, el env\u00edo de correos masivos (\u00abspaming\u00bb) o env\u00edo de grandes mensajes con el fin de bloquear servidores de la red (\u00abmail bombing\u00bb).<\/p>\n\n\n\n<p><br>2.2.-&nbsp;ACEM podr\u00e1 interrumpir en cualquier momento el acceso a su sitio web si detecta un uso contrario a la legalidad, la buena fe o a las presentes condiciones generales- ver cl\u00e1usula quinta.<\/p>\n\n\n\n<p><strong>TERCERA. &#8211; CONTENIDOS \u2013<\/strong><\/p>\n\n\n\n<p><br>Los contenidos incorporados en este sitio web han sido elaborados e incluidos por:<\/p>\n\n\n\n<p><br>3.1.-&nbsp;ACEM utilizando fuentes internas y externas de tal modo que\u00fanicamente se hace responsable por los contenidos elaborados de forma interna.&nbsp;<\/p>\n\n\n\n<p><br>3.2.-&nbsp;ACEM&nbsp;se reserva el derecho a modificar en cualquier momento los contenidos existentes en su sitio web.<\/p>\n\n\n\n<p><strong>CUARTA. &#8211; RESPONSABILIDAD \u2013&nbsp;<\/strong><\/p>\n\n\n\n<p><br>4.1. \u2013 ACEM en ning\u00fan caso ser\u00e1 responsable de:<\/p>\n\n\n\n<p><br>4.1.1.- Los fallos e incidencias que pudieran producirse en las comunicaciones, borrado o transmisiones incompletas de manera que no se garantiza que los servicios del sitio web est\u00e9n constantemente operativos.<\/p>\n\n\n\n<p><br>4.1.2.- De la producci\u00f3n de cualquier tipo de da\u00f1o que los USUARIOS o terceros pudiesen ocasionar en el sitio web.&nbsp;<\/p>\n\n\n\n<p><br>4.2.- ACEM se reserva el derecho a suspender el acceso sin previo aviso de forma discrecional y con car\u00e1cter definitivo o temporal hasta el aseguramiento de la efectiva responsabilidad de los da\u00f1os que pudieran producirse. Asimismo,&nbsp;ACEM&nbsp;colaborar\u00e1 y notificar\u00e1 a la autoridad competente estas incidencias en el momento en que tenga conocimiento fehaciente de que los da\u00f1os ocasionados constituyan cualquier tipo de actividad il\u00edcita.<\/p>\n\n\n\n<p><strong>QUINTA. &#8211; JURISDICCI\u00d3N Y LEY APLICABLE \u2013<\/strong><\/p>\n\n\n\n<p><br>Las presentes condiciones generales se rigen por la legislaci\u00f3n espa\u00f1ola. Son competentes para resolver toda controversia o conflicto que se derive de las presentes condiciones generales los Juzgados de A Coru\u00f1a renunciando expresamente el USUARIO a cualquier otro fuero que pudiera corresponderle.<\/p>\n\n\n\n<p><strong>SEXTA.<\/strong> &#8211; En caso de que cualquier cl\u00e1usula del presente documento sea declarada nula, las dem\u00e1s cl\u00e1usulas seguir\u00e1n vigentes y se interpretar\u00e1n teniendo en cuenta la voluntad de las partes y la finalidad misma de las presentes condiciones. ACEM&nbsp;podr\u00e1 no ejercitar alguno de los derechos y facultades conferidos en este documento lo que no implicar\u00e1 en ning\u00fan caso la renuncia a los mismos salvo reconocimiento expreso por parte de ACEM.<\/p>\n","protected":false},"excerpt":{"rendered":"<p>ASOCIACI\u00d3N CORU\u00d1ESA DE ESCLEROSIS MULTIPLE (en adelante ACEM) con domicilio en Centro C\u00edvico San Diego; C\/ Alberto Garc\u00eda Ferreiro s\/n; 15006 La Coru\u00f1a, con CIF G15510266 pone a disposici\u00f3n en su sitio web www.acemesclerosis.org determinados contenidos de car\u00e1cter informativo sobre sus actividades. Las presentes condiciones generales rigen \u00fanica y exclusivamente el uso del sitio web [&hellip;]<\/p>\n","protected":false},"author":1,"featured_media":0,"parent":0,"menu_order":0,"comment_status":"closed","ping_status":"closed","template":"","meta":{"footnotes":""},"class_list":["post-1566","page","type-page","status-publish","hentry"],"yoast_head":"<!-- This site is optimized with the Yoast SEO plugin v17.9 - https:\/\/yoast.com\/wordpress\/plugins\/seo\/ -->\n<title>Informaci\u00f3n legal - ACEM Esclerosis<\/title>\n<meta name=\"robots\" content=\"index, follow, max-snippet:-1, max-image-preview:large, max-video-preview:-1\" \/>\n<link rel=\"canonical\" href=\"https:\/\/acemesclerosis.org\/?page_id=1566\" \/>\n<meta property=\"og:locale\" content=\"es_ES\" \/>\n<meta property=\"og:type\" content=\"article\" \/>\n<meta property=\"og:title\" content=\"Informaci\u00f3n legal - ACEM Esclerosis\" \/>\n<meta property=\"og:description\" content=\"ASOCIACI\u00d3N CORU\u00d1ESA DE ESCLEROSIS MULTIPLE (en adelante ACEM) con domicilio en Centro C\u00edvico San Diego; C\/ Alberto Garc\u00eda Ferreiro s\/n; 15006 La Coru\u00f1a, con CIF G15510266 pone a disposici\u00f3n en su sitio web www.acemesclerosis.org determinados contenidos de car\u00e1cter informativo sobre sus actividades. Las presentes condiciones generales rigen \u00fanica y exclusivamente el uso del sitio web [&hellip;]\" \/>\n<meta property=\"og:url\" content=\"https:\/\/acemesclerosis.org\/?page_id=1566\" \/>\n<meta property=\"og:site_name\" content=\"ACEM Esclerosis\" \/>\n<meta property=\"article:modified_time\" content=\"2022-09-19T15:47:56+00:00\" \/>\n<meta name=\"twitter:card\" content=\"summary_large_image\" \/>\n<meta name=\"twitter:label1\" content=\"Tiempo de lectura\" \/>\n\t<meta name=\"twitter:data1\" content=\"4 minutos\" \/>\n<script type=\"application\/ld+json\" class=\"yoast-schema-graph\">{\"@context\":\"https:\/\/schema.org\",\"@graph\":[{\"@type\":\"Organization\",\"@id\":\"https:\/\/192.168.1.117:8086\/#organization\",\"name\":\"Acem Esclerosis\",\"url\":\"https:\/\/192.168.1.117:8086\/\",\"sameAs\":[],\"logo\":{\"@type\":\"ImageObject\",\"@id\":\"https:\/\/192.168.1.117:8086\/#logo\",\"inLanguage\":\"es\",\"url\":\"https:\/\/acemesclerosis.org\/wp-content\/uploads\/2021\/09\/WhatsApp-Image-2021-09-27-at-14.06.43.jpeg\",\"contentUrl\":\"https:\/\/acemesclerosis.org\/wp-content\/uploads\/2021\/09\/WhatsApp-Image-2021-09-27-at-14.06.43.jpeg\",\"width\":1600,\"height\":592,\"caption\":\"Acem Esclerosis\"},\"image\":{\"@id\":\"https:\/\/192.168.1.117:8086\/#logo\"}},{\"@type\":\"WebSite\",\"@id\":\"https:\/\/192.168.1.117:8086\/#website\",\"url\":\"https:\/\/192.168.1.117:8086\/\",\"name\":\"ACEM Esclerosis\",\"description\":\"Asociaci\\u00f3n Coru\\u00f1esa de Esclerosis M\\u00faltiple\",\"publisher\":{\"@id\":\"https:\/\/192.168.1.117:8086\/#organization\"},\"potentialAction\":[{\"@type\":\"SearchAction\",\"target\":{\"@type\":\"EntryPoint\",\"urlTemplate\":\"https:\/\/192.168.1.117:8086\/?s={search_term_string}\"},\"query-input\":\"required name=search_term_string\"}],\"inLanguage\":\"es\"},{\"@type\":\"WebPage\",\"@id\":\"https:\/\/acemesclerosis.org\/?page_id=1566#webpage\",\"url\":\"https:\/\/acemesclerosis.org\/?page_id=1566\",\"name\":\"Informaci\\u00f3n legal - ACEM Esclerosis\",\"isPartOf\":{\"@id\":\"https:\/\/192.168.1.117:8086\/#website\"},\"datePublished\":\"2022-09-19T15:47:55+00:00\",\"dateModified\":\"2022-09-19T15:47:56+00:00\",\"breadcrumb\":{\"@id\":\"https:\/\/acemesclerosis.org\/?page_id=1566#breadcrumb\"},\"inLanguage\":\"es\",\"potentialAction\":[{\"@type\":\"ReadAction\",\"target\":[\"https:\/\/acemesclerosis.org\/?page_id=1566\"]}]},{\"@type\":\"BreadcrumbList\",\"@id\":\"https:\/\/acemesclerosis.org\/?page_id=1566#breadcrumb\",\"itemListElement\":[{\"@type\":\"ListItem\",\"position\":1,\"name\":\"Portada\",\"item\":\"https:\/\/192.168.1.117:8086\/\"},{\"@type\":\"ListItem\",\"position\":2,\"name\":\"Informaci\\u00f3n legal\"}]}]}<\/script>\n<!-- \/ Yoast SEO plugin. -->","yoast_head_json":{"title":"Informaci\u00f3n legal - ACEM Esclerosis","robots":{"index":"index","follow":"follow","max-snippet":"max-snippet:-1","max-image-preview":"max-image-preview:large","max-video-preview":"max-video-preview:-1"},"canonical":"https:\/\/acemesclerosis.org\/?page_id=1566","og_locale":"es_ES","og_type":"article","og_title":"Informaci\u00f3n legal - ACEM Esclerosis","og_description":"ASOCIACI\u00d3N CORU\u00d1ESA DE ESCLEROSIS MULTIPLE (en adelante ACEM) con domicilio en Centro C\u00edvico San Diego; C\/ Alberto Garc\u00eda Ferreiro s\/n; 15006 La Coru\u00f1a, con CIF G15510266 pone a disposici\u00f3n en su sitio web www.acemesclerosis.org determinados contenidos de car\u00e1cter informativo sobre sus actividades. Las presentes condiciones generales rigen \u00fanica y exclusivamente el uso del sitio web [&hellip;]","og_url":"https:\/\/acemesclerosis.org\/?page_id=1566","og_site_name":"ACEM Esclerosis","article_modified_time":"2022-09-19T15:47:56+00:00","twitter_card":"summary_large_image","twitter_misc":{"Tiempo de lectura":"4 minutos"},"schema":{"@context":"https:\/\/schema.org","@graph":[{"@type":"Organization","@id":"https:\/\/192.168.1.117:8086\/#organization","name":"Acem Esclerosis","url":"https:\/\/192.168.1.117:8086\/","sameAs":[],"logo":{"@type":"ImageObject","@id":"https:\/\/192.168.1.117:8086\/#logo","inLanguage":"es","url":"https:\/\/acemesclerosis.org\/wp-content\/uploads\/2021\/09\/WhatsApp-Image-2021-09-27-at-14.06.43.jpeg","contentUrl":"https:\/\/acemesclerosis.org\/wp-content\/uploads\/2021\/09\/WhatsApp-Image-2021-09-27-at-14.06.43.jpeg","width":1600,"height":592,"caption":"Acem Esclerosis"},"image":{"@id":"https:\/\/192.168.1.117:8086\/#logo"}},{"@type":"WebSite","@id":"https:\/\/192.168.1.117:8086\/#website","url":"https:\/\/192.168.1.117:8086\/","name":"ACEM Esclerosis","description":"Asociaci\u00f3n Coru\u00f1esa de Esclerosis M\u00faltiple","publisher":{"@id":"https:\/\/192.168.1.117:8086\/#organization"},"potentialAction":[{"@type":"SearchAction","target":{"@type":"EntryPoint","urlTemplate":"https:\/\/192.168.1.117:8086\/?s={search_term_string}"},"query-input":"required name=search_term_string"}],"inLanguage":"es"},{"@type":"WebPage","@id":"https:\/\/acemesclerosis.org\/?page_id=1566#webpage","url":"https:\/\/acemesclerosis.org\/?page_id=1566","name":"Informaci\u00f3n legal - ACEM Esclerosis","isPartOf":{"@id":"https:\/\/192.168.1.117:8086\/#website"},"datePublished":"2022-09-19T15:47:55+00:00","dateModified":"2022-09-19T15:47:56+00:00","breadcrumb":{"@id":"https:\/\/acemesclerosis.org\/?page_id=1566#breadcrumb"},"inLanguage":"es","potentialAction":[{"@type":"ReadAction","target":["https:\/\/acemesclerosis.org\/?page_id=1566"]}]},{"@type":"BreadcrumbList","@id":"https:\/\/acemesclerosis.org\/?page_id=1566#breadcrumb","itemListElement":[{"@type":"ListItem","position":1,"name":"Portada","item":"https:\/\/192.168.1.117:8086\/"},{"@type":"ListItem","position":2,"name":"Informaci\u00f3n legal"}]}]}},"_links":{"self":[{"href":"https:\/\/acemesclerosis.org\/index.php?rest_route=\/wp\/v2\/pages\/1566","targetHints":{"allow":["GET"]}}],"collection":[{"href":"https:\/\/acemesclerosis.org\/index.php?rest_route=\/wp\/v2\/pages"}],"about":[{"href":"https:\/\/acemesclerosis.org\/index.php?rest_route=\/wp\/v2\/types\/page"}],"author":[{"embeddable":true,"href":"https:\/\/acemesclerosis.org\/index.php?rest_route=\/wp\/v2\/users\/1"}],"replies":[{"embeddable":true,"href":"https:\/\/acemesclerosis.org\/index.php?rest_route=%2Fwp%2Fv2%2Fcomments&post=1566"}],"version-history":[{"count":1,"href":"https:\/\/acemesclerosis.org\/index.php?rest_route=\/wp\/v2\/pages\/1566\/revisions"}],"predecessor-version":[{"id":1567,"href":"https:\/\/acemesclerosis.org\/index.php?rest_route=\/wp\/v2\/pages\/1566\/revisions\/1567"}],"wp:attachment":[{"href":"https:\/\/acemesclerosis.org\/index.php?rest_route=%2Fwp%2Fv2%2Fmedia&parent=1566"}],"curies":[{"name":"wp","href":"https:\/\/api.w.org\/{rel}","templated":true}]}}