{"id":26,"date":"2021-08-12T09:16:03","date_gmt":"2021-08-12T09:16:03","guid":{"rendered":"https:\/\/acemesclerosis.org\/?page_id=26"},"modified":"2025-04-15T08:59:56","modified_gmt":"2025-04-15T08:59:56","slug":"equipo","status":"publish","type":"page","link":"https:\/\/acemesclerosis.org\/?page_id=26","title":{"rendered":"Equipo"},"content":{"rendered":"\t\t<div data-elementor-type=\"wp-page\" data-elementor-id=\"26\" class=\"elementor elementor-26\" data-elementor-settings=\"[]\">\n\t\t\t\t\t\t\t<div class=\"elementor-section-wrap\">\n\t\t\t\t\t\t\t<section class=\"elementor-section elementor-top-section elementor-element elementor-element-601b827 elementor-section-boxed elementor-section-height-default elementor-section-height-default\" data-id=\"601b827\" data-element_type=\"section\" data-settings=\"{&quot;background_background&quot;:&quot;classic&quot;}\">\n\t\t\t\t\t\t<div class=\"elementor-container elementor-column-gap-default\">\n\t\t\t\t\t<div class=\"elementor-column elementor-col-100 elementor-top-column elementor-element elementor-element-b44f75c\" data-id=\"b44f75c\" data-element_type=\"column\">\n\t\t\t<div class=\"elementor-widget-wrap elementor-element-populated\">\n\t\t\t\t\t\t\t\t<div class=\"elementor-element elementor-element-938153f elementor-widget elementor-widget-heading\" data-id=\"938153f\" data-element_type=\"widget\" data-widget_type=\"heading.default\">\n\t\t\t\t<div class=\"elementor-widget-container\">\n\t\t\t<h2 class=\"elementor-heading-title elementor-size-default\">equipo<br>profesional<\/h2>\t\t<\/div>\n\t\t\t\t<\/div>\n\t\t\t\t\t<\/div>\n\t\t<\/div>\n\t\t\t\t\t\t\t<\/div>\n\t\t<\/section>\n\t\t\t\t<section class=\"elementor-section elementor-top-section elementor-element elementor-element-0625967 animated-fast elementor-section-boxed elementor-section-height-default elementor-section-height-default elementor-invisible\" data-id=\"0625967\" data-element_type=\"section\" data-settings=\"{&quot;background_background&quot;:&quot;classic&quot;,&quot;animation&quot;:&quot;fadeInUp&quot;}\">\n\t\t\t\t\t\t<div class=\"elementor-container elementor-column-gap-default\">\n\t\t\t\t\t<div class=\"elementor-column elementor-col-33 elementor-top-column elementor-element elementor-element-404fb85\" data-id=\"404fb85\" data-element_type=\"column\">\n\t\t\t<div class=\"elementor-widget-wrap elementor-element-populated\">\n\t\t\t\t\t\t\t\t<div class=\"elementor-element elementor-element-8384a2a elementor-widget elementor-widget-image\" data-id=\"8384a2a\" data-element_type=\"widget\" data-widget_type=\"image.default\">\n\t\t\t\t<div class=\"elementor-widget-container\">\n\t\t\t\t\t\t\t\t\t\t\t\t\t\t\t<img loading=\"lazy\" decoding=\"async\" width=\"800\" height=\"919\" src=\"https:\/\/acemesclerosis.org\/wp-content\/uploads\/2021\/09\/image_6483441-4-891x1024.jpg\" class=\"attachment-large size-large\" alt=\"\" srcset=\"https:\/\/acemesclerosis.org\/wp-content\/uploads\/2021\/09\/image_6483441-4-891x1024.jpg 891w, https:\/\/acemesclerosis.org\/wp-content\/uploads\/2021\/09\/image_6483441-4-261x300.jpg 261w, https:\/\/acemesclerosis.org\/wp-content\/uploads\/2021\/09\/image_6483441-4-768x883.jpg 768w, https:\/\/acemesclerosis.org\/wp-content\/uploads\/2021\/09\/image_6483441-4-1336x1536.jpg 1336w, https:\/\/acemesclerosis.org\/wp-content\/uploads\/2021\/09\/image_6483441-4.jpg 1610w\" sizes=\"auto, (max-width: 800px) 100vw, 800px\" \/>\t\t\t\t\t\t\t\t\t\t\t\t\t\t\t<\/div>\n\t\t\t\t<\/div>\n\t\t\t\t<div class=\"elementor-element elementor-element-1dbfab7 elementor-widget elementor-widget-heading\" data-id=\"1dbfab7\" data-element_type=\"widget\" data-widget_type=\"heading.default\">\n\t\t\t\t<div class=\"elementor-widget-container\">\n\t\t\t<h2 class=\"elementor-heading-title elementor-size-default\">Isa Gorgal Garc\u00eda <\/h2>\t\t<\/div>\n\t\t\t\t<\/div>\n\t\t\t\t<div class=\"elementor-element elementor-element-092dc66 elementor-widget elementor-widget-text-editor\" data-id=\"092dc66\" data-element_type=\"widget\" data-widget_type=\"text-editor.default\">\n\t\t\t\t<div class=\"elementor-widget-container\">\n\t\t\t\t\t\t\t\t<div dir=\"auto\"><p>Responsable departamento administrativo, comunicaci\u00f3n y coordinadora de eventos<\/p><\/div>\t\t\t\t\t\t<\/div>\n\t\t\t\t<\/div>\n\t\t\t\t<div class=\"elementor-element elementor-element-a56b7ec elementor-widget elementor-widget-image\" data-id=\"a56b7ec\" data-element_type=\"widget\" data-widget_type=\"image.default\">\n\t\t\t\t<div class=\"elementor-widget-container\">\n\t\t\t\t\t\t\t\t\t\t\t\t\t\t\t<img decoding=\"async\" src=\"https:\/\/acemesclerosis.org\/wp-content\/uploads\/2025\/01\/gabriela.jpg\" title=\"gabriela\" alt=\"gabriela\" \/>\t\t\t\t\t\t\t\t\t\t\t\t\t\t\t<\/div>\n\t\t\t\t<\/div>\n\t\t\t\t<div class=\"elementor-element elementor-element-c6796b9 elementor-widget elementor-widget-heading\" data-id=\"c6796b9\" data-element_type=\"widget\" data-widget_type=\"heading.default\">\n\t\t\t\t<div class=\"elementor-widget-container\">\n\t\t\t<h2 class=\"elementor-heading-title elementor-size-default\">Gabriela Romaris Jimenez<\/h2>\t\t<\/div>\n\t\t\t\t<\/div>\n\t\t\t\t<div class=\"elementor-element elementor-element-457d65e elementor-widget elementor-widget-text-editor\" data-id=\"457d65e\" data-element_type=\"widget\" data-widget_type=\"text-editor.default\">\n\t\t\t\t<div class=\"elementor-widget-container\">\n\t\t\t\t\t\t\t\t<div dir=\"auto\"><p>Psic\u00f3loga\u00a0<\/p><\/div>\t\t\t\t\t\t<\/div>\n\t\t\t\t<\/div>\n\t\t\t\t\t<\/div>\n\t\t<\/div>\n\t\t\t\t<div class=\"elementor-column elementor-col-33 elementor-top-column elementor-element elementor-element-2c7902d\" data-id=\"2c7902d\" data-element_type=\"column\">\n\t\t\t<div class=\"elementor-widget-wrap elementor-element-populated\">\n\t\t\t\t\t\t\t\t<div class=\"elementor-element elementor-element-92c19f5 elementor-widget elementor-widget-image\" data-id=\"92c19f5\" data-element_type=\"widget\" data-widget_type=\"image.default\">\n\t\t\t\t<div class=\"elementor-widget-container\">\n\t\t\t\t\t\t\t\t\t\t\t\t\t\t\t<img loading=\"lazy\" decoding=\"async\" width=\"776\" height=\"1024\" src=\"https:\/\/acemesclerosis.org\/wp-content\/uploads\/2021\/09\/laura-776x1024.jpg\" class=\"attachment-large size-large\" alt=\"\" srcset=\"https:\/\/acemesclerosis.org\/wp-content\/uploads\/2021\/09\/laura-776x1024.jpg 776w, https:\/\/acemesclerosis.org\/wp-content\/uploads\/2021\/09\/laura-227x300.jpg 227w, https:\/\/acemesclerosis.org\/wp-content\/uploads\/2021\/09\/laura-768x1014.jpg 768w, https:\/\/acemesclerosis.org\/wp-content\/uploads\/2021\/09\/laura.jpg 988w\" sizes=\"auto, (max-width: 776px) 100vw, 776px\" \/>\t\t\t\t\t\t\t\t\t\t\t\t\t\t\t<\/div>\n\t\t\t\t<\/div>\n\t\t\t\t<div class=\"elementor-element elementor-element-eae0832 elementor-widget elementor-widget-heading\" data-id=\"eae0832\" data-element_type=\"widget\" data-widget_type=\"heading.default\">\n\t\t\t\t<div class=\"elementor-widget-container\">\n\t\t\t<h2 class=\"elementor-heading-title elementor-size-default\">Laura Mendoza Varela <\/h2>\t\t<\/div>\n\t\t\t\t<\/div>\n\t\t\t\t<div class=\"elementor-element elementor-element-8ffcf13 elementor-widget elementor-widget-text-editor\" data-id=\"8ffcf13\" data-element_type=\"widget\" data-widget_type=\"text-editor.default\">\n\t\t\t\t<div class=\"elementor-widget-container\">\n\t\t\t\t\t\t\t\t<div dir=\"auto\">\n<p>Responsable \u00c1rea social .<\/p>\n<\/div>\t\t\t\t\t\t<\/div>\n\t\t\t\t<\/div>\n\t\t\t\t<div class=\"elementor-element elementor-element-b29538b elementor-widget elementor-widget-image\" data-id=\"b29538b\" data-element_type=\"widget\" data-widget_type=\"image.default\">\n\t\t\t\t<div class=\"elementor-widget-container\">\n\t\t\t\t\t\t\t\t\t\t\t\t\t\t\t<img loading=\"lazy\" decoding=\"async\" width=\"800\" height=\"929\" src=\"https:\/\/acemesclerosis.org\/wp-content\/uploads\/2024\/04\/E6D53AE8-1C53-4331-8C13-A08354D12642.JPG-882x1024.jpg\" class=\"attachment-large size-large\" alt=\"\" srcset=\"https:\/\/acemesclerosis.org\/wp-content\/uploads\/2024\/04\/E6D53AE8-1C53-4331-8C13-A08354D12642.JPG-882x1024.jpg 882w, https:\/\/acemesclerosis.org\/wp-content\/uploads\/2024\/04\/E6D53AE8-1C53-4331-8C13-A08354D12642.JPG-259x300.jpg 259w, https:\/\/acemesclerosis.org\/wp-content\/uploads\/2024\/04\/E6D53AE8-1C53-4331-8C13-A08354D12642.JPG-768x891.jpg 768w, https:\/\/acemesclerosis.org\/wp-content\/uploads\/2024\/04\/E6D53AE8-1C53-4331-8C13-A08354D12642.JPG-1324x1536.jpg 1324w, https:\/\/acemesclerosis.org\/wp-content\/uploads\/2024\/04\/E6D53AE8-1C53-4331-8C13-A08354D12642.JPG.jpg 1440w\" sizes=\"auto, (max-width: 800px) 100vw, 800px\" \/>\t\t\t\t\t\t\t\t\t\t\t\t\t\t\t<\/div>\n\t\t\t\t<\/div>\n\t\t\t\t<div class=\"elementor-element elementor-element-c538e19 elementor-widget elementor-widget-heading\" data-id=\"c538e19\" data-element_type=\"widget\" data-widget_type=\"heading.default\">\n\t\t\t\t<div class=\"elementor-widget-container\">\n\t\t\t<h2 class=\"elementor-heading-title elementor-size-default\">Alba Cervera March<\/h2>\t\t<\/div>\n\t\t\t\t<\/div>\n\t\t\t\t<div class=\"elementor-element elementor-element-75d8b84 elementor-widget elementor-widget-text-editor\" data-id=\"75d8b84\" data-element_type=\"widget\" data-widget_type=\"text-editor.default\">\n\t\t\t\t<div class=\"elementor-widget-container\">\n\t\t\t\t\t\t\t\t<div dir=\"auto\"><p>Responsable Integraci\u00f3n social<\/p><\/div>\t\t\t\t\t\t<\/div>\n\t\t\t\t<\/div>\n\t\t\t\t\t<\/div>\n\t\t<\/div>\n\t\t\t\t<div class=\"elementor-column elementor-col-33 elementor-top-column elementor-element elementor-element-bcaaf27\" data-id=\"bcaaf27\" data-element_type=\"column\">\n\t\t\t<div class=\"elementor-widget-wrap elementor-element-populated\">\n\t\t\t\t\t\t\t\t<div class=\"elementor-element elementor-element-bdc268b elementor-widget elementor-widget-image\" data-id=\"bdc268b\" data-element_type=\"widget\" data-widget_type=\"image.default\">\n\t\t\t\t<div class=\"elementor-widget-container\">\n\t\t\t\t\t\t\t\t\t\t\t\t\t\t\t<img loading=\"lazy\" decoding=\"async\" width=\"496\" height=\"552\" src=\"https:\/\/acemesclerosis.org\/wp-content\/uploads\/2021\/09\/manuel.jpg\" class=\"attachment-large size-large\" alt=\"\" srcset=\"https:\/\/acemesclerosis.org\/wp-content\/uploads\/2021\/09\/manuel.jpg 496w, https:\/\/acemesclerosis.org\/wp-content\/uploads\/2021\/09\/manuel-270x300.jpg 270w\" sizes=\"auto, (max-width: 496px) 100vw, 496px\" \/>\t\t\t\t\t\t\t\t\t\t\t\t\t\t\t<\/div>\n\t\t\t\t<\/div>\n\t\t\t\t<div class=\"elementor-element elementor-element-93e8fd3 elementor-widget elementor-widget-heading\" data-id=\"93e8fd3\" data-element_type=\"widget\" data-widget_type=\"heading.default\">\n\t\t\t\t<div class=\"elementor-widget-container\">\n\t\t\t<h2 class=\"elementor-heading-title elementor-size-default\">Manuel \u00c1ngel Rilo Veira<\/h2>\t\t<\/div>\n\t\t\t\t<\/div>\n\t\t\t\t<div class=\"elementor-element elementor-element-6ca6cf3 elementor-widget elementor-widget-text-editor\" data-id=\"6ca6cf3\" data-element_type=\"widget\" data-widget_type=\"text-editor.default\">\n\t\t\t\t<div class=\"elementor-widget-container\">\n\t\t\t\t\t\t\t\t<div dir=\"auto\"><p>Responsable Transporte Adaptado. Conductor<\/p><\/div>\t\t\t\t\t\t<\/div>\n\t\t\t\t<\/div>\n\t\t\t\t\t<\/div>\n\t\t<\/div>\n\t\t\t\t\t\t\t<\/div>\n\t\t<\/section>\n\t\t\t\t\t\t<\/div>\n\t\t\t\t\t<\/div>\n\t\t","protected":false},"excerpt":{"rendered":"<p>equipoprofesional Isa Gorgal Garc\u00eda Responsable departamento administrativo, comunicaci\u00f3n y coordinadora de eventos Gabriela Romaris Jimenez Psic\u00f3loga\u00a0 Laura Mendoza Varela Responsable \u00c1rea social . Alba Cervera March Responsable Integraci\u00f3n social Manuel \u00c1ngel Rilo Veira Responsable Transporte Adaptado. Conductor<\/p>\n","protected":false},"author":1,"featured_media":0,"parent":0,"menu_order":0,"comment_status":"closed","ping_status":"closed","template":"elementor_header_footer","meta":{"footnotes":""},"class_list":["post-26","page","type-page","status-publish","hentry"],"yoast_head":"<!-- This site is optimized with the Yoast SEO plugin v17.9 - https:\/\/yoast.com\/wordpress\/plugins\/seo\/ -->\n<title>Equipo - ACEM Esclerosis<\/title>\n<meta name=\"robots\" content=\"index, follow, max-snippet:-1, max-image-preview:large, max-video-preview:-1\" \/>\n<link rel=\"canonical\" href=\"https:\/\/acemesclerosis.org\/?page_id=26\" \/>\n<meta property=\"og:locale\" content=\"es_ES\" \/>\n<meta property=\"og:type\" content=\"article\" \/>\n<meta property=\"og:title\" content=\"Equipo - ACEM Esclerosis\" \/>\n<meta property=\"og:description\" content=\"equipoprofesional Isa Gorgal Garc\u00eda Responsable departamento administrativo, comunicaci\u00f3n y coordinadora de eventos Gabriela Romaris Jimenez Psic\u00f3loga\u00a0 Laura Mendoza Varela Responsable \u00c1rea social . Alba Cervera March Responsable Integraci\u00f3n social Manuel \u00c1ngel Rilo Veira Responsable Transporte Adaptado. Conductor\" \/>\n<meta property=\"og:url\" content=\"https:\/\/acemesclerosis.org\/?page_id=26\" \/>\n<meta property=\"og:site_name\" content=\"ACEM Esclerosis\" \/>\n<meta property=\"article:modified_time\" content=\"2025-04-15T08:59:56+00:00\" \/>\n<meta property=\"og:image\" content=\"https:\/\/acemesclerosis.org\/wp-content\/uploads\/2021\/09\/image_6483441-4-891x1024.jpg\" \/>\n<meta name=\"twitter:card\" content=\"summary_large_image\" \/>\n<script type=\"application\/ld+json\" class=\"yoast-schema-graph\">{\"@context\":\"https:\/\/schema.org\",\"@graph\":[{\"@type\":\"Organization\",\"@id\":\"https:\/\/192.168.1.117:8086\/#organization\",\"name\":\"Acem Esclerosis\",\"url\":\"https:\/\/192.168.1.117:8086\/\",\"sameAs\":[],\"logo\":{\"@type\":\"ImageObject\",\"@id\":\"https:\/\/192.168.1.117:8086\/#logo\",\"inLanguage\":\"es\",\"url\":\"https:\/\/acemesclerosis.org\/wp-content\/uploads\/2021\/09\/WhatsApp-Image-2021-09-27-at-14.06.43.jpeg\",\"contentUrl\":\"https:\/\/acemesclerosis.org\/wp-content\/uploads\/2021\/09\/WhatsApp-Image-2021-09-27-at-14.06.43.jpeg\",\"width\":1600,\"height\":592,\"caption\":\"Acem Esclerosis\"},\"image\":{\"@id\":\"https:\/\/192.168.1.117:8086\/#logo\"}},{\"@type\":\"WebSite\",\"@id\":\"https:\/\/192.168.1.117:8086\/#website\",\"url\":\"https:\/\/192.168.1.117:8086\/\",\"name\":\"ACEM Esclerosis\",\"description\":\"Asociaci\\u00f3n Coru\\u00f1esa de Esclerosis M\\u00faltiple\",\"publisher\":{\"@id\":\"https:\/\/192.168.1.117:8086\/#organization\"},\"potentialAction\":[{\"@type\":\"SearchAction\",\"target\":{\"@type\":\"EntryPoint\",\"urlTemplate\":\"https:\/\/192.168.1.117:8086\/?s={search_term_string}\"},\"query-input\":\"required name=search_term_string\"}],\"inLanguage\":\"es\"},{\"@type\":\"ImageObject\",\"@id\":\"https:\/\/acemesclerosis.org\/?page_id=26#primaryimage\",\"inLanguage\":\"es\",\"url\":\"https:\/\/acemesclerosis.org\/wp-content\/uploads\/2021\/09\/image_6483441-4.jpg\",\"contentUrl\":\"https:\/\/acemesclerosis.org\/wp-content\/uploads\/2021\/09\/image_6483441-4.jpg\",\"width\":1610,\"height\":1851},{\"@type\":\"WebPage\",\"@id\":\"https:\/\/acemesclerosis.org\/?page_id=26#webpage\",\"url\":\"https:\/\/acemesclerosis.org\/?page_id=26\",\"name\":\"Equipo - ACEM Esclerosis\",\"isPartOf\":{\"@id\":\"https:\/\/192.168.1.117:8086\/#website\"},\"primaryImageOfPage\":{\"@id\":\"https:\/\/acemesclerosis.org\/?page_id=26#primaryimage\"},\"datePublished\":\"2021-08-12T09:16:03+00:00\",\"dateModified\":\"2025-04-15T08:59:56+00:00\",\"breadcrumb\":{\"@id\":\"https:\/\/acemesclerosis.org\/?page_id=26#breadcrumb\"},\"inLanguage\":\"es\",\"potentialAction\":[{\"@type\":\"ReadAction\",\"target\":[\"https:\/\/acemesclerosis.org\/?page_id=26\"]}]},{\"@type\":\"BreadcrumbList\",\"@id\":\"https:\/\/acemesclerosis.org\/?page_id=26#breadcrumb\",\"itemListElement\":[{\"@type\":\"ListItem\",\"position\":1,\"name\":\"Portada\",\"item\":\"https:\/\/192.168.1.117:8086\/\"},{\"@type\":\"ListItem\",\"position\":2,\"name\":\"Equipo\"}]}]}<\/script>\n<!-- \/ Yoast SEO plugin. -->","yoast_head_json":{"title":"Equipo - ACEM Esclerosis","robots":{"index":"index","follow":"follow","max-snippet":"max-snippet:-1","max-image-preview":"max-image-preview:large","max-video-preview":"max-video-preview:-1"},"canonical":"https:\/\/acemesclerosis.org\/?page_id=26","og_locale":"es_ES","og_type":"article","og_title":"Equipo - ACEM Esclerosis","og_description":"equipoprofesional Isa Gorgal Garc\u00eda Responsable departamento administrativo, comunicaci\u00f3n y coordinadora de eventos Gabriela Romaris Jimenez Psic\u00f3loga\u00a0 Laura Mendoza Varela Responsable \u00c1rea social . Alba Cervera March Responsable Integraci\u00f3n social Manuel \u00c1ngel Rilo Veira Responsable Transporte Adaptado. Conductor","og_url":"https:\/\/acemesclerosis.org\/?page_id=26","og_site_name":"ACEM Esclerosis","article_modified_time":"2025-04-15T08:59:56+00:00","og_image":[{"url":"https:\/\/acemesclerosis.org\/wp-content\/uploads\/2021\/09\/image_6483441-4-891x1024.jpg"}],"twitter_card":"summary_large_image","schema":{"@context":"https:\/\/schema.org","@graph":[{"@type":"Organization","@id":"https:\/\/192.168.1.117:8086\/#organization","name":"Acem Esclerosis","url":"https:\/\/192.168.1.117:8086\/","sameAs":[],"logo":{"@type":"ImageObject","@id":"https:\/\/192.168.1.117:8086\/#logo","inLanguage":"es","url":"https:\/\/acemesclerosis.org\/wp-content\/uploads\/2021\/09\/WhatsApp-Image-2021-09-27-at-14.06.43.jpeg","contentUrl":"https:\/\/acemesclerosis.org\/wp-content\/uploads\/2021\/09\/WhatsApp-Image-2021-09-27-at-14.06.43.jpeg","width":1600,"height":592,"caption":"Acem Esclerosis"},"image":{"@id":"https:\/\/192.168.1.117:8086\/#logo"}},{"@type":"WebSite","@id":"https:\/\/192.168.1.117:8086\/#website","url":"https:\/\/192.168.1.117:8086\/","name":"ACEM Esclerosis","description":"Asociaci\u00f3n Coru\u00f1esa de Esclerosis M\u00faltiple","publisher":{"@id":"https:\/\/192.168.1.117:8086\/#organization"},"potentialAction":[{"@type":"SearchAction","target":{"@type":"EntryPoint","urlTemplate":"https:\/\/192.168.1.117:8086\/?s={search_term_string}"},"query-input":"required name=search_term_string"}],"inLanguage":"es"},{"@type":"ImageObject","@id":"https:\/\/acemesclerosis.org\/?page_id=26#primaryimage","inLanguage":"es","url":"https:\/\/acemesclerosis.org\/wp-content\/uploads\/2021\/09\/image_6483441-4.jpg","contentUrl":"https:\/\/acemesclerosis.org\/wp-content\/uploads\/2021\/09\/image_6483441-4.jpg","width":1610,"height":1851},{"@type":"WebPage","@id":"https:\/\/acemesclerosis.org\/?page_id=26#webpage","url":"https:\/\/acemesclerosis.org\/?page_id=26","name":"Equipo - ACEM Esclerosis","isPartOf":{"@id":"https:\/\/192.168.1.117:8086\/#website"},"primaryImageOfPage":{"@id":"https:\/\/acemesclerosis.org\/?page_id=26#primaryimage"},"datePublished":"2021-08-12T09:16:03+00:00","dateModified":"2025-04-15T08:59:56+00:00","breadcrumb":{"@id":"https:\/\/acemesclerosis.org\/?page_id=26#breadcrumb"},"inLanguage":"es","potentialAction":[{"@type":"ReadAction","target":["https:\/\/acemesclerosis.org\/?page_id=26"]}]},{"@type":"BreadcrumbList","@id":"https:\/\/acemesclerosis.org\/?page_id=26#breadcrumb","itemListElement":[{"@type":"ListItem","position":1,"name":"Portada","item":"https:\/\/192.168.1.117:8086\/"},{"@type":"ListItem","position":2,"name":"Equipo"}]}]}},"_links":{"self":[{"href":"https:\/\/acemesclerosis.org\/index.php?rest_route=\/wp\/v2\/pages\/26","targetHints":{"allow":["GET"]}}],"collection":[{"href":"https:\/\/acemesclerosis.org\/index.php?rest_route=\/wp\/v2\/pages"}],"about":[{"href":"https:\/\/acemesclerosis.org\/index.php?rest_route=\/wp\/v2\/types\/page"}],"author":[{"embeddable":true,"href":"https:\/\/acemesclerosis.org\/index.php?rest_route=\/wp\/v2\/users\/1"}],"replies":[{"embeddable":true,"href":"https:\/\/acemesclerosis.org\/index.php?rest_route=%2Fwp%2Fv2%2Fcomments&post=26"}],"version-history":[{"count":25,"href":"https:\/\/acemesclerosis.org\/index.php?rest_route=\/wp\/v2\/pages\/26\/revisions"}],"predecessor-version":[{"id":4562,"href":"https:\/\/acemesclerosis.org\/index.php?rest_route=\/wp\/v2\/pages\/26\/revisions\/4562"}],"wp:attachment":[{"href":"https:\/\/acemesclerosis.org\/index.php?rest_route=%2Fwp%2Fv2%2Fmedia&parent=26"}],"curies":[{"name":"wp","href":"https:\/\/api.w.org\/{rel}","templated":true}]}}