{"id":269,"date":"2021-09-27T08:45:42","date_gmt":"2021-09-27T08:45:42","guid":{"rendered":"https:\/\/acemesclerosis.org\/?page_id=269"},"modified":"2025-04-15T09:13:02","modified_gmt":"2025-04-15T09:13:02","slug":"trabajo-social","status":"publish","type":"page","link":"https:\/\/acemesclerosis.org\/?page_id=269","title":{"rendered":"Trabajo Social"},"content":{"rendered":"\t\t<div data-elementor-type=\"wp-page\" data-elementor-id=\"269\" class=\"elementor elementor-269\" data-elementor-settings=\"[]\">\n\t\t\t\t\t\t\t<div class=\"elementor-section-wrap\">\n\t\t\t\t\t\t\t<section class=\"elementor-section elementor-top-section elementor-element elementor-element-86375de elementor-section-full_width elementor-section-height-min-height elementor-section-height-default elementor-section-items-middle\" data-id=\"86375de\" data-element_type=\"section\" data-settings=\"{&quot;background_background&quot;:&quot;classic&quot;,&quot;background_motion_fx_motion_fx_scrolling&quot;:&quot;yes&quot;,&quot;background_motion_fx_devices&quot;:[&quot;desktop&quot;,&quot;tablet&quot;,&quot;mobile&quot;]}\">\n\t\t\t\t\t\t<div class=\"elementor-container elementor-column-gap-no\">\n\t\t\t\t\t<div class=\"elementor-column elementor-col-100 elementor-top-column elementor-element elementor-element-f1fb508\" data-id=\"f1fb508\" data-element_type=\"column\">\n\t\t\t<div class=\"elementor-widget-wrap elementor-element-populated\">\n\t\t\t\t\t\t\t\t<div class=\"elementor-element elementor-element-aa78195 elementor--h-position-center elementor--v-position-middle elementor-arrows-position-inside elementor-pagination-position-inside elementor-widget elementor-widget-slides\" data-id=\"aa78195\" data-element_type=\"widget\" data-settings=\"{&quot;navigation&quot;:&quot;both&quot;,&quot;autoplay&quot;:&quot;yes&quot;,&quot;pause_on_hover&quot;:&quot;yes&quot;,&quot;pause_on_interaction&quot;:&quot;yes&quot;,&quot;autoplay_speed&quot;:5000,&quot;infinite&quot;:&quot;yes&quot;,&quot;transition&quot;:&quot;slide&quot;,&quot;transition_speed&quot;:500}\" data-widget_type=\"slides.default\">\n\t\t\t\t<div class=\"elementor-widget-container\">\n\t\t\t\t\t<div class=\"elementor-swiper\">\n\t\t\t<div class=\"elementor-slides-wrapper elementor-main-swiper swiper-container\" dir=\"ltr\" data-animation=\"fadeInUp\">\n\t\t\t\t<div class=\"swiper-wrapper elementor-slides\">\n\t\t\t\t\t<div class=\"elementor-repeater-item-ebf784f swiper-slide\"><div class=\"swiper-slide-bg\"><\/div><div class=\"swiper-slide-inner\" ><div class=\"swiper-slide-contents\"><\/div><\/div><\/div>\t\t\t\t<\/div>\n\t\t\t\t\t\t\t<\/div>\n\t\t<\/div>\n\t\t\t\t<\/div>\n\t\t\t\t<\/div>\n\t\t\t\t\t<\/div>\n\t\t<\/div>\n\t\t\t\t\t\t\t<\/div>\n\t\t<\/section>\n\t\t\t\t<section class=\"elementor-section elementor-top-section elementor-element elementor-element-64e558e elementor-section-boxed elementor-section-height-default elementor-section-height-default\" data-id=\"64e558e\" data-element_type=\"section\" data-settings=\"{&quot;background_background&quot;:&quot;classic&quot;}\">\n\t\t\t\t\t\t<div class=\"elementor-container elementor-column-gap-default\">\n\t\t\t\t\t<div class=\"elementor-column elementor-col-100 elementor-top-column elementor-element elementor-element-7daaebf\" data-id=\"7daaebf\" data-element_type=\"column\">\n\t\t\t<div class=\"elementor-widget-wrap elementor-element-populated\">\n\t\t\t\t\t\t\t\t<div class=\"elementor-element elementor-element-a12d965 elementor-widget elementor-widget-heading\" data-id=\"a12d965\" data-element_type=\"widget\" data-widget_type=\"heading.default\">\n\t\t\t\t<div class=\"elementor-widget-container\">\n\t\t\t<h2 class=\"elementor-heading-title elementor-size-default\">\n\ntrabajo social\n<\/h2>\t\t<\/div>\n\t\t\t\t<\/div>\n\t\t\t\t\t<\/div>\n\t\t<\/div>\n\t\t\t\t\t\t\t<\/div>\n\t\t<\/section>\n\t\t\t\t<section class=\"elementor-section elementor-top-section elementor-element elementor-element-d20046e elementor-section-boxed elementor-section-height-default elementor-section-height-default\" data-id=\"d20046e\" data-element_type=\"section\" data-settings=\"{&quot;background_background&quot;:&quot;classic&quot;}\">\n\t\t\t\t\t\t<div class=\"elementor-container elementor-column-gap-default\">\n\t\t\t\t\t<div class=\"elementor-column elementor-col-100 elementor-top-column elementor-element elementor-element-b58d5d5\" data-id=\"b58d5d5\" data-element_type=\"column\">\n\t\t\t<div class=\"elementor-widget-wrap elementor-element-populated\">\n\t\t\t\t\t\t\t\t<div class=\"elementor-element elementor-element-6c3656c elementor-widget elementor-widget-text-editor\" data-id=\"6c3656c\" data-element_type=\"widget\" data-widget_type=\"text-editor.default\">\n\t\t\t\t<div class=\"elementor-widget-container\">\n\t\t\t\t\t\t\t\t<p>Los aspectos sociales que rodean a la EM condicionan la vida de la persona que la padece y de sus familias tras el diagn\u00f3stico siendo por ello necesario proporcionar una atenci\u00f3n social integral que permita minimizar aquellas dificultades con las que se encuentran tanto la persona afectada por la EM como sus familiares en las actividades de la vida diaria. Es por ello que las intervenciones llevadas a cabo han tenido como objetivo contribuir en la mejora de alguna de las situaciones ya sea dentro del \u00e1mbito familiar, econ\u00f3mico, social\u2026) que permitiesen incrementar el nivel de autonom\u00eda personal como la mejora de la calidad de vida tanto de la persona afectada como la de su entorno.\u00a0<\/p><p>Los objetivos del servicio son los siguientes:<\/p><ul><li>Contribuir en la calidad de vida de las personas con EM y sus familias.<\/li><li>Atenci\u00f3n de las necesidades de las personas con EM y sus familias.<\/li><li>Gestionar y favorecer el acceso a los recursos socioecon\u00f3micos y laborales.<\/li><li>Potenciar la participaci\u00f3n social de las personas con EM.<\/li><li>Mejorar la integraci\u00f3n social de las personas con EM.<\/li><li>Facilitar el acceso a los recursos sociosanitarios.<\/li><li>Asesorar a las familias acerca de los recursos existentes en la comunidad.<\/li><li>Facilitar la visibilidad y concienciaci\u00f3n acerca de la EM a nivel comunitario.<\/li><li>Promover el voluntariado social entre los propios afectados y sus familias.<\/li><\/ul><p>\u00a0<\/p><p>La <em>Valoraci\u00f3n <\/em>de las demandas y las necesidades<em> s<\/em>e realiza a trav\u00e9s de una entrevista ya sea con la persona afectada y\/o un familiar y mediante la observaci\u00f3n directa.<\/p><p>La <em>intervenci\u00f3n<\/em> se lleva a cabo una vez finalizada la valoraci\u00f3n de las necesidades observadas y\/o de las demandas realizadas tanto por el propio afectado como por sus familias y se establecen los objetivos que permitan una mejora de la situaci\u00f3n actual.<\/p><p>El<em> Seguimiento:<\/em> Se lleva a cabo mediante el procedimiento utilizado en la valoraci\u00f3n, adem\u00e1s de la informaci\u00f3n que aporta la observaci\u00f3n en el d\u00eda a d\u00eda.<\/p><p>La<em> Evaluaci\u00f3n<\/em>: se realiza para evaluar si se han alcanzado los objetivos establecidos al principio del proceso de intervenci\u00f3n.<\/p>\t\t\t\t\t\t<\/div>\n\t\t\t\t<\/div>\n\t\t\t\t\t<\/div>\n\t\t<\/div>\n\t\t\t\t\t\t\t<\/div>\n\t\t<\/section>\n\t\t\t\t\t\t<\/div>\n\t\t\t\t\t<\/div>\n\t\t","protected":false},"excerpt":{"rendered":"<p>trabajo social Los aspectos sociales que rodean a la EM condicionan la vida de la persona que la padece y de sus familias tras el diagn\u00f3stico siendo por ello necesario proporcionar una atenci\u00f3n social integral que permita minimizar aquellas dificultades con las que se encuentran tanto la persona afectada por la EM como sus familiares [&hellip;]<\/p>\n","protected":false},"author":1,"featured_media":0,"parent":0,"menu_order":0,"comment_status":"closed","ping_status":"closed","template":"elementor_header_footer","meta":{"footnotes":""},"class_list":["post-269","page","type-page","status-publish","hentry"],"yoast_head":"<!-- This site is optimized with the Yoast SEO plugin v17.9 - https:\/\/yoast.com\/wordpress\/plugins\/seo\/ -->\n<title>Trabajo Social - ACEM Esclerosis<\/title>\n<meta name=\"robots\" content=\"index, follow, max-snippet:-1, max-image-preview:large, max-video-preview:-1\" \/>\n<link rel=\"canonical\" href=\"https:\/\/acemesclerosis.org\/?page_id=269\" \/>\n<meta property=\"og:locale\" content=\"es_ES\" \/>\n<meta property=\"og:type\" content=\"article\" \/>\n<meta property=\"og:title\" content=\"Trabajo Social - ACEM Esclerosis\" \/>\n<meta property=\"og:description\" content=\"trabajo social Los aspectos sociales que rodean a la EM condicionan la vida de la persona que la padece y de sus familias tras el diagn\u00f3stico siendo por ello necesario proporcionar una atenci\u00f3n social integral que permita minimizar aquellas dificultades con las que se encuentran tanto la persona afectada por la EM como sus familiares [&hellip;]\" \/>\n<meta property=\"og:url\" content=\"https:\/\/acemesclerosis.org\/?page_id=269\" \/>\n<meta property=\"og:site_name\" content=\"ACEM Esclerosis\" \/>\n<meta property=\"article:modified_time\" content=\"2025-04-15T09:13:02+00:00\" \/>\n<meta name=\"twitter:card\" content=\"summary_large_image\" \/>\n<meta name=\"twitter:label1\" content=\"Tiempo de lectura\" \/>\n\t<meta name=\"twitter:data1\" content=\"2 minutos\" \/>\n<script type=\"application\/ld+json\" class=\"yoast-schema-graph\">{\"@context\":\"https:\/\/schema.org\",\"@graph\":[{\"@type\":\"Organization\",\"@id\":\"https:\/\/192.168.1.117:8086\/#organization\",\"name\":\"Acem Esclerosis\",\"url\":\"https:\/\/192.168.1.117:8086\/\",\"sameAs\":[],\"logo\":{\"@type\":\"ImageObject\",\"@id\":\"https:\/\/192.168.1.117:8086\/#logo\",\"inLanguage\":\"es\",\"url\":\"https:\/\/acemesclerosis.org\/wp-content\/uploads\/2021\/09\/WhatsApp-Image-2021-09-27-at-14.06.43.jpeg\",\"contentUrl\":\"https:\/\/acemesclerosis.org\/wp-content\/uploads\/2021\/09\/WhatsApp-Image-2021-09-27-at-14.06.43.jpeg\",\"width\":1600,\"height\":592,\"caption\":\"Acem Esclerosis\"},\"image\":{\"@id\":\"https:\/\/192.168.1.117:8086\/#logo\"}},{\"@type\":\"WebSite\",\"@id\":\"https:\/\/192.168.1.117:8086\/#website\",\"url\":\"https:\/\/192.168.1.117:8086\/\",\"name\":\"ACEM Esclerosis\",\"description\":\"Asociaci\\u00f3n Coru\\u00f1esa de Esclerosis M\\u00faltiple\",\"publisher\":{\"@id\":\"https:\/\/192.168.1.117:8086\/#organization\"},\"potentialAction\":[{\"@type\":\"SearchAction\",\"target\":{\"@type\":\"EntryPoint\",\"urlTemplate\":\"https:\/\/192.168.1.117:8086\/?s={search_term_string}\"},\"query-input\":\"required name=search_term_string\"}],\"inLanguage\":\"es\"},{\"@type\":\"WebPage\",\"@id\":\"https:\/\/acemesclerosis.org\/?page_id=269#webpage\",\"url\":\"https:\/\/acemesclerosis.org\/?page_id=269\",\"name\":\"Trabajo Social - ACEM Esclerosis\",\"isPartOf\":{\"@id\":\"https:\/\/192.168.1.117:8086\/#website\"},\"datePublished\":\"2021-09-27T08:45:42+00:00\",\"dateModified\":\"2025-04-15T09:13:02+00:00\",\"breadcrumb\":{\"@id\":\"https:\/\/acemesclerosis.org\/?page_id=269#breadcrumb\"},\"inLanguage\":\"es\",\"potentialAction\":[{\"@type\":\"ReadAction\",\"target\":[\"https:\/\/acemesclerosis.org\/?page_id=269\"]}]},{\"@type\":\"BreadcrumbList\",\"@id\":\"https:\/\/acemesclerosis.org\/?page_id=269#breadcrumb\",\"itemListElement\":[{\"@type\":\"ListItem\",\"position\":1,\"name\":\"Portada\",\"item\":\"https:\/\/192.168.1.117:8086\/\"},{\"@type\":\"ListItem\",\"position\":2,\"name\":\"Trabajo Social\"}]}]}<\/script>\n<!-- \/ Yoast SEO plugin. -->","yoast_head_json":{"title":"Trabajo Social - ACEM Esclerosis","robots":{"index":"index","follow":"follow","max-snippet":"max-snippet:-1","max-image-preview":"max-image-preview:large","max-video-preview":"max-video-preview:-1"},"canonical":"https:\/\/acemesclerosis.org\/?page_id=269","og_locale":"es_ES","og_type":"article","og_title":"Trabajo Social - ACEM Esclerosis","og_description":"trabajo social Los aspectos sociales que rodean a la EM condicionan la vida de la persona que la padece y de sus familias tras el diagn\u00f3stico siendo por ello necesario proporcionar una atenci\u00f3n social integral que permita minimizar aquellas dificultades con las que se encuentran tanto la persona afectada por la EM como sus familiares [&hellip;]","og_url":"https:\/\/acemesclerosis.org\/?page_id=269","og_site_name":"ACEM Esclerosis","article_modified_time":"2025-04-15T09:13:02+00:00","twitter_card":"summary_large_image","twitter_misc":{"Tiempo de lectura":"2 minutos"},"schema":{"@context":"https:\/\/schema.org","@graph":[{"@type":"Organization","@id":"https:\/\/192.168.1.117:8086\/#organization","name":"Acem Esclerosis","url":"https:\/\/192.168.1.117:8086\/","sameAs":[],"logo":{"@type":"ImageObject","@id":"https:\/\/192.168.1.117:8086\/#logo","inLanguage":"es","url":"https:\/\/acemesclerosis.org\/wp-content\/uploads\/2021\/09\/WhatsApp-Image-2021-09-27-at-14.06.43.jpeg","contentUrl":"https:\/\/acemesclerosis.org\/wp-content\/uploads\/2021\/09\/WhatsApp-Image-2021-09-27-at-14.06.43.jpeg","width":1600,"height":592,"caption":"Acem Esclerosis"},"image":{"@id":"https:\/\/192.168.1.117:8086\/#logo"}},{"@type":"WebSite","@id":"https:\/\/192.168.1.117:8086\/#website","url":"https:\/\/192.168.1.117:8086\/","name":"ACEM Esclerosis","description":"Asociaci\u00f3n Coru\u00f1esa de Esclerosis M\u00faltiple","publisher":{"@id":"https:\/\/192.168.1.117:8086\/#organization"},"potentialAction":[{"@type":"SearchAction","target":{"@type":"EntryPoint","urlTemplate":"https:\/\/192.168.1.117:8086\/?s={search_term_string}"},"query-input":"required name=search_term_string"}],"inLanguage":"es"},{"@type":"WebPage","@id":"https:\/\/acemesclerosis.org\/?page_id=269#webpage","url":"https:\/\/acemesclerosis.org\/?page_id=269","name":"Trabajo Social - ACEM Esclerosis","isPartOf":{"@id":"https:\/\/192.168.1.117:8086\/#website"},"datePublished":"2021-09-27T08:45:42+00:00","dateModified":"2025-04-15T09:13:02+00:00","breadcrumb":{"@id":"https:\/\/acemesclerosis.org\/?page_id=269#breadcrumb"},"inLanguage":"es","potentialAction":[{"@type":"ReadAction","target":["https:\/\/acemesclerosis.org\/?page_id=269"]}]},{"@type":"BreadcrumbList","@id":"https:\/\/acemesclerosis.org\/?page_id=269#breadcrumb","itemListElement":[{"@type":"ListItem","position":1,"name":"Portada","item":"https:\/\/192.168.1.117:8086\/"},{"@type":"ListItem","position":2,"name":"Trabajo Social"}]}]}},"_links":{"self":[{"href":"https:\/\/acemesclerosis.org\/index.php?rest_route=\/wp\/v2\/pages\/269","targetHints":{"allow":["GET"]}}],"collection":[{"href":"https:\/\/acemesclerosis.org\/index.php?rest_route=\/wp\/v2\/pages"}],"about":[{"href":"https:\/\/acemesclerosis.org\/index.php?rest_route=\/wp\/v2\/types\/page"}],"author":[{"embeddable":true,"href":"https:\/\/acemesclerosis.org\/index.php?rest_route=\/wp\/v2\/users\/1"}],"replies":[{"embeddable":true,"href":"https:\/\/acemesclerosis.org\/index.php?rest_route=%2Fwp%2Fv2%2Fcomments&post=269"}],"version-history":[{"count":49,"href":"https:\/\/acemesclerosis.org\/index.php?rest_route=\/wp\/v2\/pages\/269\/revisions"}],"predecessor-version":[{"id":4575,"href":"https:\/\/acemesclerosis.org\/index.php?rest_route=\/wp\/v2\/pages\/269\/revisions\/4575"}],"wp:attachment":[{"href":"https:\/\/acemesclerosis.org\/index.php?rest_route=%2Fwp%2Fv2%2Fmedia&parent=269"}],"curies":[{"name":"wp","href":"https:\/\/api.w.org\/{rel}","templated":true}]}}