{"id":3301,"date":"2024-04-04T10:36:06","date_gmt":"2024-04-04T10:36:06","guid":{"rendered":"https:\/\/acemesclerosis.org\/?page_id=3301"},"modified":"2025-04-16T06:23:25","modified_gmt":"2025-04-16T06:23:25","slug":"servicio-de-acogida","status":"publish","type":"page","link":"https:\/\/acemesclerosis.org\/?page_id=3301","title":{"rendered":"Servicio de valoraci\u00f3n y asesoramiento"},"content":{"rendered":"\t\t<div data-elementor-type=\"wp-page\" data-elementor-id=\"3301\" class=\"elementor elementor-3301\" data-elementor-settings=\"[]\">\n\t\t\t\t\t\t\t<div class=\"elementor-section-wrap\">\n\t\t\t\t\t\t\t<section class=\"elementor-section elementor-top-section elementor-element elementor-element-35168f80 elementor-section-boxed elementor-section-height-default elementor-section-height-default\" data-id=\"35168f80\" data-element_type=\"section\">\n\t\t\t\t\t\t<div class=\"elementor-container elementor-column-gap-default\">\n\t\t\t\t\t<div class=\"elementor-column elementor-col-100 elementor-top-column elementor-element elementor-element-2bbd2a2c\" data-id=\"2bbd2a2c\" data-element_type=\"column\">\n\t\t\t<div class=\"elementor-widget-wrap elementor-element-populated\">\n\t\t\t\t\t\t\t\t<div class=\"elementor-element elementor-element-6143cf7 elementor--h-position-center elementor--v-position-middle elementor-arrows-position-inside elementor-pagination-position-inside elementor-widget elementor-widget-slides\" data-id=\"6143cf7\" data-element_type=\"widget\" data-settings=\"{&quot;navigation&quot;:&quot;both&quot;,&quot;autoplay&quot;:&quot;yes&quot;,&quot;pause_on_hover&quot;:&quot;yes&quot;,&quot;pause_on_interaction&quot;:&quot;yes&quot;,&quot;autoplay_speed&quot;:5000,&quot;infinite&quot;:&quot;yes&quot;,&quot;transition&quot;:&quot;slide&quot;,&quot;transition_speed&quot;:500}\" data-widget_type=\"slides.default\">\n\t\t\t\t<div class=\"elementor-widget-container\">\n\t\t\t\t\t<div class=\"elementor-swiper\">\n\t\t\t<div class=\"elementor-slides-wrapper elementor-main-swiper swiper-container\" dir=\"ltr\" data-animation=\"fadeInUp\">\n\t\t\t\t<div class=\"swiper-wrapper elementor-slides\">\n\t\t\t\t\t<div class=\"elementor-repeater-item-ebf784f swiper-slide\"><div class=\"swiper-slide-bg\"><\/div><div class=\"swiper-slide-inner\" ><div class=\"swiper-slide-contents\"><\/div><\/div><\/div>\t\t\t\t<\/div>\n\t\t\t\t\t\t\t<\/div>\n\t\t<\/div>\n\t\t\t\t<\/div>\n\t\t\t\t<\/div>\n\t\t\t\t<div class=\"elementor-element elementor-element-b33e1d6 elementor-widget elementor-widget-heading\" data-id=\"b33e1d6\" data-element_type=\"widget\" data-widget_type=\"heading.default\">\n\t\t\t\t<div class=\"elementor-widget-container\">\n\t\t\t<h2 class=\"elementor-heading-title elementor-size-default\">Servicio de Psicolog\u00eda<\/h2>\t\t<\/div>\n\t\t\t\t<\/div>\n\t\t\t\t<div class=\"elementor-element elementor-element-11e71e8 elementor-widget elementor-widget-text-editor\" data-id=\"11e71e8\" data-element_type=\"widget\" data-widget_type=\"text-editor.default\">\n\t\t\t\t<div class=\"elementor-widget-container\">\n\t\t\t\t\t\t\t\t<p>La esclerosis m\u00faltiple transforma tu vida de manera inesperada. Ya seas paciente o familiar, el diagn\u00f3stico suele ser uno de los eventos m\u00e1s estresantes y dif\u00edciles de afrontar. El impacto emocional que conlleva puede ser abrumador, y es com\u00fan experimentar una variedad de reacciones, como ansiedad o depresi\u00f3n. De hecho, se estima que entre el 50% y el 70% de los pacientes con esclerosis m\u00faltiple enfrentan problemas emocionales significativos debido a la enfermedad.<\/p><p><strong>\u00bfC\u00f3mo puede ayudarte la psicolog\u00eda en este proceso?<br \/><\/strong>Un psic\u00f3logo especializado en esclerosis m\u00faltiple no solo aborda la enfermedad y sus tratamientos, sino que tiene en cuenta todas las dimensiones de tu vida. A continuaci\u00f3n, te mostramos algunas de las formas en que un profesional puede apoyarte en:\u00a0<\/p><ul><li>Lidiar con el impacto del diagn\u00f3stico.<\/li><li>Gestionar las emociones.<\/li><li>Manejar los s\u00edntomas.<\/li><li>Aceptar las p\u00e9rdidas asociadas a la enfermedad.<\/li><li>Acompa\u00f1ar en el proceso m\u00e9dico.<\/li><li>Mejorar la comunicaci\u00f3n con profesionales sanitarios.\u00a0<\/li><li>Mejorar las relaciones familiares y con seres queridos.<\/li><li>Acompa\u00f1amiento al cuidador o familiar.<\/li><li>Resiliencia frente a la enfermedad.<\/li><\/ul><p><strong>Tu bienestar emocional es esencial<br \/><\/strong>Pedir ayuda es un paso importante para afrontar la esclerosis m\u00faltiple de manera integral. En nuestro servicio de psicolog\u00eda, ofrecemos apoyo especializado para ayudarte a gestionar todas las dimensiones emocionales de la enfermedad, favoreciendo tu bienestar y el de tus seres queridos. No est\u00e1s solo\/a en este camino: podemos acompa\u00f1arte en cada fase de la enfermedad.<\/p><p>Cont\u00e1ctanos para obtener m\u00e1s informaci\u00f3n sobre c\u00f3mo podemos ayudarte.<\/p><p>\u00a0<\/p>\t\t\t\t\t\t<\/div>\n\t\t\t\t<\/div>\n\t\t\t\t\t<\/div>\n\t\t<\/div>\n\t\t\t\t\t\t\t<\/div>\n\t\t<\/section>\n\t\t\t\t<section class=\"elementor-section elementor-top-section elementor-element elementor-element-fb8f9cb elementor-section-full_width elementor-section-height-min-height elementor-section-height-default elementor-section-items-middle\" data-id=\"fb8f9cb\" data-element_type=\"section\" data-settings=\"{&quot;background_background&quot;:&quot;classic&quot;,&quot;background_motion_fx_motion_fx_scrolling&quot;:&quot;yes&quot;,&quot;background_motion_fx_devices&quot;:[&quot;desktop&quot;,&quot;tablet&quot;,&quot;mobile&quot;]}\">\n\t\t\t\t\t\t<div class=\"elementor-container elementor-column-gap-no\">\n\t\t\t\t\t<div class=\"elementor-column elementor-col-100 elementor-top-column elementor-element elementor-element-23bfb3b\" data-id=\"23bfb3b\" data-element_type=\"column\">\n\t\t\t<div class=\"elementor-widget-wrap\">\n\t\t\t\t\t\t\t\t\t<\/div>\n\t\t<\/div>\n\t\t\t\t\t\t\t<\/div>\n\t\t<\/section>\n\t\t\t\t\t\t<\/div>\n\t\t\t\t\t<\/div>\n\t\t","protected":false},"excerpt":{"rendered":"<p>Servicio de Psicolog\u00eda La esclerosis m\u00faltiple transforma tu vida de manera inesperada. Ya seas paciente o familiar, el diagn\u00f3stico suele ser uno de los eventos m\u00e1s estresantes y dif\u00edciles de afrontar. El impacto emocional que conlleva puede ser abrumador, y es com\u00fan experimentar una variedad de reacciones, como ansiedad o depresi\u00f3n. De hecho, se estima [&hellip;]<\/p>\n","protected":false},"author":2,"featured_media":3164,"parent":28,"menu_order":-10,"comment_status":"closed","ping_status":"closed","template":"","meta":{"footnotes":""},"class_list":["post-3301","page","type-page","status-publish","has-post-thumbnail","hentry"],"yoast_head":"<!-- This site is optimized with the Yoast SEO plugin v17.9 - https:\/\/yoast.com\/wordpress\/plugins\/seo\/ -->\n<title>Servicio de valoraci\u00f3n y asesoramiento - ACEM Esclerosis<\/title>\n<meta name=\"robots\" content=\"index, follow, max-snippet:-1, max-image-preview:large, max-video-preview:-1\" \/>\n<link rel=\"canonical\" href=\"https:\/\/acemesclerosis.org\/?page_id=3301\" \/>\n<meta property=\"og:locale\" content=\"es_ES\" \/>\n<meta property=\"og:type\" content=\"article\" \/>\n<meta property=\"og:title\" content=\"Servicio de valoraci\u00f3n y asesoramiento - ACEM Esclerosis\" \/>\n<meta property=\"og:description\" content=\"Servicio de Psicolog\u00eda La esclerosis m\u00faltiple transforma tu vida de manera inesperada. Ya seas paciente o familiar, el diagn\u00f3stico suele ser uno de los eventos m\u00e1s estresantes y dif\u00edciles de afrontar. El impacto emocional que conlleva puede ser abrumador, y es com\u00fan experimentar una variedad de reacciones, como ansiedad o depresi\u00f3n. De hecho, se estima [&hellip;]\" \/>\n<meta property=\"og:url\" content=\"https:\/\/acemesclerosis.org\/?page_id=3301\" \/>\n<meta property=\"og:site_name\" content=\"ACEM Esclerosis\" \/>\n<meta property=\"article:modified_time\" content=\"2025-04-16T06:23:25+00:00\" \/>\n<meta property=\"og:image\" content=\"https:\/\/acemesclerosis.org\/wp-content\/uploads\/2024\/04\/sara.jpg\" \/>\n\t<meta property=\"og:image:width\" content=\"1074\" \/>\n\t<meta property=\"og:image:height\" content=\"794\" \/>\n\t<meta property=\"og:image:type\" content=\"image\/jpeg\" \/>\n<meta name=\"twitter:card\" content=\"summary_large_image\" \/>\n<meta name=\"twitter:label1\" content=\"Tiempo de lectura\" \/>\n\t<meta name=\"twitter:data1\" content=\"1 minuto\" \/>\n<script type=\"application\/ld+json\" class=\"yoast-schema-graph\">{\"@context\":\"https:\/\/schema.org\",\"@graph\":[{\"@type\":\"Organization\",\"@id\":\"https:\/\/192.168.1.117:8086\/#organization\",\"name\":\"Acem Esclerosis\",\"url\":\"https:\/\/192.168.1.117:8086\/\",\"sameAs\":[],\"logo\":{\"@type\":\"ImageObject\",\"@id\":\"https:\/\/192.168.1.117:8086\/#logo\",\"inLanguage\":\"es\",\"url\":\"https:\/\/acemesclerosis.org\/wp-content\/uploads\/2021\/09\/WhatsApp-Image-2021-09-27-at-14.06.43.jpeg\",\"contentUrl\":\"https:\/\/acemesclerosis.org\/wp-content\/uploads\/2021\/09\/WhatsApp-Image-2021-09-27-at-14.06.43.jpeg\",\"width\":1600,\"height\":592,\"caption\":\"Acem Esclerosis\"},\"image\":{\"@id\":\"https:\/\/192.168.1.117:8086\/#logo\"}},{\"@type\":\"WebSite\",\"@id\":\"https:\/\/192.168.1.117:8086\/#website\",\"url\":\"https:\/\/192.168.1.117:8086\/\",\"name\":\"ACEM Esclerosis\",\"description\":\"Asociaci\\u00f3n Coru\\u00f1esa de Esclerosis M\\u00faltiple\",\"publisher\":{\"@id\":\"https:\/\/192.168.1.117:8086\/#organization\"},\"potentialAction\":[{\"@type\":\"SearchAction\",\"target\":{\"@type\":\"EntryPoint\",\"urlTemplate\":\"https:\/\/192.168.1.117:8086\/?s={search_term_string}\"},\"query-input\":\"required name=search_term_string\"}],\"inLanguage\":\"es\"},{\"@type\":\"ImageObject\",\"@id\":\"https:\/\/acemesclerosis.org\/?page_id=3301#primaryimage\",\"inLanguage\":\"es\",\"url\":\"https:\/\/acemesclerosis.org\/wp-content\/uploads\/2024\/04\/sara.jpg\",\"contentUrl\":\"https:\/\/acemesclerosis.org\/wp-content\/uploads\/2024\/04\/sara.jpg\",\"width\":1074,\"height\":794,\"caption\":\"servicio de acogida\"},{\"@type\":\"WebPage\",\"@id\":\"https:\/\/acemesclerosis.org\/?page_id=3301#webpage\",\"url\":\"https:\/\/acemesclerosis.org\/?page_id=3301\",\"name\":\"Servicio de valoraci\\u00f3n y asesoramiento - ACEM Esclerosis\",\"isPartOf\":{\"@id\":\"https:\/\/192.168.1.117:8086\/#website\"},\"primaryImageOfPage\":{\"@id\":\"https:\/\/acemesclerosis.org\/?page_id=3301#primaryimage\"},\"datePublished\":\"2024-04-04T10:36:06+00:00\",\"dateModified\":\"2025-04-16T06:23:25+00:00\",\"breadcrumb\":{\"@id\":\"https:\/\/acemesclerosis.org\/?page_id=3301#breadcrumb\"},\"inLanguage\":\"es\",\"potentialAction\":[{\"@type\":\"ReadAction\",\"target\":[\"https:\/\/acemesclerosis.org\/?page_id=3301\"]}]},{\"@type\":\"BreadcrumbList\",\"@id\":\"https:\/\/acemesclerosis.org\/?page_id=3301#breadcrumb\",\"itemListElement\":[{\"@type\":\"ListItem\",\"position\":1,\"name\":\"Portada\",\"item\":\"https:\/\/192.168.1.117:8086\/\"},{\"@type\":\"ListItem\",\"position\":2,\"name\":\"Servicios\",\"item\":\"https:\/\/acemesclerosis.org\/?page_id=28\"},{\"@type\":\"ListItem\",\"position\":3,\"name\":\"Servicio de valoraci\\u00f3n y asesoramiento\"}]}]}<\/script>\n<!-- \/ Yoast SEO plugin. -->","yoast_head_json":{"title":"Servicio de valoraci\u00f3n y asesoramiento - ACEM Esclerosis","robots":{"index":"index","follow":"follow","max-snippet":"max-snippet:-1","max-image-preview":"max-image-preview:large","max-video-preview":"max-video-preview:-1"},"canonical":"https:\/\/acemesclerosis.org\/?page_id=3301","og_locale":"es_ES","og_type":"article","og_title":"Servicio de valoraci\u00f3n y asesoramiento - ACEM Esclerosis","og_description":"Servicio de Psicolog\u00eda La esclerosis m\u00faltiple transforma tu vida de manera inesperada. Ya seas paciente o familiar, el diagn\u00f3stico suele ser uno de los eventos m\u00e1s estresantes y dif\u00edciles de afrontar. El impacto emocional que conlleva puede ser abrumador, y es com\u00fan experimentar una variedad de reacciones, como ansiedad o depresi\u00f3n. De hecho, se estima [&hellip;]","og_url":"https:\/\/acemesclerosis.org\/?page_id=3301","og_site_name":"ACEM Esclerosis","article_modified_time":"2025-04-16T06:23:25+00:00","og_image":[{"width":1074,"height":794,"url":"https:\/\/acemesclerosis.org\/wp-content\/uploads\/2024\/04\/sara.jpg","type":"image\/jpeg"}],"twitter_card":"summary_large_image","twitter_misc":{"Tiempo de lectura":"1 minuto"},"schema":{"@context":"https:\/\/schema.org","@graph":[{"@type":"Organization","@id":"https:\/\/192.168.1.117:8086\/#organization","name":"Acem Esclerosis","url":"https:\/\/192.168.1.117:8086\/","sameAs":[],"logo":{"@type":"ImageObject","@id":"https:\/\/192.168.1.117:8086\/#logo","inLanguage":"es","url":"https:\/\/acemesclerosis.org\/wp-content\/uploads\/2021\/09\/WhatsApp-Image-2021-09-27-at-14.06.43.jpeg","contentUrl":"https:\/\/acemesclerosis.org\/wp-content\/uploads\/2021\/09\/WhatsApp-Image-2021-09-27-at-14.06.43.jpeg","width":1600,"height":592,"caption":"Acem Esclerosis"},"image":{"@id":"https:\/\/192.168.1.117:8086\/#logo"}},{"@type":"WebSite","@id":"https:\/\/192.168.1.117:8086\/#website","url":"https:\/\/192.168.1.117:8086\/","name":"ACEM Esclerosis","description":"Asociaci\u00f3n Coru\u00f1esa de Esclerosis M\u00faltiple","publisher":{"@id":"https:\/\/192.168.1.117:8086\/#organization"},"potentialAction":[{"@type":"SearchAction","target":{"@type":"EntryPoint","urlTemplate":"https:\/\/192.168.1.117:8086\/?s={search_term_string}"},"query-input":"required name=search_term_string"}],"inLanguage":"es"},{"@type":"ImageObject","@id":"https:\/\/acemesclerosis.org\/?page_id=3301#primaryimage","inLanguage":"es","url":"https:\/\/acemesclerosis.org\/wp-content\/uploads\/2024\/04\/sara.jpg","contentUrl":"https:\/\/acemesclerosis.org\/wp-content\/uploads\/2024\/04\/sara.jpg","width":1074,"height":794,"caption":"servicio de acogida"},{"@type":"WebPage","@id":"https:\/\/acemesclerosis.org\/?page_id=3301#webpage","url":"https:\/\/acemesclerosis.org\/?page_id=3301","name":"Servicio de valoraci\u00f3n y asesoramiento - ACEM Esclerosis","isPartOf":{"@id":"https:\/\/192.168.1.117:8086\/#website"},"primaryImageOfPage":{"@id":"https:\/\/acemesclerosis.org\/?page_id=3301#primaryimage"},"datePublished":"2024-04-04T10:36:06+00:00","dateModified":"2025-04-16T06:23:25+00:00","breadcrumb":{"@id":"https:\/\/acemesclerosis.org\/?page_id=3301#breadcrumb"},"inLanguage":"es","potentialAction":[{"@type":"ReadAction","target":["https:\/\/acemesclerosis.org\/?page_id=3301"]}]},{"@type":"BreadcrumbList","@id":"https:\/\/acemesclerosis.org\/?page_id=3301#breadcrumb","itemListElement":[{"@type":"ListItem","position":1,"name":"Portada","item":"https:\/\/192.168.1.117:8086\/"},{"@type":"ListItem","position":2,"name":"Servicios","item":"https:\/\/acemesclerosis.org\/?page_id=28"},{"@type":"ListItem","position":3,"name":"Servicio de valoraci\u00f3n y asesoramiento"}]}]}},"_links":{"self":[{"href":"https:\/\/acemesclerosis.org\/index.php?rest_route=\/wp\/v2\/pages\/3301","targetHints":{"allow":["GET"]}}],"collection":[{"href":"https:\/\/acemesclerosis.org\/index.php?rest_route=\/wp\/v2\/pages"}],"about":[{"href":"https:\/\/acemesclerosis.org\/index.php?rest_route=\/wp\/v2\/types\/page"}],"author":[{"embeddable":true,"href":"https:\/\/acemesclerosis.org\/index.php?rest_route=\/wp\/v2\/users\/2"}],"replies":[{"embeddable":true,"href":"https:\/\/acemesclerosis.org\/index.php?rest_route=%2Fwp%2Fv2%2Fcomments&post=3301"}],"version-history":[{"count":13,"href":"https:\/\/acemesclerosis.org\/index.php?rest_route=\/wp\/v2\/pages\/3301\/revisions"}],"predecessor-version":[{"id":4701,"href":"https:\/\/acemesclerosis.org\/index.php?rest_route=\/wp\/v2\/pages\/3301\/revisions\/4701"}],"up":[{"embeddable":true,"href":"https:\/\/acemesclerosis.org\/index.php?rest_route=\/wp\/v2\/pages\/28"}],"wp:featuredmedia":[{"embeddable":true,"href":"https:\/\/acemesclerosis.org\/index.php?rest_route=\/wp\/v2\/media\/3164"}],"wp:attachment":[{"href":"https:\/\/acemesclerosis.org\/index.php?rest_route=%2Fwp%2Fv2%2Fmedia&parent=3301"}],"curies":[{"name":"wp","href":"https:\/\/api.w.org\/{rel}","templated":true}]}}