{"id":3324,"date":"2024-04-09T11:58:18","date_gmt":"2024-04-09T11:58:18","guid":{"rendered":"https:\/\/acemesclerosis.org\/?page_id=3324"},"modified":"2024-04-10T08:03:28","modified_gmt":"2024-04-10T08:03:28","slug":"logopedia-2","status":"publish","type":"page","link":"https:\/\/acemesclerosis.org\/?page_id=3324&lang=gl","title":{"rendered":"LOGOPEDIA"},"content":{"rendered":"\t\t<div data-elementor-type=\"wp-page\" data-elementor-id=\"3324\" class=\"elementor elementor-3324\" data-elementor-settings=\"[]\">\n\t\t\t\t\t\t\t<div class=\"elementor-section-wrap\">\n\t\t\t\t\t\t\t<section class=\"elementor-section elementor-top-section elementor-element elementor-element-e4a48ca elementor-section-boxed elementor-section-height-default elementor-section-height-default\" data-id=\"e4a48ca\" data-element_type=\"section\">\n\t\t\t\t\t\t<div class=\"elementor-container elementor-column-gap-default\">\n\t\t\t\t\t<div class=\"elementor-column elementor-col-100 elementor-top-column elementor-element elementor-element-63004cbc\" data-id=\"63004cbc\" data-element_type=\"column\">\n\t\t\t<div class=\"elementor-widget-wrap elementor-element-populated\">\n\t\t\t\t\t\t\t\t<div class=\"elementor-element elementor-element-7a5aef8 elementor--h-position-center elementor--v-position-middle elementor-arrows-position-inside elementor-pagination-position-inside elementor-widget elementor-widget-slides\" data-id=\"7a5aef8\" data-element_type=\"widget\" data-settings=\"{&quot;navigation&quot;:&quot;both&quot;,&quot;autoplay&quot;:&quot;yes&quot;,&quot;pause_on_hover&quot;:&quot;yes&quot;,&quot;pause_on_interaction&quot;:&quot;yes&quot;,&quot;autoplay_speed&quot;:5000,&quot;infinite&quot;:&quot;yes&quot;,&quot;transition&quot;:&quot;slide&quot;,&quot;transition_speed&quot;:500}\" data-widget_type=\"slides.default\">\n\t\t\t\t<div class=\"elementor-widget-container\">\n\t\t\t\t\t<div class=\"elementor-swiper\">\n\t\t\t<div class=\"elementor-slides-wrapper elementor-main-swiper swiper-container\" dir=\"ltr\" data-animation=\"fadeInUp\">\n\t\t\t\t<div class=\"swiper-wrapper elementor-slides\">\n\t\t\t\t\t<div class=\"elementor-repeater-item-28d00ab swiper-slide\"><div class=\"swiper-slide-bg\"><\/div><div class=\"swiper-slide-inner\" ><div class=\"swiper-slide-contents\"><\/div><\/div><\/div>\t\t\t\t<\/div>\n\t\t\t\t\t\t\t<\/div>\n\t\t<\/div>\n\t\t\t\t<\/div>\n\t\t\t\t<\/div>\n\t\t\t\t<div class=\"elementor-element elementor-element-5d40a0b elementor-widget elementor-widget-heading\" data-id=\"5d40a0b\" data-element_type=\"widget\" data-widget_type=\"heading.default\">\n\t\t\t\t<div class=\"elementor-widget-container\">\n\t\t\t<h2 class=\"elementor-heading-title elementor-size-default\"><a href=\"https:\/\/acemesclerosis.org\/wp-admin\/post.php?post=3235&#038;action=edit\">Logopedia<\/a><\/h2>\t\t<\/div>\n\t\t\t\t<\/div>\n\t\t\t\t<div class=\"elementor-element elementor-element-387e3e0d elementor-widget elementor-widget-text-editor\" data-id=\"387e3e0d\" data-element_type=\"widget\" data-widget_type=\"text-editor.default\">\n\t\t\t\t<div class=\"elementor-widget-container\">\n\t\t\t\t\t\t\t\t<!-- wp:paragraph -->\n<p>En pacientes con Esclerose M\u00faltiple, adoitamos atopar dificultades ou alteraci\u00f3ns nos procesos que se abordan desde a logopedia. Estes son o fala, a linguaxe, a respiraci\u00f3n, a voz e a degluci\u00f3n. Tam\u00e9n, ab\u00f3rdanse diferentes funci\u00f3ns executivas que participan de maneira indirecta nos procesos mencionados anteriormente.\u00a0<\/p>\n<!-- \/wp:paragraph --><!-- wp:paragraph -->\n<p>\u00a0<\/p>\n<!-- \/wp:paragraph -->\t\t\t\t\t\t<\/div>\n\t\t\t\t<\/div>\n\t\t\t\t<div class=\"elementor-element elementor-element-97fe839 elementor-widget elementor-widget-heading\" data-id=\"97fe839\" data-element_type=\"widget\" data-widget_type=\"heading.default\">\n\t\t\t\t<div class=\"elementor-widget-container\">\n\t\t\t<h2 class=\"elementor-heading-title elementor-size-default\"><a href=\"https:\/\/acemesclerosis.org\/wp-admin\/post.php?post=3235&#038;action=edit\">Obxetivos<\/a><\/h2>\t\t<\/div>\n\t\t\t\t<\/div>\n\t\t\t\t<div class=\"elementor-element elementor-element-f0c5471 elementor-widget elementor-widget-text-editor\" data-id=\"f0c5471\" data-element_type=\"widget\" data-widget_type=\"text-editor.default\">\n\t\t\t\t<div class=\"elementor-widget-container\">\n\t\t\t\t\t\t\t\t<p><!-- wp:paragraph --><\/p>\n<p><!-- \/wp:paragraph --><!-- wp:paragraph --><\/p>\n<p><strong>\u00a0Xeral:\u00a0<\/strong><\/p>\n<ul>\n<li>Previr, diagnosticar e tratar as alteraci\u00f3ns para conseguir unha boa comunicaci\u00f3n e unha degluci\u00f3n segura e eficaz.<\/li>\n<\/ul>\n<p><!-- \/wp:paragraph --><!-- wp:paragraph --><\/p>\n<p>\u00a0<strong>Espec\u00edficos:<\/strong><\/p>\n<ul>\n<li>Mellorar o ritmo e a intelixibilidade do discurso.<\/li>\n<\/ul>\n<p><!-- \/wp:paragraph --><!-- wp:paragraph --><\/p>\n<ul>\n<li>Estimular a musculatura facial, lingual e bucal para favorecer a mobilidade coordinada e precisa.<\/li>\n<\/ul>\n<p><!-- \/wp:paragraph --><!-- wp:paragraph --><\/p>\n<ul>\n<li>Lograr un patr\u00f3n respiratorio m\u00e1is beneficioso para mellorar a coordinaci\u00f3n tanto fonorrespiratoria como de respiraci\u00f3n &#8211; degluci\u00f3n.\u00a0<\/li>\n<\/ul>\n<p><!-- \/wp:paragraph --><!-- wp:paragraph --><\/p>\n<ul>\n<li>Conseguir que a degluci\u00f3n sexa segura e eficaz, adestrando manobras deglutorias e\/o adaptando a dieta.<\/li>\n<\/ul>\n<p><!-- \/wp:paragraph --><!-- wp:paragraph --><\/p>\n<ul>\n<li>Mellorar a emisi\u00f3n da voz tentando diminu\u00edr a fatiga.<\/li>\n<\/ul>\n<p><!-- \/wp:paragraph --><\/p>\t\t\t\t\t\t<\/div>\n\t\t\t\t<\/div>\n\t\t\t\t\t<\/div>\n\t\t<\/div>\n\t\t\t\t\t\t\t<\/div>\n\t\t<\/section>\n\t\t\t\t<section class=\"elementor-section elementor-top-section elementor-element elementor-element-639ac1f elementor-section-boxed elementor-section-height-default elementor-section-height-default\" data-id=\"639ac1f\" data-element_type=\"section\">\n\t\t\t\t\t\t<div class=\"elementor-container elementor-column-gap-default\">\n\t\t\t\t\t<div class=\"elementor-column elementor-col-100 elementor-top-column elementor-element elementor-element-598a4cc\" data-id=\"598a4cc\" data-element_type=\"column\">\n\t\t\t<div class=\"elementor-widget-wrap\">\n\t\t\t\t\t\t\t\t\t<\/div>\n\t\t<\/div>\n\t\t\t\t\t\t\t<\/div>\n\t\t<\/section>\n\t\t\t\t\t\t<\/div>\n\t\t\t\t\t<\/div>\n\t\t","protected":false},"excerpt":{"rendered":"<p>Logopedia En pacientes con Esclerose M\u00faltiple, adoitamos atopar dificultades ou alteraci\u00f3ns nos procesos que se abordan desde a logopedia. Estes son o fala, a linguaxe, a respiraci\u00f3n, a voz e a degluci\u00f3n. Tam\u00e9n, ab\u00f3rdanse diferentes funci\u00f3ns executivas que participan de maneira indirecta nos procesos mencionados anteriormente.\u00a0 \u00a0 Obxetivos \u00a0Xeral:\u00a0 Previr, diagnosticar e tratar as alteraci\u00f3ns [&hellip;]<\/p>\n","protected":false},"author":2,"featured_media":3394,"parent":28,"menu_order":-12,"comment_status":"closed","ping_status":"closed","template":"","meta":{"footnotes":""},"class_list":["post-3324","page","type-page","status-publish","has-post-thumbnail","hentry"],"yoast_head":"<!-- This site is optimized with the Yoast SEO plugin v17.9 - https:\/\/yoast.com\/wordpress\/plugins\/seo\/ -->\n<title>LOGOPEDIA - ACEM Esclerosis<\/title>\n<meta name=\"robots\" content=\"index, follow, max-snippet:-1, max-image-preview:large, max-video-preview:-1\" \/>\n<link rel=\"canonical\" href=\"https:\/\/acemesclerosis.org\/?page_id=3324&#038;lang=gl\" \/>\n<meta property=\"og:locale\" content=\"es_ES\" \/>\n<meta property=\"og:type\" content=\"article\" \/>\n<meta property=\"og:title\" content=\"LOGOPEDIA - ACEM Esclerosis\" \/>\n<meta property=\"og:description\" content=\"Logopedia En pacientes con Esclerose M\u00faltiple, adoitamos atopar dificultades ou alteraci\u00f3ns nos procesos que se abordan desde a logopedia. Estes son o fala, a linguaxe, a respiraci\u00f3n, a voz e a degluci\u00f3n. Tam\u00e9n, ab\u00f3rdanse diferentes funci\u00f3ns executivas que participan de maneira indirecta nos procesos mencionados anteriormente.\u00a0 \u00a0 Obxetivos \u00a0Xeral:\u00a0 Previr, diagnosticar e tratar as alteraci\u00f3ns [&hellip;]\" \/>\n<meta property=\"og:url\" content=\"https:\/\/acemesclerosis.org\/?page_id=3324&amp;lang=gl\" \/>\n<meta property=\"og:site_name\" content=\"ACEM Esclerosis\" \/>\n<meta property=\"article:modified_time\" content=\"2024-04-10T08:03:28+00:00\" \/>\n<meta property=\"og:image\" content=\"https:\/\/acemesclerosis.org\/wp-content\/uploads\/2024\/04\/PHOTO-2024-04-09-18-40-25-1.jpg\" \/>\n\t<meta property=\"og:image:width\" content=\"1600\" \/>\n\t<meta property=\"og:image:height\" content=\"1200\" \/>\n\t<meta property=\"og:image:type\" content=\"image\/jpeg\" \/>\n<meta name=\"twitter:card\" content=\"summary_large_image\" \/>\n<meta name=\"twitter:label1\" content=\"Tiempo de lectura\" \/>\n\t<meta name=\"twitter:data1\" content=\"1 minuto\" \/>\n<script type=\"application\/ld+json\" class=\"yoast-schema-graph\">{\"@context\":\"https:\/\/schema.org\",\"@graph\":[{\"@type\":\"Organization\",\"@id\":\"https:\/\/192.168.1.117:8086\/#organization\",\"name\":\"Acem Esclerosis\",\"url\":\"https:\/\/192.168.1.117:8086\/\",\"sameAs\":[],\"logo\":{\"@type\":\"ImageObject\",\"@id\":\"https:\/\/192.168.1.117:8086\/#logo\",\"inLanguage\":\"es\",\"url\":\"https:\/\/acemesclerosis.org\/wp-content\/uploads\/2021\/09\/WhatsApp-Image-2021-09-27-at-14.06.43.jpeg\",\"contentUrl\":\"https:\/\/acemesclerosis.org\/wp-content\/uploads\/2021\/09\/WhatsApp-Image-2021-09-27-at-14.06.43.jpeg\",\"width\":1600,\"height\":592,\"caption\":\"Acem Esclerosis\"},\"image\":{\"@id\":\"https:\/\/192.168.1.117:8086\/#logo\"}},{\"@type\":\"WebSite\",\"@id\":\"https:\/\/192.168.1.117:8086\/#website\",\"url\":\"https:\/\/192.168.1.117:8086\/\",\"name\":\"ACEM Esclerosis\",\"description\":\"Asociaci\\u00f3n Coru\\u00f1esa de Esclerosis M\\u00faltiple\",\"publisher\":{\"@id\":\"https:\/\/192.168.1.117:8086\/#organization\"},\"potentialAction\":[{\"@type\":\"SearchAction\",\"target\":{\"@type\":\"EntryPoint\",\"urlTemplate\":\"https:\/\/192.168.1.117:8086\/?s={search_term_string}\"},\"query-input\":\"required name=search_term_string\"}],\"inLanguage\":\"es\"},{\"@type\":\"ImageObject\",\"@id\":\"https:\/\/acemesclerosis.org\/?page_id=3324&lang=gl#primaryimage\",\"inLanguage\":\"es\",\"url\":\"https:\/\/acemesclerosis.org\/wp-content\/uploads\/2024\/04\/PHOTO-2024-04-09-18-40-25-1.jpg\",\"contentUrl\":\"https:\/\/acemesclerosis.org\/wp-content\/uploads\/2024\/04\/PHOTO-2024-04-09-18-40-25-1.jpg\",\"width\":1600,\"height\":1200},{\"@type\":\"WebPage\",\"@id\":\"https:\/\/acemesclerosis.org\/?page_id=3324&lang=gl#webpage\",\"url\":\"https:\/\/acemesclerosis.org\/?page_id=3324&lang=gl\",\"name\":\"LOGOPEDIA - ACEM Esclerosis\",\"isPartOf\":{\"@id\":\"https:\/\/192.168.1.117:8086\/#website\"},\"primaryImageOfPage\":{\"@id\":\"https:\/\/acemesclerosis.org\/?page_id=3324&lang=gl#primaryimage\"},\"datePublished\":\"2024-04-09T11:58:18+00:00\",\"dateModified\":\"2024-04-10T08:03:28+00:00\",\"breadcrumb\":{\"@id\":\"https:\/\/acemesclerosis.org\/?page_id=3324&lang=gl#breadcrumb\"},\"inLanguage\":\"es\",\"potentialAction\":[{\"@type\":\"ReadAction\",\"target\":[\"https:\/\/acemesclerosis.org\/?page_id=3324&lang=gl\"]}]},{\"@type\":\"BreadcrumbList\",\"@id\":\"https:\/\/acemesclerosis.org\/?page_id=3324&lang=gl#breadcrumb\",\"itemListElement\":[{\"@type\":\"ListItem\",\"position\":1,\"name\":\"Portada\",\"item\":\"https:\/\/192.168.1.117:8086\/\"},{\"@type\":\"ListItem\",\"position\":2,\"name\":\"Servicios\",\"item\":\"https:\/\/acemesclerosis.org\/?page_id=28\"},{\"@type\":\"ListItem\",\"position\":3,\"name\":\"LOGOPEDIA\"}]}]}<\/script>\n<!-- \/ Yoast SEO plugin. -->","yoast_head_json":{"title":"LOGOPEDIA - ACEM Esclerosis","robots":{"index":"index","follow":"follow","max-snippet":"max-snippet:-1","max-image-preview":"max-image-preview:large","max-video-preview":"max-video-preview:-1"},"canonical":"https:\/\/acemesclerosis.org\/?page_id=3324&lang=gl","og_locale":"es_ES","og_type":"article","og_title":"LOGOPEDIA - ACEM Esclerosis","og_description":"Logopedia En pacientes con Esclerose M\u00faltiple, adoitamos atopar dificultades ou alteraci\u00f3ns nos procesos que se abordan desde a logopedia. Estes son o fala, a linguaxe, a respiraci\u00f3n, a voz e a degluci\u00f3n. Tam\u00e9n, ab\u00f3rdanse diferentes funci\u00f3ns executivas que participan de maneira indirecta nos procesos mencionados anteriormente.\u00a0 \u00a0 Obxetivos \u00a0Xeral:\u00a0 Previr, diagnosticar e tratar as alteraci\u00f3ns [&hellip;]","og_url":"https:\/\/acemesclerosis.org\/?page_id=3324&lang=gl","og_site_name":"ACEM Esclerosis","article_modified_time":"2024-04-10T08:03:28+00:00","og_image":[{"width":1600,"height":1200,"url":"https:\/\/acemesclerosis.org\/wp-content\/uploads\/2024\/04\/PHOTO-2024-04-09-18-40-25-1.jpg","type":"image\/jpeg"}],"twitter_card":"summary_large_image","twitter_misc":{"Tiempo de lectura":"1 minuto"},"schema":{"@context":"https:\/\/schema.org","@graph":[{"@type":"Organization","@id":"https:\/\/192.168.1.117:8086\/#organization","name":"Acem Esclerosis","url":"https:\/\/192.168.1.117:8086\/","sameAs":[],"logo":{"@type":"ImageObject","@id":"https:\/\/192.168.1.117:8086\/#logo","inLanguage":"es","url":"https:\/\/acemesclerosis.org\/wp-content\/uploads\/2021\/09\/WhatsApp-Image-2021-09-27-at-14.06.43.jpeg","contentUrl":"https:\/\/acemesclerosis.org\/wp-content\/uploads\/2021\/09\/WhatsApp-Image-2021-09-27-at-14.06.43.jpeg","width":1600,"height":592,"caption":"Acem Esclerosis"},"image":{"@id":"https:\/\/192.168.1.117:8086\/#logo"}},{"@type":"WebSite","@id":"https:\/\/192.168.1.117:8086\/#website","url":"https:\/\/192.168.1.117:8086\/","name":"ACEM Esclerosis","description":"Asociaci\u00f3n Coru\u00f1esa de Esclerosis M\u00faltiple","publisher":{"@id":"https:\/\/192.168.1.117:8086\/#organization"},"potentialAction":[{"@type":"SearchAction","target":{"@type":"EntryPoint","urlTemplate":"https:\/\/192.168.1.117:8086\/?s={search_term_string}"},"query-input":"required name=search_term_string"}],"inLanguage":"es"},{"@type":"ImageObject","@id":"https:\/\/acemesclerosis.org\/?page_id=3324&lang=gl#primaryimage","inLanguage":"es","url":"https:\/\/acemesclerosis.org\/wp-content\/uploads\/2024\/04\/PHOTO-2024-04-09-18-40-25-1.jpg","contentUrl":"https:\/\/acemesclerosis.org\/wp-content\/uploads\/2024\/04\/PHOTO-2024-04-09-18-40-25-1.jpg","width":1600,"height":1200},{"@type":"WebPage","@id":"https:\/\/acemesclerosis.org\/?page_id=3324&lang=gl#webpage","url":"https:\/\/acemesclerosis.org\/?page_id=3324&lang=gl","name":"LOGOPEDIA - ACEM Esclerosis","isPartOf":{"@id":"https:\/\/192.168.1.117:8086\/#website"},"primaryImageOfPage":{"@id":"https:\/\/acemesclerosis.org\/?page_id=3324&lang=gl#primaryimage"},"datePublished":"2024-04-09T11:58:18+00:00","dateModified":"2024-04-10T08:03:28+00:00","breadcrumb":{"@id":"https:\/\/acemesclerosis.org\/?page_id=3324&lang=gl#breadcrumb"},"inLanguage":"es","potentialAction":[{"@type":"ReadAction","target":["https:\/\/acemesclerosis.org\/?page_id=3324&lang=gl"]}]},{"@type":"BreadcrumbList","@id":"https:\/\/acemesclerosis.org\/?page_id=3324&lang=gl#breadcrumb","itemListElement":[{"@type":"ListItem","position":1,"name":"Portada","item":"https:\/\/192.168.1.117:8086\/"},{"@type":"ListItem","position":2,"name":"Servicios","item":"https:\/\/acemesclerosis.org\/?page_id=28"},{"@type":"ListItem","position":3,"name":"LOGOPEDIA"}]}]}},"_links":{"self":[{"href":"https:\/\/acemesclerosis.org\/index.php?rest_route=\/wp\/v2\/pages\/3324","targetHints":{"allow":["GET"]}}],"collection":[{"href":"https:\/\/acemesclerosis.org\/index.php?rest_route=\/wp\/v2\/pages"}],"about":[{"href":"https:\/\/acemesclerosis.org\/index.php?rest_route=\/wp\/v2\/types\/page"}],"author":[{"embeddable":true,"href":"https:\/\/acemesclerosis.org\/index.php?rest_route=\/wp\/v2\/users\/2"}],"replies":[{"embeddable":true,"href":"https:\/\/acemesclerosis.org\/index.php?rest_route=%2Fwp%2Fv2%2Fcomments&post=3324"}],"version-history":[{"count":11,"href":"https:\/\/acemesclerosis.org\/index.php?rest_route=\/wp\/v2\/pages\/3324\/revisions"}],"predecessor-version":[{"id":3430,"href":"https:\/\/acemesclerosis.org\/index.php?rest_route=\/wp\/v2\/pages\/3324\/revisions\/3430"}],"up":[{"embeddable":true,"href":"https:\/\/acemesclerosis.org\/index.php?rest_route=\/wp\/v2\/pages\/28"}],"wp:featuredmedia":[{"embeddable":true,"href":"https:\/\/acemesclerosis.org\/index.php?rest_route=\/wp\/v2\/media\/3394"}],"wp:attachment":[{"href":"https:\/\/acemesclerosis.org\/index.php?rest_route=%2Fwp%2Fv2%2Fmedia&parent=3324"}],"curies":[{"name":"wp","href":"https:\/\/api.w.org\/{rel}","templated":true}]}}