{"id":3467,"date":"2024-04-11T11:59:05","date_gmt":"2024-04-11T11:59:05","guid":{"rendered":"https:\/\/acemesclerosis.org\/?page_id=3467"},"modified":"2024-12-27T11:49:43","modified_gmt":"2024-12-27T11:49:43","slug":"integracion-social","status":"publish","type":"page","link":"https:\/\/acemesclerosis.org\/?page_id=3467","title":{"rendered":"Integraci\u00f3n social"},"content":{"rendered":"\t\t<div data-elementor-type=\"wp-page\" data-elementor-id=\"3467\" class=\"elementor elementor-3467\" data-elementor-settings=\"[]\">\n\t\t\t\t\t\t\t<div class=\"elementor-section-wrap\">\n\t\t\t\t\t\t\t<section class=\"elementor-section elementor-top-section elementor-element elementor-element-b5b4b00 elementor-section-boxed elementor-section-height-default elementor-section-height-default\" data-id=\"b5b4b00\" data-element_type=\"section\">\n\t\t\t\t\t\t<div class=\"elementor-container elementor-column-gap-default\">\n\t\t\t\t\t<div class=\"elementor-column elementor-col-100 elementor-top-column elementor-element elementor-element-c05e16b\" data-id=\"c05e16b\" data-element_type=\"column\">\n\t\t\t<div class=\"elementor-widget-wrap elementor-element-populated\">\n\t\t\t\t\t\t\t\t<div class=\"elementor-element elementor-element-be2a84b elementor--h-position-center elementor--v-position-middle elementor-arrows-position-inside elementor-pagination-position-inside elementor-widget elementor-widget-slides\" data-id=\"be2a84b\" data-element_type=\"widget\" data-settings=\"{&quot;navigation&quot;:&quot;both&quot;,&quot;autoplay&quot;:&quot;yes&quot;,&quot;pause_on_hover&quot;:&quot;yes&quot;,&quot;pause_on_interaction&quot;:&quot;yes&quot;,&quot;autoplay_speed&quot;:5000,&quot;infinite&quot;:&quot;yes&quot;,&quot;transition&quot;:&quot;slide&quot;,&quot;transition_speed&quot;:500}\" data-widget_type=\"slides.default\">\n\t\t\t\t<div class=\"elementor-widget-container\">\n\t\t\t\t\t<div class=\"elementor-swiper\">\n\t\t\t<div class=\"elementor-slides-wrapper elementor-main-swiper swiper-container\" dir=\"ltr\" data-animation=\"fadeInUp\">\n\t\t\t\t<div class=\"swiper-wrapper elementor-slides\">\n\t\t\t\t\t<div class=\"elementor-repeater-item-2aa6067 swiper-slide\"><div class=\"swiper-slide-bg\"><\/div><div class=\"swiper-slide-inner\" ><div class=\"swiper-slide-contents\"><\/div><\/div><\/div>\t\t\t\t<\/div>\n\t\t\t\t\t\t\t<\/div>\n\t\t<\/div>\n\t\t\t\t<\/div>\n\t\t\t\t<\/div>\n\t\t\t\t\t<\/div>\n\t\t<\/div>\n\t\t\t\t\t\t\t<\/div>\n\t\t<\/section>\n\t\t\t\t<section class=\"elementor-section elementor-top-section elementor-element elementor-element-9c72d80 elementor-section-boxed elementor-section-height-default elementor-section-height-default\" data-id=\"9c72d80\" data-element_type=\"section\">\n\t\t\t\t\t\t<div class=\"elementor-container elementor-column-gap-default\">\n\t\t\t\t\t<div class=\"elementor-column elementor-col-100 elementor-top-column elementor-element elementor-element-c1250bc\" data-id=\"c1250bc\" data-element_type=\"column\">\n\t\t\t<div class=\"elementor-widget-wrap elementor-element-populated\">\n\t\t\t\t\t\t\t\t<div class=\"elementor-element elementor-element-8e4b965 elementor-hidden-phone elementor-widget elementor-widget-heading\" data-id=\"8e4b965\" data-element_type=\"widget\" data-widget_type=\"heading.default\">\n\t\t\t\t<div class=\"elementor-widget-container\">\n\t\t\t<p class=\"elementor-heading-title elementor-size-default\">Integraci\u00f3n social<\/p>\t\t<\/div>\n\t\t\t\t<\/div>\n\t\t\t\t\t<\/div>\n\t\t<\/div>\n\t\t\t\t\t\t\t<\/div>\n\t\t<\/section>\n\t\t\t\t<section class=\"elementor-section elementor-top-section elementor-element elementor-element-d71b0c7 elementor-section-boxed elementor-section-height-default elementor-section-height-default\" data-id=\"d71b0c7\" data-element_type=\"section\">\n\t\t\t\t\t\t<div class=\"elementor-container elementor-column-gap-default\">\n\t\t\t\t\t<div class=\"elementor-column elementor-col-100 elementor-top-column elementor-element elementor-element-e3e19b7\" data-id=\"e3e19b7\" data-element_type=\"column\">\n\t\t\t<div class=\"elementor-widget-wrap elementor-element-populated\">\n\t\t\t\t\t\t\t\t<div class=\"elementor-element elementor-element-e437fa4 elementor-widget elementor-widget-text-editor\" data-id=\"e437fa4\" data-element_type=\"widget\" data-widget_type=\"text-editor.default\">\n\t\t\t\t<div class=\"elementor-widget-container\">\n\t\t\t\t\t\t\t\t<p>Desde el servicio de integraci\u00f3n social se busca ofrecer alternativas, propuestas u oportunidades para evitar la exclusi\u00f3n social, ya que la interacci\u00f3n con otros es necesaria para tener estabilidad y salud emocional. Para eso, se basa en la igualdad, por medio de diversas actividades donde se promueve la autonom\u00eda personal. Esto incluye, trabajar sus capacidades f\u00edsicas y fomentar el desarrollo de habilidades que promuevan el autoconocimiento y las relaciones sociales. Adem\u00e1s de promover la inserci\u00f3n y la participaci\u00f3n, encontrando un sentido de pertenencia a un grupo de iguales. Tambi\u00e9n, la divulgaci\u00f3n ser\u00e1 necesaria para la concienciaci\u00f3n de la sociedad en general. Principalmente la estudiantes del \u00e1mbito social para dar a conocer la enfermedad de EM. Por lo que se realizan charlas informativas con el motivo de concienciar sobre la enfermedad y dar visibilidad.<\/p><p>El an\u00e1lisis de la situaci\u00f3n se realiza a trav\u00e9s la libre elecci\u00f3n por parte de la persona afectada y\/o familiar cuando se hace difusi\u00f3n de la actividad o por an\u00e1lisis mediante la observaci\u00f3n directa y la recomendaci\u00f3n de la psic\u00f3loga o trabajadora #social en la primera atenci\u00f3n especializada. Si entre esas necesidades, existe una necesidad que coincida con alguno de los objetivos de este servicio con el fin de ayudar a la persona afectada y\/o de sus familiares. La intervenci\u00f3n se da comienzo una vez finalizada la inscripci\u00f3n a la actividad y se establecen los objetivos del taller que permitan una mejora de las habilidades para desarrollar los objetivos personales de cada persona participante. El seguimiento ser\u00e1 necesario para seguir fomentando la participaci\u00f3n social para que exista continuidad y tratar de evitar el aislamiento social. La evaluaci\u00f3n se realiza para comprobar que se alcanzaron los objetivos establecidos al principio del proceso de intervenci\u00f3n. Evaluando tambi\u00e9n la satisfacci\u00f3n de las personas usuarias que participaron.<\/p>\t\t\t\t\t\t<\/div>\n\t\t\t\t<\/div>\n\t\t\t\t<div class=\"elementor-element elementor-element-e431edf elementor-hidden-phone elementor-widget elementor-widget-heading\" data-id=\"e431edf\" data-element_type=\"widget\" data-widget_type=\"heading.default\">\n\t\t\t\t<div class=\"elementor-widget-container\">\n\t\t\t<p class=\"elementor-heading-title elementor-size-default\">Objetivos<\/p>\t\t<\/div>\n\t\t\t\t<\/div>\n\t\t\t\t<div class=\"elementor-element elementor-element-1ada46f elementor-widget elementor-widget-text-editor\" data-id=\"1ada46f\" data-element_type=\"widget\" data-widget_type=\"text-editor.default\">\n\t\t\t\t<div class=\"elementor-widget-container\">\n\t\t\t\t\t\t\t\t<p>Generales<\/p><p>\u2013 Mejorar la integraci\u00f3n de las personas con EM en la sociedad.<\/p><p>\u2013 Estimular la autonom\u00eda personal y autodeterminaci\u00f3n de las personas enfermas.<\/p><p>\u2013 Promover la participaci\u00f3n social de las personas usuarias y sus familiares<\/p><p>\u2013 Facilitar una mayor igualdad de oportunidades<\/p><p>\u2013 Favorecer el acceso igualitario la aquellas personas con necesidades especiales<\/p><p>\u2013 Impulsar el desarrollo personal del colectivo<\/p><p>\u2013 Sensibilizar a la poblaci\u00f3n sobre la EM<\/p><p>\u00a0<\/p><p>Espec\u00edficos<\/p><p>\u00a0<\/p><p>\u2013 Promover acciones encaminadas a favorecer o intensificar las relaciones interpersonales de las personas usuarias.<\/p><p>\u2013 Favorecer el desarrollo de habilidades sociales e intelectuales de las personas afectadas<\/p><p>\u2013 Informar y asesorar sobre actividades culturales o de ocio, charlas o talleres de inter\u00e9s de otras entidades para las personas afectadas.<\/p><p>\u2013 Promover la ocupaci\u00f3n del ocio y tiempo #libre.<\/p><p>\u2013 Facilitar alternativas de ocio saludable<\/p><p>\u2013 Concienciar sobre la enfermedad de EM la personas afectadas y su entorno mediante talleres grupales informativos.<\/p><p>\u2013 Estimular la concienciaci\u00f3n de la EM mediante charlas en centros de FP del \u00e1mbito social.<\/p>\t\t\t\t\t\t<\/div>\n\t\t\t\t<\/div>\n\t\t\t\t\t<\/div>\n\t\t<\/div>\n\t\t\t\t\t\t\t<\/div>\n\t\t<\/section>\n\t\t\t\t\t\t<\/div>\n\t\t\t\t\t<\/div>\n\t\t","protected":false},"excerpt":{"rendered":"<p>Integraci\u00f3n social Desde el servicio de integraci\u00f3n social se busca ofrecer alternativas, propuestas u oportunidades para evitar la exclusi\u00f3n social, ya que la interacci\u00f3n con otros es necesaria para tener estabilidad y salud emocional. Para eso, se basa en la igualdad, por medio de diversas actividades donde se promueve la autonom\u00eda personal. Esto incluye, trabajar [&hellip;]<\/p>\n","protected":false},"author":2,"featured_media":3453,"parent":0,"menu_order":0,"comment_status":"closed","ping_status":"closed","template":"","meta":{"footnotes":""},"class_list":["post-3467","page","type-page","status-publish","has-post-thumbnail","hentry"],"yoast_head":"<!-- This site is optimized with the Yoast SEO plugin v17.9 - https:\/\/yoast.com\/wordpress\/plugins\/seo\/ -->\n<title>Integraci\u00f3n social - ACEM Esclerosis<\/title>\n<meta name=\"robots\" content=\"index, follow, max-snippet:-1, max-image-preview:large, max-video-preview:-1\" \/>\n<link rel=\"canonical\" href=\"https:\/\/acemesclerosis.org\/?page_id=3467\" \/>\n<meta property=\"og:locale\" content=\"es_ES\" \/>\n<meta property=\"og:type\" content=\"article\" \/>\n<meta property=\"og:title\" content=\"Integraci\u00f3n social - ACEM Esclerosis\" \/>\n<meta property=\"og:description\" content=\"Integraci\u00f3n social Desde el servicio de integraci\u00f3n social se busca ofrecer alternativas, propuestas u oportunidades para evitar la exclusi\u00f3n social, ya que la interacci\u00f3n con otros es necesaria para tener estabilidad y salud emocional. Para eso, se basa en la igualdad, por medio de diversas actividades donde se promueve la autonom\u00eda personal. Esto incluye, trabajar [&hellip;]\" \/>\n<meta property=\"og:url\" content=\"https:\/\/acemesclerosis.org\/?page_id=3467\" \/>\n<meta property=\"og:site_name\" content=\"ACEM Esclerosis\" \/>\n<meta property=\"article:modified_time\" content=\"2024-12-27T11:49:43+00:00\" \/>\n<meta property=\"og:image\" content=\"https:\/\/acemesclerosis.org\/wp-content\/uploads\/2024\/04\/FOTO-IRPF-ALBA.jpg\" \/>\n\t<meta property=\"og:image:width\" content=\"792\" \/>\n\t<meta property=\"og:image:height\" content=\"473\" \/>\n\t<meta property=\"og:image:type\" content=\"image\/jpeg\" \/>\n<meta name=\"twitter:card\" content=\"summary_large_image\" \/>\n<meta name=\"twitter:label1\" content=\"Tiempo de lectura\" \/>\n\t<meta name=\"twitter:data1\" content=\"2 minutos\" \/>\n<script type=\"application\/ld+json\" class=\"yoast-schema-graph\">{\"@context\":\"https:\/\/schema.org\",\"@graph\":[{\"@type\":\"Organization\",\"@id\":\"https:\/\/192.168.1.117:8086\/#organization\",\"name\":\"Acem Esclerosis\",\"url\":\"https:\/\/192.168.1.117:8086\/\",\"sameAs\":[],\"logo\":{\"@type\":\"ImageObject\",\"@id\":\"https:\/\/192.168.1.117:8086\/#logo\",\"inLanguage\":\"es\",\"url\":\"https:\/\/acemesclerosis.org\/wp-content\/uploads\/2021\/09\/WhatsApp-Image-2021-09-27-at-14.06.43.jpeg\",\"contentUrl\":\"https:\/\/acemesclerosis.org\/wp-content\/uploads\/2021\/09\/WhatsApp-Image-2021-09-27-at-14.06.43.jpeg\",\"width\":1600,\"height\":592,\"caption\":\"Acem Esclerosis\"},\"image\":{\"@id\":\"https:\/\/192.168.1.117:8086\/#logo\"}},{\"@type\":\"WebSite\",\"@id\":\"https:\/\/192.168.1.117:8086\/#website\",\"url\":\"https:\/\/192.168.1.117:8086\/\",\"name\":\"ACEM Esclerosis\",\"description\":\"Asociaci\\u00f3n Coru\\u00f1esa de Esclerosis M\\u00faltiple\",\"publisher\":{\"@id\":\"https:\/\/192.168.1.117:8086\/#organization\"},\"potentialAction\":[{\"@type\":\"SearchAction\",\"target\":{\"@type\":\"EntryPoint\",\"urlTemplate\":\"https:\/\/192.168.1.117:8086\/?s={search_term_string}\"},\"query-input\":\"required name=search_term_string\"}],\"inLanguage\":\"es\"},{\"@type\":\"ImageObject\",\"@id\":\"https:\/\/acemesclerosis.org\/?page_id=3467#primaryimage\",\"inLanguage\":\"es\",\"url\":\"https:\/\/acemesclerosis.org\/wp-content\/uploads\/2024\/04\/FOTO-IRPF-ALBA.jpg\",\"contentUrl\":\"https:\/\/acemesclerosis.org\/wp-content\/uploads\/2024\/04\/FOTO-IRPF-ALBA.jpg\",\"width\":792,\"height\":473},{\"@type\":\"WebPage\",\"@id\":\"https:\/\/acemesclerosis.org\/?page_id=3467#webpage\",\"url\":\"https:\/\/acemesclerosis.org\/?page_id=3467\",\"name\":\"Integraci\\u00f3n social - ACEM Esclerosis\",\"isPartOf\":{\"@id\":\"https:\/\/192.168.1.117:8086\/#website\"},\"primaryImageOfPage\":{\"@id\":\"https:\/\/acemesclerosis.org\/?page_id=3467#primaryimage\"},\"datePublished\":\"2024-04-11T11:59:05+00:00\",\"dateModified\":\"2024-12-27T11:49:43+00:00\",\"breadcrumb\":{\"@id\":\"https:\/\/acemesclerosis.org\/?page_id=3467#breadcrumb\"},\"inLanguage\":\"es\",\"potentialAction\":[{\"@type\":\"ReadAction\",\"target\":[\"https:\/\/acemesclerosis.org\/?page_id=3467\"]}]},{\"@type\":\"BreadcrumbList\",\"@id\":\"https:\/\/acemesclerosis.org\/?page_id=3467#breadcrumb\",\"itemListElement\":[{\"@type\":\"ListItem\",\"position\":1,\"name\":\"Portada\",\"item\":\"https:\/\/192.168.1.117:8086\/\"},{\"@type\":\"ListItem\",\"position\":2,\"name\":\"Integraci\\u00f3n social\"}]}]}<\/script>\n<!-- \/ Yoast SEO plugin. -->","yoast_head_json":{"title":"Integraci\u00f3n social - ACEM Esclerosis","robots":{"index":"index","follow":"follow","max-snippet":"max-snippet:-1","max-image-preview":"max-image-preview:large","max-video-preview":"max-video-preview:-1"},"canonical":"https:\/\/acemesclerosis.org\/?page_id=3467","og_locale":"es_ES","og_type":"article","og_title":"Integraci\u00f3n social - ACEM Esclerosis","og_description":"Integraci\u00f3n social Desde el servicio de integraci\u00f3n social se busca ofrecer alternativas, propuestas u oportunidades para evitar la exclusi\u00f3n social, ya que la interacci\u00f3n con otros es necesaria para tener estabilidad y salud emocional. Para eso, se basa en la igualdad, por medio de diversas actividades donde se promueve la autonom\u00eda personal. Esto incluye, trabajar [&hellip;]","og_url":"https:\/\/acemesclerosis.org\/?page_id=3467","og_site_name":"ACEM Esclerosis","article_modified_time":"2024-12-27T11:49:43+00:00","og_image":[{"width":792,"height":473,"url":"https:\/\/acemesclerosis.org\/wp-content\/uploads\/2024\/04\/FOTO-IRPF-ALBA.jpg","type":"image\/jpeg"}],"twitter_card":"summary_large_image","twitter_misc":{"Tiempo de lectura":"2 minutos"},"schema":{"@context":"https:\/\/schema.org","@graph":[{"@type":"Organization","@id":"https:\/\/192.168.1.117:8086\/#organization","name":"Acem Esclerosis","url":"https:\/\/192.168.1.117:8086\/","sameAs":[],"logo":{"@type":"ImageObject","@id":"https:\/\/192.168.1.117:8086\/#logo","inLanguage":"es","url":"https:\/\/acemesclerosis.org\/wp-content\/uploads\/2021\/09\/WhatsApp-Image-2021-09-27-at-14.06.43.jpeg","contentUrl":"https:\/\/acemesclerosis.org\/wp-content\/uploads\/2021\/09\/WhatsApp-Image-2021-09-27-at-14.06.43.jpeg","width":1600,"height":592,"caption":"Acem Esclerosis"},"image":{"@id":"https:\/\/192.168.1.117:8086\/#logo"}},{"@type":"WebSite","@id":"https:\/\/192.168.1.117:8086\/#website","url":"https:\/\/192.168.1.117:8086\/","name":"ACEM Esclerosis","description":"Asociaci\u00f3n Coru\u00f1esa de Esclerosis M\u00faltiple","publisher":{"@id":"https:\/\/192.168.1.117:8086\/#organization"},"potentialAction":[{"@type":"SearchAction","target":{"@type":"EntryPoint","urlTemplate":"https:\/\/192.168.1.117:8086\/?s={search_term_string}"},"query-input":"required name=search_term_string"}],"inLanguage":"es"},{"@type":"ImageObject","@id":"https:\/\/acemesclerosis.org\/?page_id=3467#primaryimage","inLanguage":"es","url":"https:\/\/acemesclerosis.org\/wp-content\/uploads\/2024\/04\/FOTO-IRPF-ALBA.jpg","contentUrl":"https:\/\/acemesclerosis.org\/wp-content\/uploads\/2024\/04\/FOTO-IRPF-ALBA.jpg","width":792,"height":473},{"@type":"WebPage","@id":"https:\/\/acemesclerosis.org\/?page_id=3467#webpage","url":"https:\/\/acemesclerosis.org\/?page_id=3467","name":"Integraci\u00f3n social - ACEM Esclerosis","isPartOf":{"@id":"https:\/\/192.168.1.117:8086\/#website"},"primaryImageOfPage":{"@id":"https:\/\/acemesclerosis.org\/?page_id=3467#primaryimage"},"datePublished":"2024-04-11T11:59:05+00:00","dateModified":"2024-12-27T11:49:43+00:00","breadcrumb":{"@id":"https:\/\/acemesclerosis.org\/?page_id=3467#breadcrumb"},"inLanguage":"es","potentialAction":[{"@type":"ReadAction","target":["https:\/\/acemesclerosis.org\/?page_id=3467"]}]},{"@type":"BreadcrumbList","@id":"https:\/\/acemesclerosis.org\/?page_id=3467#breadcrumb","itemListElement":[{"@type":"ListItem","position":1,"name":"Portada","item":"https:\/\/192.168.1.117:8086\/"},{"@type":"ListItem","position":2,"name":"Integraci\u00f3n social"}]}]}},"_links":{"self":[{"href":"https:\/\/acemesclerosis.org\/index.php?rest_route=\/wp\/v2\/pages\/3467","targetHints":{"allow":["GET"]}}],"collection":[{"href":"https:\/\/acemesclerosis.org\/index.php?rest_route=\/wp\/v2\/pages"}],"about":[{"href":"https:\/\/acemesclerosis.org\/index.php?rest_route=\/wp\/v2\/types\/page"}],"author":[{"embeddable":true,"href":"https:\/\/acemesclerosis.org\/index.php?rest_route=\/wp\/v2\/users\/2"}],"replies":[{"embeddable":true,"href":"https:\/\/acemesclerosis.org\/index.php?rest_route=%2Fwp%2Fv2%2Fcomments&post=3467"}],"version-history":[{"count":45,"href":"https:\/\/acemesclerosis.org\/index.php?rest_route=\/wp\/v2\/pages\/3467\/revisions"}],"predecessor-version":[{"id":4005,"href":"https:\/\/acemesclerosis.org\/index.php?rest_route=\/wp\/v2\/pages\/3467\/revisions\/4005"}],"wp:featuredmedia":[{"embeddable":true,"href":"https:\/\/acemesclerosis.org\/index.php?rest_route=\/wp\/v2\/media\/3453"}],"wp:attachment":[{"href":"https:\/\/acemesclerosis.org\/index.php?rest_route=%2Fwp%2Fv2%2Fmedia&parent=3467"}],"curies":[{"name":"wp","href":"https:\/\/api.w.org\/{rel}","templated":true}]}}