{"id":3494,"date":"2024-04-11T14:05:21","date_gmt":"2024-04-11T14:05:21","guid":{"rendered":"https:\/\/acemesclerosis.org\/?page_id=3494"},"modified":"2024-12-27T11:34:51","modified_gmt":"2024-12-27T11:34:51","slug":"integracion-social-2","status":"publish","type":"page","link":"https:\/\/acemesclerosis.org\/?page_id=3494&lang=gl","title":{"rendered":"Integraci\u00f3n social"},"content":{"rendered":"\t\t<div data-elementor-type=\"wp-page\" data-elementor-id=\"3494\" class=\"elementor elementor-3494\" data-elementor-settings=\"[]\">\n\t\t\t\t\t\t\t<div class=\"elementor-section-wrap\">\n\t\t\t\t\t\t\t<section class=\"elementor-section elementor-top-section elementor-element elementor-element-b5b4b00 elementor-section-boxed elementor-section-height-default elementor-section-height-default\" data-id=\"b5b4b00\" data-element_type=\"section\">\n\t\t\t\t\t\t<div class=\"elementor-container elementor-column-gap-default\">\n\t\t\t\t\t<div class=\"elementor-column elementor-col-100 elementor-top-column elementor-element elementor-element-c05e16b\" data-id=\"c05e16b\" data-element_type=\"column\">\n\t\t\t<div class=\"elementor-widget-wrap elementor-element-populated\">\n\t\t\t\t\t\t\t\t<div class=\"elementor-element elementor-element-be2a84b elementor--h-position-center elementor--v-position-middle elementor-arrows-position-inside elementor-pagination-position-inside elementor-widget elementor-widget-slides\" data-id=\"be2a84b\" data-element_type=\"widget\" data-settings=\"{&quot;navigation&quot;:&quot;both&quot;,&quot;autoplay&quot;:&quot;yes&quot;,&quot;pause_on_hover&quot;:&quot;yes&quot;,&quot;pause_on_interaction&quot;:&quot;yes&quot;,&quot;autoplay_speed&quot;:5000,&quot;infinite&quot;:&quot;yes&quot;,&quot;transition&quot;:&quot;slide&quot;,&quot;transition_speed&quot;:500}\" data-widget_type=\"slides.default\">\n\t\t\t\t<div class=\"elementor-widget-container\">\n\t\t\t\t\t<div class=\"elementor-swiper\">\n\t\t\t<div class=\"elementor-slides-wrapper elementor-main-swiper swiper-container\" dir=\"ltr\" data-animation=\"fadeInUp\">\n\t\t\t\t<div class=\"swiper-wrapper elementor-slides\">\n\t\t\t\t\t<div class=\"elementor-repeater-item-ebf784f swiper-slide\"><div class=\"swiper-slide-bg\"><\/div><div class=\"swiper-slide-inner\" ><div class=\"swiper-slide-contents\"><\/div><\/div><\/div>\t\t\t\t<\/div>\n\t\t\t\t\t\t\t<\/div>\n\t\t<\/div>\n\t\t\t\t<\/div>\n\t\t\t\t<\/div>\n\t\t\t\t\t<\/div>\n\t\t<\/div>\n\t\t\t\t\t\t\t<\/div>\n\t\t<\/section>\n\t\t\t\t<section class=\"elementor-section elementor-top-section elementor-element elementor-element-9c72d80 elementor-section-boxed elementor-section-height-default elementor-section-height-default\" data-id=\"9c72d80\" data-element_type=\"section\">\n\t\t\t\t\t\t<div class=\"elementor-container elementor-column-gap-default\">\n\t\t\t\t\t<div class=\"elementor-column elementor-col-100 elementor-top-column elementor-element elementor-element-c1250bc\" data-id=\"c1250bc\" data-element_type=\"column\">\n\t\t\t<div class=\"elementor-widget-wrap elementor-element-populated\">\n\t\t\t\t\t\t\t\t<div class=\"elementor-element elementor-element-8e4b965 elementor-hidden-phone elementor-widget elementor-widget-heading\" data-id=\"8e4b965\" data-element_type=\"widget\" data-widget_type=\"heading.default\">\n\t\t\t\t<div class=\"elementor-widget-container\">\n\t\t\t<h2 class=\"elementor-heading-title elementor-size-default\">Integraci\u00f3n social<\/h2>\t\t<\/div>\n\t\t\t\t<\/div>\n\t\t\t\t\t<\/div>\n\t\t<\/div>\n\t\t\t\t\t\t\t<\/div>\n\t\t<\/section>\n\t\t\t\t<section class=\"elementor-section elementor-top-section elementor-element elementor-element-d71b0c7 elementor-section-boxed elementor-section-height-default elementor-section-height-default\" data-id=\"d71b0c7\" data-element_type=\"section\">\n\t\t\t\t\t\t<div class=\"elementor-container elementor-column-gap-default\">\n\t\t\t\t\t<div class=\"elementor-column elementor-col-100 elementor-top-column elementor-element elementor-element-e3e19b7\" data-id=\"e3e19b7\" data-element_type=\"column\">\n\t\t\t<div class=\"elementor-widget-wrap elementor-element-populated\">\n\t\t\t\t\t\t\t\t<div class=\"elementor-element elementor-element-e437fa4 elementor-widget elementor-widget-text-editor\" data-id=\"e437fa4\" data-element_type=\"widget\" data-widget_type=\"text-editor.default\">\n\t\t\t\t<div class=\"elementor-widget-container\">\n\t\t\t\t\t\t\t\t<p>Dende o servizo de integraci\u00f3n social b\u00fascase ofrecer alternativas, propostas ou oportunidades para evitar a exclusi\u00f3n social, xa que a interacci\u00f3n con outros \u00e9 necesaria para ter estabilidade e sa\u00fade emocional.<\/p><p>Para iso, bas\u00e9ase na igualdade, por medio de diversas actividades onde se promove a autonom\u00eda persoal. Isto incl\u00fae, traballar as s\u00faas capacidades f\u00edsicas e fomentar o desenvolvemento de habilidades que promovan o autoco\u00f1ecemento e as relaci\u00f3ns sociais.<\/p><p>Ademais de promover a inserci\u00f3n e a participaci\u00f3n, atopando un sentido de pertenza a un grupo de iguais. Tam\u00e9n, a divulgaci\u00f3n ser\u00e1 necesaria para a concienciaci\u00f3n da sociedade en xeral.<\/p><p>Principalmente a estudantes do \u00e1mbito social para dar a co\u00f1ecer a enfermidade de EM. Polo que se realizan charlas informativas co motivo de concienciar sobre a enfermidade e dar visibilidade.<\/p>\t\t\t\t\t\t<\/div>\n\t\t\t\t<\/div>\n\t\t\t\t\t<\/div>\n\t\t<\/div>\n\t\t\t\t\t\t\t<\/div>\n\t\t<\/section>\n\t\t\t\t<section class=\"elementor-section elementor-top-section elementor-element elementor-element-223df5c elementor-section-boxed elementor-section-height-default elementor-section-height-default\" data-id=\"223df5c\" data-element_type=\"section\">\n\t\t\t\t\t\t<div class=\"elementor-container elementor-column-gap-default\">\n\t\t\t\t\t<div class=\"elementor-column elementor-col-100 elementor-top-column elementor-element elementor-element-ab719cd\" data-id=\"ab719cd\" data-element_type=\"column\">\n\t\t\t<div class=\"elementor-widget-wrap elementor-element-populated\">\n\t\t\t\t\t\t\t\t<div class=\"elementor-element elementor-element-aaa05c4 elementor-widget elementor-widget-heading\" data-id=\"aaa05c4\" data-element_type=\"widget\" data-widget_type=\"heading.default\">\n\t\t\t\t<div class=\"elementor-widget-container\">\n\t\t\t<h2 class=\"elementor-heading-title elementor-size-default\">metodolox\u00eda<\/h2>\t\t<\/div>\n\t\t\t\t<\/div>\n\t\t\t\t\t<\/div>\n\t\t<\/div>\n\t\t\t\t\t\t\t<\/div>\n\t\t<\/section>\n\t\t\t\t<section class=\"elementor-section elementor-top-section elementor-element elementor-element-d2a7b0b elementor-section-boxed elementor-section-height-default elementor-section-height-default\" data-id=\"d2a7b0b\" data-element_type=\"section\">\n\t\t\t\t\t\t<div class=\"elementor-container elementor-column-gap-default\">\n\t\t\t\t\t<div class=\"elementor-column elementor-col-100 elementor-top-column elementor-element elementor-element-de6b3b4\" data-id=\"de6b3b4\" data-element_type=\"column\">\n\t\t\t<div class=\"elementor-widget-wrap elementor-element-populated\">\n\t\t\t\t\t\t\t\t<div class=\"elementor-element elementor-element-27a9953 elementor-widget elementor-widget-text-editor\" data-id=\"27a9953\" data-element_type=\"widget\" data-widget_type=\"text-editor.default\">\n\t\t\t\t<div class=\"elementor-widget-container\">\n\t\t\t\t\t\t\t\t<p>O an\u00e1lise da situaci\u00f3n real\u00edzase a trav\u00e9s a libre elecci\u00f3n por parte da persoa afectada e\/o familiar cando se fai difusi\u00f3n da actividade ou por an\u00e1lise mediante a observaci\u00f3n directa e a recomendaci\u00f3n da psic\u00f3loga ou traballadora social na primeira atenci\u00f3n especializada.<\/p><p>Se entre esas necesidades, existe unha necesidade que coincida con alg\u00fan dos obxectivos deste servizo co fin de axudar \u00e1 persoa afectada e\/o dos seus familiares. \u00a0<\/p><p>A intervenci\u00f3n d\u00e1se comezo unha vez finalizada a inscrici\u00f3n \u00e1 actividade e establ\u00e9cense os obxectivos do taller que permitan unha mellora das habilidades para desenvolver os obxectivos persoais de cada persoa participante.\u00a0<\/p><p>O seguimento ser\u00e1 necesario para seguir fomentando a participaci\u00f3n social para que exista continuidade e tratar de evitar o illamento social.<\/p><p>A avaliaci\u00f3n real\u00edzase para comprobar que se alcanzaron os obxectivos establecidos ao principio do proceso de intervenci\u00f3n. Avaliando tam\u00e9n a satisfacci\u00f3n das persoas usuarias que participaron.<\/p>\t\t\t\t\t\t<\/div>\n\t\t\t\t<\/div>\n\t\t\t\t\t<\/div>\n\t\t<\/div>\n\t\t\t\t\t\t\t<\/div>\n\t\t<\/section>\n\t\t\t\t<section class=\"elementor-section elementor-top-section elementor-element elementor-element-cb4d391 elementor-section-boxed elementor-section-height-default elementor-section-height-default\" data-id=\"cb4d391\" data-element_type=\"section\">\n\t\t\t\t\t\t<div class=\"elementor-container elementor-column-gap-default\">\n\t\t\t\t\t<div class=\"elementor-column elementor-col-100 elementor-top-column elementor-element elementor-element-429dd95\" data-id=\"429dd95\" data-element_type=\"column\">\n\t\t\t<div class=\"elementor-widget-wrap elementor-element-populated\">\n\t\t\t\t\t\t\t\t<div class=\"elementor-element elementor-element-212db72 elementor-widget elementor-widget-heading\" data-id=\"212db72\" data-element_type=\"widget\" data-widget_type=\"heading.default\">\n\t\t\t\t<div class=\"elementor-widget-container\">\n\t\t\t<h2 class=\"elementor-heading-title elementor-size-default\">obxetivos<\/h2>\t\t<\/div>\n\t\t\t\t<\/div>\n\t\t\t\t\t<\/div>\n\t\t<\/div>\n\t\t\t\t\t\t\t<\/div>\n\t\t<\/section>\n\t\t\t\t<section class=\"elementor-section elementor-top-section elementor-element elementor-element-51a5b10 elementor-section-boxed elementor-section-height-default elementor-section-height-default\" data-id=\"51a5b10\" data-element_type=\"section\">\n\t\t\t\t\t\t<div class=\"elementor-container elementor-column-gap-default\">\n\t\t\t\t\t<div class=\"elementor-column elementor-col-100 elementor-top-column elementor-element elementor-element-44c98c6\" data-id=\"44c98c6\" data-element_type=\"column\">\n\t\t\t<div class=\"elementor-widget-wrap elementor-element-populated\">\n\t\t\t\t\t\t\t\t<div class=\"elementor-element elementor-element-18630d2 elementor-widget elementor-widget-text-editor\" data-id=\"18630d2\" data-element_type=\"widget\" data-widget_type=\"text-editor.default\">\n\t\t\t\t<div class=\"elementor-widget-container\">\n\t\t\t\t\t\t\t\t<p><span style=\"color: #333333; font-family: robotoregular; font-size: 18px; text-align: left; white-space-collapse: preserve;\"><strong>Xerais<\/strong> <\/span><\/p><p><span style=\"color: #333333; font-family: robotoregular; font-size: 18px; text-align: left; white-space-collapse: preserve;\">&#8211; Mellorar a integraci\u00f3n das persoas con <\/span><span style=\"margin: 0px; padding: 0px; display: inline-block; border-bottom: 1px solid #007bc4; color: #333333; font-family: robotoregular; font-size: 18px; text-align: left; white-space-collapse: preserve;\">EM<\/span><span style=\"color: #333333; font-family: robotoregular; font-size: 18px; text-align: left; white-space-collapse: preserve;\"> na sociedade. <\/span><\/p><p><span style=\"color: #333333; font-family: robotoregular; font-size: 18px; text-align: left; white-space-collapse: preserve;\">&#8211; Estimular a autonom\u00eda persoal e autodeterminaci\u00f3n das persoas enfermas.<\/span><\/p><p><span style=\"color: #333333; font-family: robotoregular; font-size: 18px; text-align: left; white-space-collapse: preserve;\"> &#8211; Promover a participaci\u00f3n social das persoas usuarias e os seus familiares<\/span><\/p><p><span style=\"color: #333333; font-family: robotoregular; font-size: 18px; text-align: left; white-space-collapse: preserve;\"> &#8211; Facilitar unha maior igualdade de oportunidades<\/span><\/p><p><span style=\"color: #333333; font-family: robotoregular; font-size: 18px; text-align: left; white-space-collapse: preserve;\"> &#8211; Favorecer o acceso igualitario a aquelas persoas con necesidades especiais<\/span><\/p><p><span style=\"color: #333333; font-family: robotoregular; font-size: 18px; text-align: left; white-space-collapse: preserve;\"> &#8211; Impulsar o desenvolvemento persoal do colectivo <\/span><\/p><p><span style=\"color: #333333; font-family: robotoregular; font-size: 18px; text-align: left; white-space-collapse: preserve;\">&#8211; Sensibilizar \u00e1 poboaci\u00f3n sobre a <\/span><span style=\"margin: 0px; padding: 0px; display: inline-block; border-bottom: 1px solid #007bc4; color: #333333; font-family: robotoregular; font-size: 18px; text-align: left; white-space-collapse: preserve;\">EM<\/span><\/p><p>\u00a0<\/p><p><strong><span style=\"color: #333333; font-family: robotoregular; font-size: 18px; text-align: left; white-space-collapse: preserve;\">Espec\u00edficos<\/span><\/strong><\/p><p><span style=\"color: #333333; font-family: robotoregular; font-size: 18px; text-align: left; white-space-collapse: preserve;\"> &#8211; Promover acci\u00f3ns encami\u00f1adas a favorecer ou intensificar as relaci\u00f3ns interpersoais das persoas usuarias. <\/span><\/p><p><span style=\"color: #333333; font-family: robotoregular; font-size: 18px; text-align: left; white-space-collapse: preserve;\">&#8211; Favorecer o desenvolvemento de habilidades sociais e intelectuais das persoas afectadas<\/span><\/p><p><span style=\"color: #333333; font-family: robotoregular; font-size: 18px; text-align: left; white-space-collapse: preserve;\"> &#8211; Informar e asesorar sobre actividades culturais ou de lecer, charlas ou talleres de interese doutras entidades para as persoas afectadas. <\/span><\/p><p><span style=\"color: #333333; font-family: robotoregular; font-size: 18px; text-align: left; white-space-collapse: preserve;\">&#8211; Promover a ocupaci\u00f3n do lecer e tempo libre. <\/span><\/p><p><span style=\"color: #333333; font-family: robotoregular; font-size: 18px; text-align: left; white-space-collapse: preserve;\">&#8211; Facilitar alternativas de lecer saudable <\/span><\/p><p><span style=\"color: #333333; font-family: robotoregular; font-size: 18px; text-align: left; white-space-collapse: preserve;\">&#8211; Concienciar sobre a enfermidade de <\/span><span style=\"margin: 0px; padding: 0px; display: inline-block; border-bottom: 1px solid #007bc4; color: #333333; font-family: robotoregular; font-size: 18px; text-align: left; white-space-collapse: preserve;\">EM<\/span><span style=\"color: #333333; font-family: robotoregular; font-size: 18px; text-align: left; white-space-collapse: preserve;\"> a persoas afectadas e a s\u00faa contorna mediante talleres grupais informativos. <\/span><\/p><p><span style=\"color: #333333; font-family: robotoregular; font-size: 18px; text-align: left; white-space-collapse: preserve;\">&#8211; Estimular a concienciaci\u00f3n da <\/span><span style=\"margin: 0px; padding: 0px; display: inline-block; border-bottom: 1px solid #007bc4; color: #333333; font-family: robotoregular; font-size: 18px; text-align: left; white-space-collapse: preserve;\">EM<\/span><span style=\"color: #333333; font-family: robotoregular; font-size: 18px; text-align: left; white-space-collapse: preserve;\"> mediante charlas en centros de FP do \u00e1mbito social.<\/span><\/p>\t\t\t\t\t\t<\/div>\n\t\t\t\t<\/div>\n\t\t\t\t\t<\/div>\n\t\t<\/div>\n\t\t\t\t\t\t\t<\/div>\n\t\t<\/section>\n\t\t\t\t\t\t<\/div>\n\t\t\t\t\t<\/div>\n\t\t","protected":false},"excerpt":{"rendered":"<p>Integraci\u00f3n social Dende o servizo de integraci\u00f3n social b\u00fascase ofrecer alternativas, propostas ou oportunidades para evitar a exclusi\u00f3n social, xa que a interacci\u00f3n con outros \u00e9 necesaria para ter estabilidade e sa\u00fade emocional. Para iso, bas\u00e9ase na igualdade, por medio de diversas actividades onde se promove a autonom\u00eda persoal. Isto incl\u00fae, traballar as s\u00faas capacidades [&hellip;]<\/p>\n","protected":false},"author":2,"featured_media":3453,"parent":28,"menu_order":-13,"comment_status":"closed","ping_status":"closed","template":"elementor_header_footer","meta":{"footnotes":""},"class_list":["post-3494","page","type-page","status-publish","has-post-thumbnail","hentry"],"yoast_head":"<!-- This site is optimized with the Yoast SEO plugin v17.9 - https:\/\/yoast.com\/wordpress\/plugins\/seo\/ -->\n<title>Integraci\u00f3n social - ACEM Esclerosis<\/title>\n<meta name=\"robots\" content=\"index, follow, max-snippet:-1, max-image-preview:large, max-video-preview:-1\" \/>\n<link rel=\"canonical\" href=\"https:\/\/acemesclerosis.org\/?page_id=3494&#038;lang=gl\" \/>\n<meta property=\"og:locale\" content=\"es_ES\" \/>\n<meta property=\"og:type\" content=\"article\" \/>\n<meta property=\"og:title\" content=\"Integraci\u00f3n social - ACEM Esclerosis\" \/>\n<meta property=\"og:description\" content=\"Integraci\u00f3n social Dende o servizo de integraci\u00f3n social b\u00fascase ofrecer alternativas, propostas ou oportunidades para evitar a exclusi\u00f3n social, xa que a interacci\u00f3n con outros \u00e9 necesaria para ter estabilidade e sa\u00fade emocional. Para iso, bas\u00e9ase na igualdade, por medio de diversas actividades onde se promove a autonom\u00eda persoal. Isto incl\u00fae, traballar as s\u00faas capacidades [&hellip;]\" \/>\n<meta property=\"og:url\" content=\"https:\/\/acemesclerosis.org\/?page_id=3494&amp;lang=gl\" \/>\n<meta property=\"og:site_name\" content=\"ACEM Esclerosis\" \/>\n<meta property=\"article:modified_time\" content=\"2024-12-27T11:34:51+00:00\" \/>\n<meta property=\"og:image\" content=\"https:\/\/acemesclerosis.org\/wp-content\/uploads\/2024\/04\/FOTO-IRPF-ALBA.jpg\" \/>\n\t<meta property=\"og:image:width\" content=\"792\" \/>\n\t<meta property=\"og:image:height\" content=\"473\" \/>\n\t<meta property=\"og:image:type\" content=\"image\/jpeg\" \/>\n<meta name=\"twitter:card\" content=\"summary_large_image\" \/>\n<meta name=\"twitter:label1\" content=\"Tiempo de lectura\" \/>\n\t<meta name=\"twitter:data1\" content=\"2 minutos\" \/>\n<script type=\"application\/ld+json\" class=\"yoast-schema-graph\">{\"@context\":\"https:\/\/schema.org\",\"@graph\":[{\"@type\":\"Organization\",\"@id\":\"https:\/\/192.168.1.117:8086\/#organization\",\"name\":\"Acem Esclerosis\",\"url\":\"https:\/\/192.168.1.117:8086\/\",\"sameAs\":[],\"logo\":{\"@type\":\"ImageObject\",\"@id\":\"https:\/\/192.168.1.117:8086\/#logo\",\"inLanguage\":\"es\",\"url\":\"https:\/\/acemesclerosis.org\/wp-content\/uploads\/2021\/09\/WhatsApp-Image-2021-09-27-at-14.06.43.jpeg\",\"contentUrl\":\"https:\/\/acemesclerosis.org\/wp-content\/uploads\/2021\/09\/WhatsApp-Image-2021-09-27-at-14.06.43.jpeg\",\"width\":1600,\"height\":592,\"caption\":\"Acem Esclerosis\"},\"image\":{\"@id\":\"https:\/\/192.168.1.117:8086\/#logo\"}},{\"@type\":\"WebSite\",\"@id\":\"https:\/\/192.168.1.117:8086\/#website\",\"url\":\"https:\/\/192.168.1.117:8086\/\",\"name\":\"ACEM Esclerosis\",\"description\":\"Asociaci\\u00f3n Coru\\u00f1esa de Esclerosis M\\u00faltiple\",\"publisher\":{\"@id\":\"https:\/\/192.168.1.117:8086\/#organization\"},\"potentialAction\":[{\"@type\":\"SearchAction\",\"target\":{\"@type\":\"EntryPoint\",\"urlTemplate\":\"https:\/\/192.168.1.117:8086\/?s={search_term_string}\"},\"query-input\":\"required name=search_term_string\"}],\"inLanguage\":\"es\"},{\"@type\":\"ImageObject\",\"@id\":\"https:\/\/acemesclerosis.org\/?page_id=3494&lang=gl#primaryimage\",\"inLanguage\":\"es\",\"url\":\"https:\/\/acemesclerosis.org\/wp-content\/uploads\/2024\/04\/FOTO-IRPF-ALBA.jpg\",\"contentUrl\":\"https:\/\/acemesclerosis.org\/wp-content\/uploads\/2024\/04\/FOTO-IRPF-ALBA.jpg\",\"width\":792,\"height\":473},{\"@type\":\"WebPage\",\"@id\":\"https:\/\/acemesclerosis.org\/?page_id=3494&lang=gl#webpage\",\"url\":\"https:\/\/acemesclerosis.org\/?page_id=3494&lang=gl\",\"name\":\"Integraci\\u00f3n social - ACEM Esclerosis\",\"isPartOf\":{\"@id\":\"https:\/\/192.168.1.117:8086\/#website\"},\"primaryImageOfPage\":{\"@id\":\"https:\/\/acemesclerosis.org\/?page_id=3494&lang=gl#primaryimage\"},\"datePublished\":\"2024-04-11T14:05:21+00:00\",\"dateModified\":\"2024-12-27T11:34:51+00:00\",\"breadcrumb\":{\"@id\":\"https:\/\/acemesclerosis.org\/?page_id=3494&lang=gl#breadcrumb\"},\"inLanguage\":\"es\",\"potentialAction\":[{\"@type\":\"ReadAction\",\"target\":[\"https:\/\/acemesclerosis.org\/?page_id=3494&lang=gl\"]}]},{\"@type\":\"BreadcrumbList\",\"@id\":\"https:\/\/acemesclerosis.org\/?page_id=3494&lang=gl#breadcrumb\",\"itemListElement\":[{\"@type\":\"ListItem\",\"position\":1,\"name\":\"Portada\",\"item\":\"https:\/\/192.168.1.117:8086\/\"},{\"@type\":\"ListItem\",\"position\":2,\"name\":\"Servicios\",\"item\":\"https:\/\/acemesclerosis.org\/?page_id=28\"},{\"@type\":\"ListItem\",\"position\":3,\"name\":\"Integraci\\u00f3n social\"}]}]}<\/script>\n<!-- \/ Yoast SEO plugin. -->","yoast_head_json":{"title":"Integraci\u00f3n social - ACEM Esclerosis","robots":{"index":"index","follow":"follow","max-snippet":"max-snippet:-1","max-image-preview":"max-image-preview:large","max-video-preview":"max-video-preview:-1"},"canonical":"https:\/\/acemesclerosis.org\/?page_id=3494&lang=gl","og_locale":"es_ES","og_type":"article","og_title":"Integraci\u00f3n social - ACEM Esclerosis","og_description":"Integraci\u00f3n social Dende o servizo de integraci\u00f3n social b\u00fascase ofrecer alternativas, propostas ou oportunidades para evitar a exclusi\u00f3n social, xa que a interacci\u00f3n con outros \u00e9 necesaria para ter estabilidade e sa\u00fade emocional. Para iso, bas\u00e9ase na igualdade, por medio de diversas actividades onde se promove a autonom\u00eda persoal. Isto incl\u00fae, traballar as s\u00faas capacidades [&hellip;]","og_url":"https:\/\/acemesclerosis.org\/?page_id=3494&lang=gl","og_site_name":"ACEM Esclerosis","article_modified_time":"2024-12-27T11:34:51+00:00","og_image":[{"width":792,"height":473,"url":"https:\/\/acemesclerosis.org\/wp-content\/uploads\/2024\/04\/FOTO-IRPF-ALBA.jpg","type":"image\/jpeg"}],"twitter_card":"summary_large_image","twitter_misc":{"Tiempo de lectura":"2 minutos"},"schema":{"@context":"https:\/\/schema.org","@graph":[{"@type":"Organization","@id":"https:\/\/192.168.1.117:8086\/#organization","name":"Acem Esclerosis","url":"https:\/\/192.168.1.117:8086\/","sameAs":[],"logo":{"@type":"ImageObject","@id":"https:\/\/192.168.1.117:8086\/#logo","inLanguage":"es","url":"https:\/\/acemesclerosis.org\/wp-content\/uploads\/2021\/09\/WhatsApp-Image-2021-09-27-at-14.06.43.jpeg","contentUrl":"https:\/\/acemesclerosis.org\/wp-content\/uploads\/2021\/09\/WhatsApp-Image-2021-09-27-at-14.06.43.jpeg","width":1600,"height":592,"caption":"Acem Esclerosis"},"image":{"@id":"https:\/\/192.168.1.117:8086\/#logo"}},{"@type":"WebSite","@id":"https:\/\/192.168.1.117:8086\/#website","url":"https:\/\/192.168.1.117:8086\/","name":"ACEM Esclerosis","description":"Asociaci\u00f3n Coru\u00f1esa de Esclerosis M\u00faltiple","publisher":{"@id":"https:\/\/192.168.1.117:8086\/#organization"},"potentialAction":[{"@type":"SearchAction","target":{"@type":"EntryPoint","urlTemplate":"https:\/\/192.168.1.117:8086\/?s={search_term_string}"},"query-input":"required name=search_term_string"}],"inLanguage":"es"},{"@type":"ImageObject","@id":"https:\/\/acemesclerosis.org\/?page_id=3494&lang=gl#primaryimage","inLanguage":"es","url":"https:\/\/acemesclerosis.org\/wp-content\/uploads\/2024\/04\/FOTO-IRPF-ALBA.jpg","contentUrl":"https:\/\/acemesclerosis.org\/wp-content\/uploads\/2024\/04\/FOTO-IRPF-ALBA.jpg","width":792,"height":473},{"@type":"WebPage","@id":"https:\/\/acemesclerosis.org\/?page_id=3494&lang=gl#webpage","url":"https:\/\/acemesclerosis.org\/?page_id=3494&lang=gl","name":"Integraci\u00f3n social - ACEM Esclerosis","isPartOf":{"@id":"https:\/\/192.168.1.117:8086\/#website"},"primaryImageOfPage":{"@id":"https:\/\/acemesclerosis.org\/?page_id=3494&lang=gl#primaryimage"},"datePublished":"2024-04-11T14:05:21+00:00","dateModified":"2024-12-27T11:34:51+00:00","breadcrumb":{"@id":"https:\/\/acemesclerosis.org\/?page_id=3494&lang=gl#breadcrumb"},"inLanguage":"es","potentialAction":[{"@type":"ReadAction","target":["https:\/\/acemesclerosis.org\/?page_id=3494&lang=gl"]}]},{"@type":"BreadcrumbList","@id":"https:\/\/acemesclerosis.org\/?page_id=3494&lang=gl#breadcrumb","itemListElement":[{"@type":"ListItem","position":1,"name":"Portada","item":"https:\/\/192.168.1.117:8086\/"},{"@type":"ListItem","position":2,"name":"Servicios","item":"https:\/\/acemesclerosis.org\/?page_id=28"},{"@type":"ListItem","position":3,"name":"Integraci\u00f3n social"}]}]}},"_links":{"self":[{"href":"https:\/\/acemesclerosis.org\/index.php?rest_route=\/wp\/v2\/pages\/3494","targetHints":{"allow":["GET"]}}],"collection":[{"href":"https:\/\/acemesclerosis.org\/index.php?rest_route=\/wp\/v2\/pages"}],"about":[{"href":"https:\/\/acemesclerosis.org\/index.php?rest_route=\/wp\/v2\/types\/page"}],"author":[{"embeddable":true,"href":"https:\/\/acemesclerosis.org\/index.php?rest_route=\/wp\/v2\/users\/2"}],"replies":[{"embeddable":true,"href":"https:\/\/acemesclerosis.org\/index.php?rest_route=%2Fwp%2Fv2%2Fcomments&post=3494"}],"version-history":[{"count":13,"href":"https:\/\/acemesclerosis.org\/index.php?rest_route=\/wp\/v2\/pages\/3494\/revisions"}],"predecessor-version":[{"id":3977,"href":"https:\/\/acemesclerosis.org\/index.php?rest_route=\/wp\/v2\/pages\/3494\/revisions\/3977"}],"up":[{"embeddable":true,"href":"https:\/\/acemesclerosis.org\/index.php?rest_route=\/wp\/v2\/pages\/28"}],"wp:featuredmedia":[{"embeddable":true,"href":"https:\/\/acemesclerosis.org\/index.php?rest_route=\/wp\/v2\/media\/3453"}],"wp:attachment":[{"href":"https:\/\/acemesclerosis.org\/index.php?rest_route=%2Fwp%2Fv2%2Fmedia&parent=3494"}],"curies":[{"name":"wp","href":"https:\/\/api.w.org\/{rel}","templated":true}]}}