{"id":4136,"date":"2025-01-10T07:21:41","date_gmt":"2025-01-10T07:21:41","guid":{"rendered":"https:\/\/acemesclerosis.org\/?page_id=4136"},"modified":"2025-01-10T07:40:16","modified_gmt":"2025-01-10T07:40:16","slug":"servicio-de-valoracion-informacion-y-asesoramiento","status":"publish","type":"page","link":"https:\/\/acemesclerosis.org\/?page_id=4136","title":{"rendered":"Servicio de Valoraci\u00f3n, Informaci\u00f3n y Asesoramiento"},"content":{"rendered":"\t\t<div data-elementor-type=\"wp-page\" data-elementor-id=\"4136\" class=\"elementor elementor-4136\" data-elementor-settings=\"[]\">\n\t\t\t\t\t\t\t<div class=\"elementor-section-wrap\">\n\t\t\t\t\t\t\t<section class=\"elementor-section elementor-top-section elementor-element elementor-element-8ee12b3 elementor-section-boxed elementor-section-height-default elementor-section-height-default\" data-id=\"8ee12b3\" data-element_type=\"section\">\n\t\t\t\t\t\t<div class=\"elementor-container elementor-column-gap-default\">\n\t\t\t\t\t<div class=\"elementor-column elementor-col-100 elementor-top-column elementor-element elementor-element-24627bcb\" data-id=\"24627bcb\" data-element_type=\"column\">\n\t\t\t<div class=\"elementor-widget-wrap elementor-element-populated\">\n\t\t\t\t\t\t\t\t<div class=\"elementor-element elementor-element-89db928 elementor--h-position-center elementor--v-position-middle elementor-arrows-position-inside elementor-pagination-position-inside elementor-widget elementor-widget-slides\" data-id=\"89db928\" data-element_type=\"widget\" data-settings=\"{&quot;navigation&quot;:&quot;both&quot;,&quot;autoplay&quot;:&quot;yes&quot;,&quot;pause_on_hover&quot;:&quot;yes&quot;,&quot;pause_on_interaction&quot;:&quot;yes&quot;,&quot;autoplay_speed&quot;:5000,&quot;infinite&quot;:&quot;yes&quot;,&quot;transition&quot;:&quot;slide&quot;,&quot;transition_speed&quot;:500}\" data-widget_type=\"slides.default\">\n\t\t\t\t<div class=\"elementor-widget-container\">\n\t\t\t\t\t<div class=\"elementor-swiper\">\n\t\t\t<div class=\"elementor-slides-wrapper elementor-main-swiper swiper-container\" dir=\"ltr\" data-animation=\"fadeInUp\">\n\t\t\t\t<div class=\"swiper-wrapper elementor-slides\">\n\t\t\t\t\t<div class=\"elementor-repeater-item-ebf784f swiper-slide\"><div class=\"swiper-slide-bg\"><\/div><div class=\"swiper-slide-inner\" ><div class=\"swiper-slide-contents\"><\/div><\/div><\/div>\t\t\t\t<\/div>\n\t\t\t\t\t\t\t<\/div>\n\t\t<\/div>\n\t\t\t\t<\/div>\n\t\t\t\t<\/div>\n\t\t\t\t<div class=\"elementor-element elementor-element-ae3ea85 elementor-hidden-phone elementor-widget elementor-widget-heading\" data-id=\"ae3ea85\" data-element_type=\"widget\" data-widget_type=\"heading.default\">\n\t\t\t\t<div class=\"elementor-widget-container\">\n\t\t\t<p class=\"elementor-heading-title elementor-size-default\">Servicio acogida<\/p>\t\t<\/div>\n\t\t\t\t<\/div>\n\t\t\t\t<div class=\"elementor-element elementor-element-19cf3e72 elementor-widget elementor-widget-text-editor\" data-id=\"19cf3e72\" data-element_type=\"widget\" data-widget_type=\"text-editor.default\">\n\t\t\t\t<div class=\"elementor-widget-container\">\n\t\t\t\t\t\t\t\t<p><!-- \/wp:paragraph --><\/p>\n<p><!-- wp:paragraph --><\/p>\n<p>El servicio de valoraci\u00f3n, informaci\u00f3n y asesoramiento tiene como finalidad atender la necesidad de informaci\u00f3n que puede surgir tras un diagn\u00f3stico de esclerosis m\u00faltiple (EM) o a lo largo de su evoluci\u00f3n, as\u00ed como brindar apoyo y asistencia emocional para mitigar miedos y carencias. Adem\u00e1s, busca fomentar un afrontamiento activo y saludable frente a la situaci\u00f3n generada por la enfermedad, tanto en las personas afectadas como en sus familiares.<\/p>\n<p><!-- \/wp:paragraph --><\/p>\n<p><!-- wp:paragraph --><\/p>\n<p><!-- \/wp:list-item --><\/p>\n<p><!-- \/wp:list --><\/p>\n<p><!-- wp:paragraph --><\/p>\n<p><!-- \/wp:paragraph --><\/p>\t\t\t\t\t\t<\/div>\n\t\t\t\t<\/div>\n\t\t\t\t<div class=\"elementor-element elementor-element-8b1fb7d elementor-hidden-phone elementor-widget elementor-widget-heading\" data-id=\"8b1fb7d\" data-element_type=\"widget\" data-widget_type=\"heading.default\">\n\t\t\t\t<div class=\"elementor-widget-container\">\n\t\t\t<p class=\"elementor-heading-title elementor-size-default\">Metodolog\u00eda<\/p>\t\t<\/div>\n\t\t\t\t<\/div>\n\t\t\t\t<div class=\"elementor-element elementor-element-012cfe7 elementor-widget elementor-widget-text-editor\" data-id=\"012cfe7\" data-element_type=\"widget\" data-widget_type=\"text-editor.default\">\n\t\t\t\t<div class=\"elementor-widget-container\">\n\t\t\t\t\t\t\t\t<p><!-- \/wp:paragraph --><\/p>\n<p><!-- wp:paragraph --><\/p>\n<p><!-- \/wp:paragraph --><\/p>\n<p><!-- wp:paragraph --><\/p>\n<p><!-- \/wp:paragraph --><\/p>\n<p><!-- wp:paragraph --><\/p>\n<p>El proceso comienza con una primera entrevista, presencial o telem\u00e1tica, con la psic\u00f3loga de la asociaci\u00f3n. Mediante la escucha activa, se identifican las necesidades y demandas de la persona afectada, facilitando su desahogo emocional y resaltando la importancia de ser escuchados. A trav\u00e9s de esta entrevista, se recogen informaci\u00f3n que nos permite conocer la realidad de la persona afectada y comprender mejor su situaci\u00f3n personal, para poder actuar de manera adecuada y atender sus necesidades de forma efectiva.<\/p>\n<p><!-- \/wp:paragraph --><\/p>\n<p><!-- wp:paragraph --><\/p>\n<p><!-- \/wp:list-item --><\/p>\n<p><!-- \/wp:list --><\/p>\n<p><!-- wp:paragraph --><\/p>\n<p><!-- \/wp:paragraph --><\/p>\t\t\t\t\t\t<\/div>\n\t\t\t\t<\/div>\n\t\t\t\t<div class=\"elementor-element elementor-element-ce6a9b1 elementor-hidden-phone elementor-widget elementor-widget-heading\" data-id=\"ce6a9b1\" data-element_type=\"widget\" data-widget_type=\"heading.default\">\n\t\t\t\t<div class=\"elementor-widget-container\">\n\t\t\t<p class=\"elementor-heading-title elementor-size-default\">Objetivos<\/p>\t\t<\/div>\n\t\t\t\t<\/div>\n\t\t\t\t<div class=\"elementor-element elementor-element-5c35f9b elementor-widget elementor-widget-text-editor\" data-id=\"5c35f9b\" data-element_type=\"widget\" data-widget_type=\"text-editor.default\">\n\t\t\t\t<div class=\"elementor-widget-container\">\n\t\t\t\t\t\t\t\t<p><!-- \/wp:paragraph --><\/p>\n<p><!-- wp:paragraph --><\/p>\n<p><!-- \/wp:paragraph --><\/p>\n<p><!-- wp:list --><\/p>\n<ul class=\"wp-block-list\">\n<li style=\"list-style-type: none;\">\n<ul class=\"wp-block-list\"><!-- wp:list-item --><\/ul>\n<\/li>\n<\/ul>\n<p>\u00a0<\/p>\n<ul class=\"wp-block-list\">\n<li style=\"list-style-type: none;\">\n<ul class=\"wp-block-list\">\n<li>Proporcionar informaci\u00f3n adaptada a las necesidades de las personas con EM y sus familias, ayud\u00e1ndoles a comprender mejor la enfermedad y los recursos disponibles.<\/li>\n<\/ul>\n<\/li>\n<\/ul>\n<p><!-- \/wp:list-item --><\/p>\n<p><!-- wp:list-item --><\/p>\n<ul class=\"wp-block-list\">\n<li style=\"list-style-type: none;\">\n<ul class=\"wp-block-list\">\n<li>Ofrecer un espacio seguro donde las personas puedan expresar sus emociones, preocupaciones e incertidumbres relacionadas con la enfermedad.<\/li>\n<\/ul>\n<\/li>\n<\/ul>\n<p><!-- \/wp:list-item --><\/p>\n<p><!-- wp:list-item --><\/p>\n<ul class=\"wp-block-list\">\n<li style=\"list-style-type: none;\">\n<ul class=\"wp-block-list\">\n<li>Promover estrategias que faciliten una adaptaci\u00f3n positiva a los desaf\u00edos que plantea la EM.<\/li>\n<\/ul>\n<\/li>\n<\/ul>\n<p><!-- \/wp:list-item --><\/p>\n<p><!-- wp:list-item --><\/p>\n<ul class=\"wp-block-list\">\n<li style=\"list-style-type: none;\">\n<ul class=\"wp-block-list\">\n<li>Detectar las necesidades de cada caso para proporcionar apoyo acorde a su situaci\u00f3n espec\u00edfica.<\/li>\n<\/ul>\n<\/li>\n<\/ul>\n<p><!-- \/wp:list-item --><\/p>\n<p><!-- wp:list-item --><\/p>\n<ul class=\"wp-block-list\">\n<li style=\"list-style-type: none;\">\n<ul class=\"wp-block-list\">\n<li>Brindar acompa\u00f1amiento durante el proceso de la EM, promoviendo el bienestar emocional y potenciando las fortalezas de cada persona.<\/li>\n<\/ul>\n<\/li>\n<\/ul>\n<p><!-- \/wp:list-item --><\/p>\n<p><!-- wp:list-item --><\/p>\n<ul class=\"wp-block-list\">\n<li style=\"list-style-type: none;\">\n<ul class=\"wp-block-list\">\n<li>Orientar a los familiares en el manejo de los aspectos emocionales y pr\u00e1cticos que implica convivir con un ser querido afectado por la EM.<\/li>\n<\/ul>\n<\/li>\n<\/ul>\n<p><!-- \/wp:list-item --><\/p>\n<p><!-- \/wp:list --><\/p>\n<p><!-- wp:paragraph --><\/p>\n<p><!-- \/wp:paragraph --><\/p>\t\t\t\t\t\t<\/div>\n\t\t\t\t<\/div>\n\t\t\t\t\t<\/div>\n\t\t<\/div>\n\t\t\t\t\t\t\t<\/div>\n\t\t<\/section>\n\t\t\t\t\t\t<\/div>\n\t\t\t\t\t<\/div>\n\t\t","protected":false},"excerpt":{"rendered":"<p>Servicio acogida El servicio de valoraci\u00f3n, informaci\u00f3n y asesoramiento tiene como finalidad atender la necesidad de informaci\u00f3n que puede surgir tras un diagn\u00f3stico de esclerosis m\u00faltiple (EM) o a lo largo de su evoluci\u00f3n, as\u00ed como brindar apoyo y asistencia emocional para mitigar miedos y carencias. Adem\u00e1s, busca fomentar un afrontamiento activo y saludable frente [&hellip;]<\/p>\n","protected":false},"author":2,"featured_media":4121,"parent":28,"menu_order":-12,"comment_status":"closed","ping_status":"closed","template":"elementor_header_footer","meta":{"footnotes":""},"class_list":["post-4136","page","type-page","status-publish","has-post-thumbnail","hentry"],"yoast_head":"<!-- This site is optimized with the Yoast SEO plugin v17.9 - https:\/\/yoast.com\/wordpress\/plugins\/seo\/ -->\n<title>Servicio de Valoraci\u00f3n, Informaci\u00f3n y Asesoramiento - ACEM Esclerosis<\/title>\n<meta name=\"robots\" content=\"index, follow, max-snippet:-1, max-image-preview:large, max-video-preview:-1\" \/>\n<link rel=\"canonical\" href=\"https:\/\/acemesclerosis.org\/?page_id=4136\" \/>\n<meta property=\"og:locale\" content=\"es_ES\" \/>\n<meta property=\"og:type\" content=\"article\" \/>\n<meta property=\"og:title\" content=\"Servicio de Valoraci\u00f3n, Informaci\u00f3n y Asesoramiento - ACEM Esclerosis\" \/>\n<meta property=\"og:description\" content=\"Servicio acogida El servicio de valoraci\u00f3n, informaci\u00f3n y asesoramiento tiene como finalidad atender la necesidad de informaci\u00f3n que puede surgir tras un diagn\u00f3stico de esclerosis m\u00faltiple (EM) o a lo largo de su evoluci\u00f3n, as\u00ed como brindar apoyo y asistencia emocional para mitigar miedos y carencias. Adem\u00e1s, busca fomentar un afrontamiento activo y saludable frente [&hellip;]\" \/>\n<meta property=\"og:url\" content=\"https:\/\/acemesclerosis.org\/?page_id=4136\" \/>\n<meta property=\"og:site_name\" content=\"ACEM Esclerosis\" \/>\n<meta property=\"article:modified_time\" content=\"2025-01-10T07:40:16+00:00\" \/>\n<meta property=\"og:image\" content=\"https:\/\/acemesclerosis.org\/wp-content\/uploads\/2025\/01\/IMG_0922-002-scaled.jpeg\" \/>\n\t<meta property=\"og:image:width\" content=\"2560\" \/>\n\t<meta property=\"og:image:height\" content=\"1920\" \/>\n\t<meta property=\"og:image:type\" content=\"image\/jpeg\" \/>\n<meta name=\"twitter:card\" content=\"summary_large_image\" \/>\n<meta name=\"twitter:label1\" content=\"Tiempo de lectura\" \/>\n\t<meta name=\"twitter:data1\" content=\"1 minuto\" \/>\n<script type=\"application\/ld+json\" class=\"yoast-schema-graph\">{\"@context\":\"https:\/\/schema.org\",\"@graph\":[{\"@type\":\"Organization\",\"@id\":\"https:\/\/192.168.1.117:8086\/#organization\",\"name\":\"Acem Esclerosis\",\"url\":\"https:\/\/192.168.1.117:8086\/\",\"sameAs\":[],\"logo\":{\"@type\":\"ImageObject\",\"@id\":\"https:\/\/192.168.1.117:8086\/#logo\",\"inLanguage\":\"es\",\"url\":\"https:\/\/acemesclerosis.org\/wp-content\/uploads\/2021\/09\/WhatsApp-Image-2021-09-27-at-14.06.43.jpeg\",\"contentUrl\":\"https:\/\/acemesclerosis.org\/wp-content\/uploads\/2021\/09\/WhatsApp-Image-2021-09-27-at-14.06.43.jpeg\",\"width\":1600,\"height\":592,\"caption\":\"Acem Esclerosis\"},\"image\":{\"@id\":\"https:\/\/192.168.1.117:8086\/#logo\"}},{\"@type\":\"WebSite\",\"@id\":\"https:\/\/192.168.1.117:8086\/#website\",\"url\":\"https:\/\/192.168.1.117:8086\/\",\"name\":\"ACEM Esclerosis\",\"description\":\"Asociaci\\u00f3n Coru\\u00f1esa de Esclerosis M\\u00faltiple\",\"publisher\":{\"@id\":\"https:\/\/192.168.1.117:8086\/#organization\"},\"potentialAction\":[{\"@type\":\"SearchAction\",\"target\":{\"@type\":\"EntryPoint\",\"urlTemplate\":\"https:\/\/192.168.1.117:8086\/?s={search_term_string}\"},\"query-input\":\"required name=search_term_string\"}],\"inLanguage\":\"es\"},{\"@type\":\"ImageObject\",\"@id\":\"https:\/\/acemesclerosis.org\/?page_id=4136#primaryimage\",\"inLanguage\":\"es\",\"url\":\"https:\/\/acemesclerosis.org\/wp-content\/uploads\/2025\/01\/IMG_0922-002-scaled.jpeg\",\"contentUrl\":\"https:\/\/acemesclerosis.org\/wp-content\/uploads\/2025\/01\/IMG_0922-002-scaled.jpeg\",\"width\":2560,\"height\":1920},{\"@type\":\"WebPage\",\"@id\":\"https:\/\/acemesclerosis.org\/?page_id=4136#webpage\",\"url\":\"https:\/\/acemesclerosis.org\/?page_id=4136\",\"name\":\"Servicio de Valoraci\\u00f3n, Informaci\\u00f3n y Asesoramiento - ACEM Esclerosis\",\"isPartOf\":{\"@id\":\"https:\/\/192.168.1.117:8086\/#website\"},\"primaryImageOfPage\":{\"@id\":\"https:\/\/acemesclerosis.org\/?page_id=4136#primaryimage\"},\"datePublished\":\"2025-01-10T07:21:41+00:00\",\"dateModified\":\"2025-01-10T07:40:16+00:00\",\"breadcrumb\":{\"@id\":\"https:\/\/acemesclerosis.org\/?page_id=4136#breadcrumb\"},\"inLanguage\":\"es\",\"potentialAction\":[{\"@type\":\"ReadAction\",\"target\":[\"https:\/\/acemesclerosis.org\/?page_id=4136\"]}]},{\"@type\":\"BreadcrumbList\",\"@id\":\"https:\/\/acemesclerosis.org\/?page_id=4136#breadcrumb\",\"itemListElement\":[{\"@type\":\"ListItem\",\"position\":1,\"name\":\"Portada\",\"item\":\"https:\/\/192.168.1.117:8086\/\"},{\"@type\":\"ListItem\",\"position\":2,\"name\":\"Servicios\",\"item\":\"https:\/\/acemesclerosis.org\/?page_id=28\"},{\"@type\":\"ListItem\",\"position\":3,\"name\":\"Servicio de Valoraci\\u00f3n, Informaci\\u00f3n y Asesoramiento\"}]}]}<\/script>\n<!-- \/ Yoast SEO plugin. -->","yoast_head_json":{"title":"Servicio de Valoraci\u00f3n, Informaci\u00f3n y Asesoramiento - ACEM Esclerosis","robots":{"index":"index","follow":"follow","max-snippet":"max-snippet:-1","max-image-preview":"max-image-preview:large","max-video-preview":"max-video-preview:-1"},"canonical":"https:\/\/acemesclerosis.org\/?page_id=4136","og_locale":"es_ES","og_type":"article","og_title":"Servicio de Valoraci\u00f3n, Informaci\u00f3n y Asesoramiento - ACEM Esclerosis","og_description":"Servicio acogida El servicio de valoraci\u00f3n, informaci\u00f3n y asesoramiento tiene como finalidad atender la necesidad de informaci\u00f3n que puede surgir tras un diagn\u00f3stico de esclerosis m\u00faltiple (EM) o a lo largo de su evoluci\u00f3n, as\u00ed como brindar apoyo y asistencia emocional para mitigar miedos y carencias. Adem\u00e1s, busca fomentar un afrontamiento activo y saludable frente [&hellip;]","og_url":"https:\/\/acemesclerosis.org\/?page_id=4136","og_site_name":"ACEM Esclerosis","article_modified_time":"2025-01-10T07:40:16+00:00","og_image":[{"width":2560,"height":1920,"url":"https:\/\/acemesclerosis.org\/wp-content\/uploads\/2025\/01\/IMG_0922-002-scaled.jpeg","type":"image\/jpeg"}],"twitter_card":"summary_large_image","twitter_misc":{"Tiempo de lectura":"1 minuto"},"schema":{"@context":"https:\/\/schema.org","@graph":[{"@type":"Organization","@id":"https:\/\/192.168.1.117:8086\/#organization","name":"Acem Esclerosis","url":"https:\/\/192.168.1.117:8086\/","sameAs":[],"logo":{"@type":"ImageObject","@id":"https:\/\/192.168.1.117:8086\/#logo","inLanguage":"es","url":"https:\/\/acemesclerosis.org\/wp-content\/uploads\/2021\/09\/WhatsApp-Image-2021-09-27-at-14.06.43.jpeg","contentUrl":"https:\/\/acemesclerosis.org\/wp-content\/uploads\/2021\/09\/WhatsApp-Image-2021-09-27-at-14.06.43.jpeg","width":1600,"height":592,"caption":"Acem Esclerosis"},"image":{"@id":"https:\/\/192.168.1.117:8086\/#logo"}},{"@type":"WebSite","@id":"https:\/\/192.168.1.117:8086\/#website","url":"https:\/\/192.168.1.117:8086\/","name":"ACEM Esclerosis","description":"Asociaci\u00f3n Coru\u00f1esa de Esclerosis M\u00faltiple","publisher":{"@id":"https:\/\/192.168.1.117:8086\/#organization"},"potentialAction":[{"@type":"SearchAction","target":{"@type":"EntryPoint","urlTemplate":"https:\/\/192.168.1.117:8086\/?s={search_term_string}"},"query-input":"required name=search_term_string"}],"inLanguage":"es"},{"@type":"ImageObject","@id":"https:\/\/acemesclerosis.org\/?page_id=4136#primaryimage","inLanguage":"es","url":"https:\/\/acemesclerosis.org\/wp-content\/uploads\/2025\/01\/IMG_0922-002-scaled.jpeg","contentUrl":"https:\/\/acemesclerosis.org\/wp-content\/uploads\/2025\/01\/IMG_0922-002-scaled.jpeg","width":2560,"height":1920},{"@type":"WebPage","@id":"https:\/\/acemesclerosis.org\/?page_id=4136#webpage","url":"https:\/\/acemesclerosis.org\/?page_id=4136","name":"Servicio de Valoraci\u00f3n, Informaci\u00f3n y Asesoramiento - ACEM Esclerosis","isPartOf":{"@id":"https:\/\/192.168.1.117:8086\/#website"},"primaryImageOfPage":{"@id":"https:\/\/acemesclerosis.org\/?page_id=4136#primaryimage"},"datePublished":"2025-01-10T07:21:41+00:00","dateModified":"2025-01-10T07:40:16+00:00","breadcrumb":{"@id":"https:\/\/acemesclerosis.org\/?page_id=4136#breadcrumb"},"inLanguage":"es","potentialAction":[{"@type":"ReadAction","target":["https:\/\/acemesclerosis.org\/?page_id=4136"]}]},{"@type":"BreadcrumbList","@id":"https:\/\/acemesclerosis.org\/?page_id=4136#breadcrumb","itemListElement":[{"@type":"ListItem","position":1,"name":"Portada","item":"https:\/\/192.168.1.117:8086\/"},{"@type":"ListItem","position":2,"name":"Servicios","item":"https:\/\/acemesclerosis.org\/?page_id=28"},{"@type":"ListItem","position":3,"name":"Servicio de Valoraci\u00f3n, Informaci\u00f3n y Asesoramiento"}]}]}},"_links":{"self":[{"href":"https:\/\/acemesclerosis.org\/index.php?rest_route=\/wp\/v2\/pages\/4136","targetHints":{"allow":["GET"]}}],"collection":[{"href":"https:\/\/acemesclerosis.org\/index.php?rest_route=\/wp\/v2\/pages"}],"about":[{"href":"https:\/\/acemesclerosis.org\/index.php?rest_route=\/wp\/v2\/types\/page"}],"author":[{"embeddable":true,"href":"https:\/\/acemesclerosis.org\/index.php?rest_route=\/wp\/v2\/users\/2"}],"replies":[{"embeddable":true,"href":"https:\/\/acemesclerosis.org\/index.php?rest_route=%2Fwp%2Fv2%2Fcomments&post=4136"}],"version-history":[{"count":8,"href":"https:\/\/acemesclerosis.org\/index.php?rest_route=\/wp\/v2\/pages\/4136\/revisions"}],"predecessor-version":[{"id":4148,"href":"https:\/\/acemesclerosis.org\/index.php?rest_route=\/wp\/v2\/pages\/4136\/revisions\/4148"}],"up":[{"embeddable":true,"href":"https:\/\/acemesclerosis.org\/index.php?rest_route=\/wp\/v2\/pages\/28"}],"wp:featuredmedia":[{"embeddable":true,"href":"https:\/\/acemesclerosis.org\/index.php?rest_route=\/wp\/v2\/media\/4121"}],"wp:attachment":[{"href":"https:\/\/acemesclerosis.org\/index.php?rest_route=%2Fwp%2Fv2%2Fmedia&parent=4136"}],"curies":[{"name":"wp","href":"https:\/\/api.w.org\/{rel}","templated":true}]}}