{"id":4149,"date":"2025-01-10T07:42:14","date_gmt":"2025-01-10T07:42:14","guid":{"rendered":"https:\/\/acemesclerosis.org\/?page_id=4149"},"modified":"2025-01-10T07:57:40","modified_gmt":"2025-01-10T07:57:40","slug":"servicio-de-valoracion-informacion-y-asesoramiento-2","status":"publish","type":"page","link":"https:\/\/acemesclerosis.org\/?page_id=4149&lang=gl","title":{"rendered":"Servicio de Valoraci\u00f3n, Informaci\u00f3n e Asesoramiento"},"content":{"rendered":"\t\t<div data-elementor-type=\"wp-page\" data-elementor-id=\"4149\" class=\"elementor elementor-4149\" data-elementor-settings=\"[]\">\n\t\t\t\t\t\t\t<div class=\"elementor-section-wrap\">\n\t\t\t\t\t\t\t<section class=\"elementor-section elementor-top-section elementor-element elementor-element-8ee12b3 elementor-section-boxed elementor-section-height-default elementor-section-height-default\" data-id=\"8ee12b3\" data-element_type=\"section\">\n\t\t\t\t\t\t<div class=\"elementor-container elementor-column-gap-default\">\n\t\t\t\t\t<div class=\"elementor-column elementor-col-100 elementor-top-column elementor-element elementor-element-24627bcb\" data-id=\"24627bcb\" data-element_type=\"column\">\n\t\t\t<div class=\"elementor-widget-wrap elementor-element-populated\">\n\t\t\t\t\t\t\t\t<div class=\"elementor-element elementor-element-89db928 elementor--h-position-center elementor--v-position-middle elementor-arrows-position-inside elementor-pagination-position-inside elementor-widget elementor-widget-slides\" data-id=\"89db928\" data-element_type=\"widget\" data-settings=\"{&quot;navigation&quot;:&quot;both&quot;,&quot;autoplay&quot;:&quot;yes&quot;,&quot;pause_on_hover&quot;:&quot;yes&quot;,&quot;pause_on_interaction&quot;:&quot;yes&quot;,&quot;autoplay_speed&quot;:5000,&quot;infinite&quot;:&quot;yes&quot;,&quot;transition&quot;:&quot;slide&quot;,&quot;transition_speed&quot;:500}\" data-widget_type=\"slides.default\">\n\t\t\t\t<div class=\"elementor-widget-container\">\n\t\t\t\t\t<div class=\"elementor-swiper\">\n\t\t\t<div class=\"elementor-slides-wrapper elementor-main-swiper swiper-container\" dir=\"ltr\" data-animation=\"fadeInUp\">\n\t\t\t\t<div class=\"swiper-wrapper elementor-slides\">\n\t\t\t\t\t<div class=\"elementor-repeater-item-ebf784f swiper-slide\"><div class=\"swiper-slide-bg\"><\/div><div class=\"swiper-slide-inner\" ><div class=\"swiper-slide-contents\"><\/div><\/div><\/div>\t\t\t\t<\/div>\n\t\t\t\t\t\t\t<\/div>\n\t\t<\/div>\n\t\t\t\t<\/div>\n\t\t\t\t<\/div>\n\t\t\t\t<div class=\"elementor-element elementor-element-ae3ea85 elementor-hidden-phone elementor-widget elementor-widget-heading\" data-id=\"ae3ea85\" data-element_type=\"widget\" data-widget_type=\"heading.default\">\n\t\t\t\t<div class=\"elementor-widget-container\">\n\t\t\t<p class=\"elementor-heading-title elementor-size-default\">Servizo de acollida<\/p>\t\t<\/div>\n\t\t\t\t<\/div>\n\t\t\t\t<div class=\"elementor-element elementor-element-19cf3e72 elementor-widget elementor-widget-text-editor\" data-id=\"19cf3e72\" data-element_type=\"widget\" data-widget_type=\"text-editor.default\">\n\t\t\t\t<div class=\"elementor-widget-container\">\n\t\t\t\t\t\t\t\t<p><span style=\"color: #333333; font-family: robotoregular; font-size: 18px; white-space-collapse: preserve;\">O servizo de valoraci\u00f3n, informaci\u00f3n e asesoramento ten como finalidade atender a necesidade de informaci\u00f3n que pode xurdir tras un diagn\u00f3stico de esclerose m\u00faltiple (<\/span><span style=\"margin: 0px; padding: 0px; display: inline-block; border-bottom: 1px solid #007bc4; color: #333333; font-family: robotoregular; font-size: 18px; white-space-collapse: preserve;\">EM<\/span><span style=\"color: #333333; font-family: robotoregular; font-size: 18px; white-space-collapse: preserve;\">) ou ao longo da s\u00faa evoluci\u00f3n, as\u00ed como brindar apoio e asistencia emocional para mitigar medos e carencias. Ademais, busca fomentar un <\/span><span style=\"margin: 0px; padding: 0px; display: inline-block; border-bottom: 1px solid #007bc4; color: #333333; font-family: robotoregular; font-size: 18px; white-space-collapse: preserve;\">afrontamento<\/span><span style=\"color: #333333; font-family: robotoregular; font-size: 18px; white-space-collapse: preserve;\"> activo e saudable fronte \u00e1 situaci\u00f3n xerada pola enfermidade, tanto nas persoas afectadas como nos seus familiares.<\/span><\/p>\t\t\t\t\t\t<\/div>\n\t\t\t\t<\/div>\n\t\t\t\t<div class=\"elementor-element elementor-element-8b1fb7d elementor-hidden-phone elementor-widget elementor-widget-heading\" data-id=\"8b1fb7d\" data-element_type=\"widget\" data-widget_type=\"heading.default\">\n\t\t\t\t<div class=\"elementor-widget-container\">\n\t\t\t<p class=\"elementor-heading-title elementor-size-default\">Metodolox\u00eda<\/p>\t\t<\/div>\n\t\t\t\t<\/div>\n\t\t\t\t<div class=\"elementor-element elementor-element-012cfe7 elementor-widget elementor-widget-text-editor\" data-id=\"012cfe7\" data-element_type=\"widget\" data-widget_type=\"text-editor.default\">\n\t\t\t\t<div class=\"elementor-widget-container\">\n\t\t\t\t\t\t\t\t<p><span style=\"color: #333333; font-family: robotoregular; font-size: 18px; white-space-collapse: preserve;\">O proceso comeza cunha primeira entrevista, presencial ou telem\u00e1tica, coa psic\u00f3loga da asociaci\u00f3n. Mediante esc\u00f3itaa activa, identif\u00edcanse as necesidades e demandas da persoa afectada, facilitando a s\u00faa desafogo emocional e resaltando a importancia de ser escoitados. A trav\u00e9s desta entrevista, rec\u00f3llense informaci\u00f3n que nos permite co\u00f1ecer a realidade da persoa afectada e comprender mellor a s\u00faa situaci\u00f3n persoal, para poder actuar de maneira adecuada e atender as s\u00faas necesidades de forma efectiva.<\/span><\/p>\t\t\t\t\t\t<\/div>\n\t\t\t\t<\/div>\n\t\t\t\t<div class=\"elementor-element elementor-element-ce6a9b1 elementor-hidden-phone elementor-widget elementor-widget-heading\" data-id=\"ce6a9b1\" data-element_type=\"widget\" data-widget_type=\"heading.default\">\n\t\t\t\t<div class=\"elementor-widget-container\">\n\t\t\t<p class=\"elementor-heading-title elementor-size-default\">Obxetivos<\/p>\t\t<\/div>\n\t\t\t\t<\/div>\n\t\t\t\t<div class=\"elementor-element elementor-element-5c35f9b elementor-widget elementor-widget-text-editor\" data-id=\"5c35f9b\" data-element_type=\"widget\" data-widget_type=\"text-editor.default\">\n\t\t\t\t<div class=\"elementor-widget-container\">\n\t\t\t\t\t\t\t\t<p><!-- wp:paragraph --><\/p>\n<p><!-- \/wp:paragraph --><\/p>\n<p><!-- wp:list --><\/p>\n<ul class=\"wp-block-list\">\n<li style=\"list-style-type: none;\">\n<ul class=\"wp-block-list\"><!-- wp:list-item --><\/ul>\n<\/li>\n<\/ul>\n<div class=\"textboxes\">\n<div class=\"col_b\">\n<div class=\"textbox\">\n<ul>\n<li>Proporcionar informaci\u00f3n adaptada \u00e1s necesidades das persoas con EM e as s\u00faas familias, axud\u00e1ndolles a comprender mellor a enfermidade e os recursos dispo\u00f1ibles.<\/li>\n<\/ul>\n<p>\u00a0<\/p>\n<ul>\n<li>Ofrecer un espazo seguro onde as persoas poidan expresar as s\u00faas emoci\u00f3ns, preocupaci\u00f3ns e incertezas relacionadas coa enfermidade.<\/li>\n<\/ul>\n<p>\u00a0<\/p>\n<ul>\n<li>Promover estratexias que faciliten unha adaptaci\u00f3n positiva aos desaf\u00edos que exp\u00f3n a EM. Detectar as necesidades de cada caso para proporcionar apoio acorde \u00e1 s\u00faa situaci\u00f3n espec\u00edfica.<\/li>\n<\/ul>\n<p>\u00a0<\/p>\n<ul>\n<li>Brindar acompa\u00f1amento durante o proceso da EM, promovendo o benestar emocional e potenciando as fortalezas de cada persoa.<\/li>\n<\/ul>\n<p>\u00a0<\/p>\n<ul>\n<li>Orientar aos familiares no manexo dos aspectos emocionais e pr\u00e1cticos que implica convivir cun ser querido afectado pola EM.<\/li>\n<\/ul>\n<div class=\"options\">\n<p>\u00a0<\/p>\n<\/div>\n<\/div>\n<\/div>\n<\/div>\n<ul class=\"wp-block-list\">\n<li style=\"list-style-type: none;\">\u00a0<\/li>\n<\/ul>\n<p><!-- \/wp:list-item --><\/p>\n<p><!-- \/wp:list --><\/p>\n<p><!-- wp:paragraph --><\/p>\n<p><!-- \/wp:paragraph --><\/p>\t\t\t\t\t\t<\/div>\n\t\t\t\t<\/div>\n\t\t\t\t\t<\/div>\n\t\t<\/div>\n\t\t\t\t\t\t\t<\/div>\n\t\t<\/section>\n\t\t\t\t\t\t<\/div>\n\t\t\t\t\t<\/div>\n\t\t","protected":false},"excerpt":{"rendered":"<p>Servizo de acollida O servizo de valoraci\u00f3n, informaci\u00f3n e asesoramento ten como finalidade atender a necesidade de informaci\u00f3n que pode xurdir tras un diagn\u00f3stico de esclerose m\u00faltiple (EM) ou ao longo da s\u00faa evoluci\u00f3n, as\u00ed como brindar apoio e asistencia emocional para mitigar medos e carencias. Ademais, busca fomentar un afrontamento activo e saudable fronte [&hellip;]<\/p>\n","protected":false},"author":2,"featured_media":4121,"parent":28,"menu_order":-12,"comment_status":"closed","ping_status":"closed","template":"elementor_header_footer","meta":{"footnotes":""},"class_list":["post-4149","page","type-page","status-publish","has-post-thumbnail","hentry"],"yoast_head":"<!-- This site is optimized with the Yoast SEO plugin v17.9 - https:\/\/yoast.com\/wordpress\/plugins\/seo\/ -->\n<title>Servicio de Valoraci\u00f3n, Informaci\u00f3n e Asesoramiento - ACEM Esclerosis<\/title>\n<meta name=\"robots\" content=\"index, follow, max-snippet:-1, max-image-preview:large, max-video-preview:-1\" \/>\n<link rel=\"canonical\" href=\"https:\/\/acemesclerosis.org\/?page_id=4149&#038;lang=gl\" \/>\n<meta property=\"og:locale\" content=\"es_ES\" \/>\n<meta property=\"og:type\" content=\"article\" \/>\n<meta property=\"og:title\" content=\"Servicio de Valoraci\u00f3n, Informaci\u00f3n e Asesoramiento - ACEM Esclerosis\" \/>\n<meta property=\"og:description\" content=\"Servizo de acollida O servizo de valoraci\u00f3n, informaci\u00f3n e asesoramento ten como finalidade atender a necesidade de informaci\u00f3n que pode xurdir tras un diagn\u00f3stico de esclerose m\u00faltiple (EM) ou ao longo da s\u00faa evoluci\u00f3n, as\u00ed como brindar apoio e asistencia emocional para mitigar medos e carencias. Ademais, busca fomentar un afrontamento activo e saudable fronte [&hellip;]\" \/>\n<meta property=\"og:url\" content=\"https:\/\/acemesclerosis.org\/?page_id=4149&amp;lang=gl\" \/>\n<meta property=\"og:site_name\" content=\"ACEM Esclerosis\" \/>\n<meta property=\"article:modified_time\" content=\"2025-01-10T07:57:40+00:00\" \/>\n<meta property=\"og:image\" content=\"https:\/\/acemesclerosis.org\/wp-content\/uploads\/2025\/01\/IMG_0922-002-scaled.jpeg\" \/>\n\t<meta property=\"og:image:width\" content=\"2560\" \/>\n\t<meta property=\"og:image:height\" content=\"1920\" \/>\n\t<meta property=\"og:image:type\" content=\"image\/jpeg\" \/>\n<meta name=\"twitter:card\" content=\"summary_large_image\" \/>\n<meta name=\"twitter:label1\" content=\"Tiempo de lectura\" \/>\n\t<meta name=\"twitter:data1\" content=\"1 minuto\" \/>\n<script type=\"application\/ld+json\" class=\"yoast-schema-graph\">{\"@context\":\"https:\/\/schema.org\",\"@graph\":[{\"@type\":\"Organization\",\"@id\":\"https:\/\/192.168.1.117:8086\/#organization\",\"name\":\"Acem Esclerosis\",\"url\":\"https:\/\/192.168.1.117:8086\/\",\"sameAs\":[],\"logo\":{\"@type\":\"ImageObject\",\"@id\":\"https:\/\/192.168.1.117:8086\/#logo\",\"inLanguage\":\"es\",\"url\":\"https:\/\/acemesclerosis.org\/wp-content\/uploads\/2021\/09\/WhatsApp-Image-2021-09-27-at-14.06.43.jpeg\",\"contentUrl\":\"https:\/\/acemesclerosis.org\/wp-content\/uploads\/2021\/09\/WhatsApp-Image-2021-09-27-at-14.06.43.jpeg\",\"width\":1600,\"height\":592,\"caption\":\"Acem Esclerosis\"},\"image\":{\"@id\":\"https:\/\/192.168.1.117:8086\/#logo\"}},{\"@type\":\"WebSite\",\"@id\":\"https:\/\/192.168.1.117:8086\/#website\",\"url\":\"https:\/\/192.168.1.117:8086\/\",\"name\":\"ACEM Esclerosis\",\"description\":\"Asociaci\\u00f3n Coru\\u00f1esa de Esclerosis M\\u00faltiple\",\"publisher\":{\"@id\":\"https:\/\/192.168.1.117:8086\/#organization\"},\"potentialAction\":[{\"@type\":\"SearchAction\",\"target\":{\"@type\":\"EntryPoint\",\"urlTemplate\":\"https:\/\/192.168.1.117:8086\/?s={search_term_string}\"},\"query-input\":\"required name=search_term_string\"}],\"inLanguage\":\"es\"},{\"@type\":\"ImageObject\",\"@id\":\"https:\/\/acemesclerosis.org\/?page_id=4149&lang=gl#primaryimage\",\"inLanguage\":\"es\",\"url\":\"https:\/\/acemesclerosis.org\/wp-content\/uploads\/2025\/01\/IMG_0922-002-scaled.jpeg\",\"contentUrl\":\"https:\/\/acemesclerosis.org\/wp-content\/uploads\/2025\/01\/IMG_0922-002-scaled.jpeg\",\"width\":2560,\"height\":1920},{\"@type\":\"WebPage\",\"@id\":\"https:\/\/acemesclerosis.org\/?page_id=4149&lang=gl#webpage\",\"url\":\"https:\/\/acemesclerosis.org\/?page_id=4149&lang=gl\",\"name\":\"Servicio de Valoraci\\u00f3n, Informaci\\u00f3n e Asesoramiento - ACEM Esclerosis\",\"isPartOf\":{\"@id\":\"https:\/\/192.168.1.117:8086\/#website\"},\"primaryImageOfPage\":{\"@id\":\"https:\/\/acemesclerosis.org\/?page_id=4149&lang=gl#primaryimage\"},\"datePublished\":\"2025-01-10T07:42:14+00:00\",\"dateModified\":\"2025-01-10T07:57:40+00:00\",\"breadcrumb\":{\"@id\":\"https:\/\/acemesclerosis.org\/?page_id=4149&lang=gl#breadcrumb\"},\"inLanguage\":\"es\",\"potentialAction\":[{\"@type\":\"ReadAction\",\"target\":[\"https:\/\/acemesclerosis.org\/?page_id=4149&lang=gl\"]}]},{\"@type\":\"BreadcrumbList\",\"@id\":\"https:\/\/acemesclerosis.org\/?page_id=4149&lang=gl#breadcrumb\",\"itemListElement\":[{\"@type\":\"ListItem\",\"position\":1,\"name\":\"Portada\",\"item\":\"https:\/\/192.168.1.117:8086\/\"},{\"@type\":\"ListItem\",\"position\":2,\"name\":\"Servicios\",\"item\":\"https:\/\/acemesclerosis.org\/?page_id=28\"},{\"@type\":\"ListItem\",\"position\":3,\"name\":\"Servicio de Valoraci\\u00f3n, Informaci\\u00f3n e Asesoramiento\"}]}]}<\/script>\n<!-- \/ Yoast SEO plugin. -->","yoast_head_json":{"title":"Servicio de Valoraci\u00f3n, Informaci\u00f3n e Asesoramiento - ACEM Esclerosis","robots":{"index":"index","follow":"follow","max-snippet":"max-snippet:-1","max-image-preview":"max-image-preview:large","max-video-preview":"max-video-preview:-1"},"canonical":"https:\/\/acemesclerosis.org\/?page_id=4149&lang=gl","og_locale":"es_ES","og_type":"article","og_title":"Servicio de Valoraci\u00f3n, Informaci\u00f3n e Asesoramiento - ACEM Esclerosis","og_description":"Servizo de acollida O servizo de valoraci\u00f3n, informaci\u00f3n e asesoramento ten como finalidade atender a necesidade de informaci\u00f3n que pode xurdir tras un diagn\u00f3stico de esclerose m\u00faltiple (EM) ou ao longo da s\u00faa evoluci\u00f3n, as\u00ed como brindar apoio e asistencia emocional para mitigar medos e carencias. Ademais, busca fomentar un afrontamento activo e saudable fronte [&hellip;]","og_url":"https:\/\/acemesclerosis.org\/?page_id=4149&lang=gl","og_site_name":"ACEM Esclerosis","article_modified_time":"2025-01-10T07:57:40+00:00","og_image":[{"width":2560,"height":1920,"url":"https:\/\/acemesclerosis.org\/wp-content\/uploads\/2025\/01\/IMG_0922-002-scaled.jpeg","type":"image\/jpeg"}],"twitter_card":"summary_large_image","twitter_misc":{"Tiempo de lectura":"1 minuto"},"schema":{"@context":"https:\/\/schema.org","@graph":[{"@type":"Organization","@id":"https:\/\/192.168.1.117:8086\/#organization","name":"Acem Esclerosis","url":"https:\/\/192.168.1.117:8086\/","sameAs":[],"logo":{"@type":"ImageObject","@id":"https:\/\/192.168.1.117:8086\/#logo","inLanguage":"es","url":"https:\/\/acemesclerosis.org\/wp-content\/uploads\/2021\/09\/WhatsApp-Image-2021-09-27-at-14.06.43.jpeg","contentUrl":"https:\/\/acemesclerosis.org\/wp-content\/uploads\/2021\/09\/WhatsApp-Image-2021-09-27-at-14.06.43.jpeg","width":1600,"height":592,"caption":"Acem Esclerosis"},"image":{"@id":"https:\/\/192.168.1.117:8086\/#logo"}},{"@type":"WebSite","@id":"https:\/\/192.168.1.117:8086\/#website","url":"https:\/\/192.168.1.117:8086\/","name":"ACEM Esclerosis","description":"Asociaci\u00f3n Coru\u00f1esa de Esclerosis M\u00faltiple","publisher":{"@id":"https:\/\/192.168.1.117:8086\/#organization"},"potentialAction":[{"@type":"SearchAction","target":{"@type":"EntryPoint","urlTemplate":"https:\/\/192.168.1.117:8086\/?s={search_term_string}"},"query-input":"required name=search_term_string"}],"inLanguage":"es"},{"@type":"ImageObject","@id":"https:\/\/acemesclerosis.org\/?page_id=4149&lang=gl#primaryimage","inLanguage":"es","url":"https:\/\/acemesclerosis.org\/wp-content\/uploads\/2025\/01\/IMG_0922-002-scaled.jpeg","contentUrl":"https:\/\/acemesclerosis.org\/wp-content\/uploads\/2025\/01\/IMG_0922-002-scaled.jpeg","width":2560,"height":1920},{"@type":"WebPage","@id":"https:\/\/acemesclerosis.org\/?page_id=4149&lang=gl#webpage","url":"https:\/\/acemesclerosis.org\/?page_id=4149&lang=gl","name":"Servicio de Valoraci\u00f3n, Informaci\u00f3n e Asesoramiento - ACEM Esclerosis","isPartOf":{"@id":"https:\/\/192.168.1.117:8086\/#website"},"primaryImageOfPage":{"@id":"https:\/\/acemesclerosis.org\/?page_id=4149&lang=gl#primaryimage"},"datePublished":"2025-01-10T07:42:14+00:00","dateModified":"2025-01-10T07:57:40+00:00","breadcrumb":{"@id":"https:\/\/acemesclerosis.org\/?page_id=4149&lang=gl#breadcrumb"},"inLanguage":"es","potentialAction":[{"@type":"ReadAction","target":["https:\/\/acemesclerosis.org\/?page_id=4149&lang=gl"]}]},{"@type":"BreadcrumbList","@id":"https:\/\/acemesclerosis.org\/?page_id=4149&lang=gl#breadcrumb","itemListElement":[{"@type":"ListItem","position":1,"name":"Portada","item":"https:\/\/192.168.1.117:8086\/"},{"@type":"ListItem","position":2,"name":"Servicios","item":"https:\/\/acemesclerosis.org\/?page_id=28"},{"@type":"ListItem","position":3,"name":"Servicio de Valoraci\u00f3n, Informaci\u00f3n e Asesoramiento"}]}]}},"_links":{"self":[{"href":"https:\/\/acemesclerosis.org\/index.php?rest_route=\/wp\/v2\/pages\/4149","targetHints":{"allow":["GET"]}}],"collection":[{"href":"https:\/\/acemesclerosis.org\/index.php?rest_route=\/wp\/v2\/pages"}],"about":[{"href":"https:\/\/acemesclerosis.org\/index.php?rest_route=\/wp\/v2\/types\/page"}],"author":[{"embeddable":true,"href":"https:\/\/acemesclerosis.org\/index.php?rest_route=\/wp\/v2\/users\/2"}],"replies":[{"embeddable":true,"href":"https:\/\/acemesclerosis.org\/index.php?rest_route=%2Fwp%2Fv2%2Fcomments&post=4149"}],"version-history":[{"count":8,"href":"https:\/\/acemesclerosis.org\/index.php?rest_route=\/wp\/v2\/pages\/4149\/revisions"}],"predecessor-version":[{"id":4165,"href":"https:\/\/acemesclerosis.org\/index.php?rest_route=\/wp\/v2\/pages\/4149\/revisions\/4165"}],"up":[{"embeddable":true,"href":"https:\/\/acemesclerosis.org\/index.php?rest_route=\/wp\/v2\/pages\/28"}],"wp:featuredmedia":[{"embeddable":true,"href":"https:\/\/acemesclerosis.org\/index.php?rest_route=\/wp\/v2\/media\/4121"}],"wp:attachment":[{"href":"https:\/\/acemesclerosis.org\/index.php?rest_route=%2Fwp%2Fv2%2Fmedia&parent=4149"}],"curies":[{"name":"wp","href":"https:\/\/api.w.org\/{rel}","templated":true}]}}