{"id":662,"date":"2021-09-27T15:14:08","date_gmt":"2021-09-27T15:14:08","guid":{"rendered":"https:\/\/acemesclerosis.org\/?page_id=662"},"modified":"2025-04-15T09:46:21","modified_gmt":"2025-04-15T09:46:21","slug":"asesoramiento-y-servicios-juridicos-3","status":"publish","type":"page","link":"https:\/\/acemesclerosis.org\/?page_id=662","title":{"rendered":"Asesoramiento y servicios jur\u00eddicos"},"content":{"rendered":"\t\t<div data-elementor-type=\"wp-page\" data-elementor-id=\"662\" class=\"elementor elementor-662\" data-elementor-settings=\"[]\">\n\t\t\t\t\t\t\t<div class=\"elementor-section-wrap\">\n\t\t\t\t\t\t\t<section class=\"elementor-section elementor-top-section elementor-element elementor-element-86375de elementor-section-full_width elementor-section-height-min-height elementor-section-height-default elementor-section-items-middle\" data-id=\"86375de\" data-element_type=\"section\" data-settings=\"{&quot;background_background&quot;:&quot;classic&quot;,&quot;background_motion_fx_motion_fx_scrolling&quot;:&quot;yes&quot;,&quot;background_motion_fx_devices&quot;:[&quot;desktop&quot;,&quot;tablet&quot;,&quot;mobile&quot;]}\">\n\t\t\t\t\t\t<div class=\"elementor-container elementor-column-gap-no\">\n\t\t\t\t\t<div class=\"elementor-column elementor-col-100 elementor-top-column elementor-element elementor-element-f1fb508\" data-id=\"f1fb508\" data-element_type=\"column\">\n\t\t\t<div class=\"elementor-widget-wrap elementor-element-populated\">\n\t\t\t\t\t\t\t\t<div class=\"elementor-element elementor-element-ca0bfeb elementor--h-position-center elementor--v-position-middle elementor-arrows-position-inside elementor-pagination-position-inside elementor-widget elementor-widget-slides\" data-id=\"ca0bfeb\" data-element_type=\"widget\" data-settings=\"{&quot;navigation&quot;:&quot;both&quot;,&quot;autoplay&quot;:&quot;yes&quot;,&quot;pause_on_hover&quot;:&quot;yes&quot;,&quot;pause_on_interaction&quot;:&quot;yes&quot;,&quot;autoplay_speed&quot;:5000,&quot;infinite&quot;:&quot;yes&quot;,&quot;transition&quot;:&quot;slide&quot;,&quot;transition_speed&quot;:500}\" data-widget_type=\"slides.default\">\n\t\t\t\t<div class=\"elementor-widget-container\">\n\t\t\t\t\t<div class=\"elementor-swiper\">\n\t\t\t<div class=\"elementor-slides-wrapper elementor-main-swiper swiper-container\" dir=\"ltr\" data-animation=\"fadeInUp\">\n\t\t\t\t<div class=\"swiper-wrapper elementor-slides\">\n\t\t\t\t\t<div class=\"elementor-repeater-item-57b48ea swiper-slide\"><div class=\"swiper-slide-bg\"><\/div><div class=\"swiper-slide-inner\" ><div class=\"swiper-slide-contents\"><\/div><\/div><\/div>\t\t\t\t<\/div>\n\t\t\t\t\t\t\t<\/div>\n\t\t<\/div>\n\t\t\t\t<\/div>\n\t\t\t\t<\/div>\n\t\t\t\t\t<\/div>\n\t\t<\/div>\n\t\t\t\t\t\t\t<\/div>\n\t\t<\/section>\n\t\t\t\t<section class=\"elementor-section elementor-top-section elementor-element elementor-element-df529c1 elementor-section-boxed elementor-section-height-default elementor-section-height-default\" data-id=\"df529c1\" data-element_type=\"section\" data-settings=\"{&quot;background_background&quot;:&quot;classic&quot;}\">\n\t\t\t\t\t\t<div class=\"elementor-container elementor-column-gap-default\">\n\t\t\t\t\t<div class=\"elementor-column elementor-col-100 elementor-top-column elementor-element elementor-element-1c92d6c\" data-id=\"1c92d6c\" data-element_type=\"column\">\n\t\t\t<div class=\"elementor-widget-wrap elementor-element-populated\">\n\t\t\t\t\t\t\t\t<div class=\"elementor-element elementor-element-2b46529 elementor-widget elementor-widget-heading\" data-id=\"2b46529\" data-element_type=\"widget\" data-widget_type=\"heading.default\">\n\t\t\t\t<div class=\"elementor-widget-container\">\n\t\t\t<h2 class=\"elementor-heading-title elementor-size-default\">Asesoramiento y servicios jur\u00eddicos<\/h2>\t\t<\/div>\n\t\t\t\t<\/div>\n\t\t\t\t\t<\/div>\n\t\t<\/div>\n\t\t\t\t\t\t\t<\/div>\n\t\t<\/section>\n\t\t\t\t<section class=\"elementor-section elementor-top-section elementor-element elementor-element-d20046e elementor-section-boxed elementor-section-height-default elementor-section-height-default\" data-id=\"d20046e\" data-element_type=\"section\" data-settings=\"{&quot;background_background&quot;:&quot;classic&quot;}\">\n\t\t\t\t\t\t<div class=\"elementor-container elementor-column-gap-default\">\n\t\t\t\t\t<div class=\"elementor-column elementor-col-100 elementor-top-column elementor-element elementor-element-b58d5d5\" data-id=\"b58d5d5\" data-element_type=\"column\">\n\t\t\t<div class=\"elementor-widget-wrap elementor-element-populated\">\n\t\t\t\t\t\t\t\t<div class=\"elementor-element elementor-element-6c3656c elementor-widget elementor-widget-text-editor\" data-id=\"6c3656c\" data-element_type=\"widget\" data-widget_type=\"text-editor.default\">\n\t\t\t\t<div class=\"elementor-widget-container\">\n\t\t\t\t\t\t\t\t<p>El pasado 21 de Septiembre la Asociaci\u00f3n firm\u00f3 un convenio de colaboraci\u00f3n con Atl\u00e1ntico Abogados con el objetivo de seguir ofreciendo asesoramiento y servicios jur\u00eddicos a nuestros asociados.<\/p>\t\t\t\t\t\t<\/div>\n\t\t\t\t<\/div>\n\t\t\t\t\t<\/div>\n\t\t<\/div>\n\t\t\t\t\t\t\t<\/div>\n\t\t<\/section>\n\t\t\t\t\t\t<\/div>\n\t\t\t\t\t<\/div>\n\t\t","protected":false},"excerpt":{"rendered":"<p>Asesoramiento y servicios jur\u00eddicos El pasado 21 de Septiembre la Asociaci\u00f3n firm\u00f3 un convenio de colaboraci\u00f3n con Atl\u00e1ntico Abogados con el objetivo de seguir ofreciendo asesoramiento y servicios jur\u00eddicos a nuestros asociados.<\/p>\n","protected":false},"author":1,"featured_media":0,"parent":0,"menu_order":0,"comment_status":"closed","ping_status":"closed","template":"elementor_header_footer","meta":{"footnotes":""},"class_list":["post-662","page","type-page","status-publish","hentry"],"yoast_head":"<!-- This site is optimized with the Yoast SEO plugin v17.9 - https:\/\/yoast.com\/wordpress\/plugins\/seo\/ -->\n<title>Asesoramiento y servicios jur\u00eddicos - ACEM Esclerosis<\/title>\n<meta name=\"description\" content=\"El pasado 21 de Septiembre la Asociaci\u00f3n firm\u00f3 un convenio de colaboraci\u00f3n con Atl\u00e1ntico Abogados con el objetivo de seguir ofreciendo asesoramiento y servicios jur\u00eddicos a nuestros asociados\" \/>\n<meta name=\"robots\" content=\"index, follow, max-snippet:-1, max-image-preview:large, max-video-preview:-1\" \/>\n<link rel=\"canonical\" href=\"https:\/\/acemesclerosis.org\/?page_id=662\" \/>\n<meta property=\"og:locale\" content=\"es_ES\" \/>\n<meta property=\"og:type\" content=\"article\" \/>\n<meta property=\"og:title\" content=\"Asesoramiento y servicios jur\u00eddicos - ACEM Esclerosis\" \/>\n<meta property=\"og:description\" content=\"El pasado 21 de Septiembre la Asociaci\u00f3n firm\u00f3 un convenio de colaboraci\u00f3n con Atl\u00e1ntico Abogados con el objetivo de seguir ofreciendo asesoramiento y servicios jur\u00eddicos a nuestros asociados\" \/>\n<meta property=\"og:url\" content=\"https:\/\/acemesclerosis.org\/?page_id=662\" \/>\n<meta property=\"og:site_name\" content=\"ACEM Esclerosis\" \/>\n<meta property=\"article:modified_time\" content=\"2025-04-15T09:46:21+00:00\" \/>\n<meta name=\"twitter:card\" content=\"summary_large_image\" \/>\n<script type=\"application\/ld+json\" class=\"yoast-schema-graph\">{\"@context\":\"https:\/\/schema.org\",\"@graph\":[{\"@type\":\"Organization\",\"@id\":\"https:\/\/192.168.1.117:8086\/#organization\",\"name\":\"Acem Esclerosis\",\"url\":\"https:\/\/192.168.1.117:8086\/\",\"sameAs\":[],\"logo\":{\"@type\":\"ImageObject\",\"@id\":\"https:\/\/192.168.1.117:8086\/#logo\",\"inLanguage\":\"es\",\"url\":\"https:\/\/acemesclerosis.org\/wp-content\/uploads\/2021\/09\/WhatsApp-Image-2021-09-27-at-14.06.43.jpeg\",\"contentUrl\":\"https:\/\/acemesclerosis.org\/wp-content\/uploads\/2021\/09\/WhatsApp-Image-2021-09-27-at-14.06.43.jpeg\",\"width\":1600,\"height\":592,\"caption\":\"Acem Esclerosis\"},\"image\":{\"@id\":\"https:\/\/192.168.1.117:8086\/#logo\"}},{\"@type\":\"WebSite\",\"@id\":\"https:\/\/192.168.1.117:8086\/#website\",\"url\":\"https:\/\/192.168.1.117:8086\/\",\"name\":\"ACEM Esclerosis\",\"description\":\"Asociaci\\u00f3n Coru\\u00f1esa de Esclerosis M\\u00faltiple\",\"publisher\":{\"@id\":\"https:\/\/192.168.1.117:8086\/#organization\"},\"potentialAction\":[{\"@type\":\"SearchAction\",\"target\":{\"@type\":\"EntryPoint\",\"urlTemplate\":\"https:\/\/192.168.1.117:8086\/?s={search_term_string}\"},\"query-input\":\"required name=search_term_string\"}],\"inLanguage\":\"es\"},{\"@type\":\"WebPage\",\"@id\":\"https:\/\/acemesclerosis.org\/?page_id=662#webpage\",\"url\":\"https:\/\/acemesclerosis.org\/?page_id=662\",\"name\":\"Asesoramiento y servicios jur\\u00eddicos - ACEM Esclerosis\",\"isPartOf\":{\"@id\":\"https:\/\/192.168.1.117:8086\/#website\"},\"datePublished\":\"2021-09-27T15:14:08+00:00\",\"dateModified\":\"2025-04-15T09:46:21+00:00\",\"description\":\"El pasado 21 de Septiembre la Asociaci\\u00f3n firm\\u00f3 un convenio de colaboraci\\u00f3n con Atl\\u00e1ntico Abogados con el objetivo de seguir ofreciendo asesoramiento y servicios jur\\u00eddicos a nuestros asociados\",\"breadcrumb\":{\"@id\":\"https:\/\/acemesclerosis.org\/?page_id=662#breadcrumb\"},\"inLanguage\":\"es\",\"potentialAction\":[{\"@type\":\"ReadAction\",\"target\":[\"https:\/\/acemesclerosis.org\/?page_id=662\"]}]},{\"@type\":\"BreadcrumbList\",\"@id\":\"https:\/\/acemesclerosis.org\/?page_id=662#breadcrumb\",\"itemListElement\":[{\"@type\":\"ListItem\",\"position\":1,\"name\":\"Portada\",\"item\":\"https:\/\/192.168.1.117:8086\/\"},{\"@type\":\"ListItem\",\"position\":2,\"name\":\"Asesoramiento y servicios jur\\u00eddicos\"}]}]}<\/script>\n<!-- \/ Yoast SEO plugin. -->","yoast_head_json":{"title":"Asesoramiento y servicios jur\u00eddicos - ACEM Esclerosis","description":"El pasado 21 de Septiembre la Asociaci\u00f3n firm\u00f3 un convenio de colaboraci\u00f3n con Atl\u00e1ntico Abogados con el objetivo de seguir ofreciendo asesoramiento y servicios jur\u00eddicos a nuestros asociados","robots":{"index":"index","follow":"follow","max-snippet":"max-snippet:-1","max-image-preview":"max-image-preview:large","max-video-preview":"max-video-preview:-1"},"canonical":"https:\/\/acemesclerosis.org\/?page_id=662","og_locale":"es_ES","og_type":"article","og_title":"Asesoramiento y servicios jur\u00eddicos - ACEM Esclerosis","og_description":"El pasado 21 de Septiembre la Asociaci\u00f3n firm\u00f3 un convenio de colaboraci\u00f3n con Atl\u00e1ntico Abogados con el objetivo de seguir ofreciendo asesoramiento y servicios jur\u00eddicos a nuestros asociados","og_url":"https:\/\/acemesclerosis.org\/?page_id=662","og_site_name":"ACEM Esclerosis","article_modified_time":"2025-04-15T09:46:21+00:00","twitter_card":"summary_large_image","schema":{"@context":"https:\/\/schema.org","@graph":[{"@type":"Organization","@id":"https:\/\/192.168.1.117:8086\/#organization","name":"Acem Esclerosis","url":"https:\/\/192.168.1.117:8086\/","sameAs":[],"logo":{"@type":"ImageObject","@id":"https:\/\/192.168.1.117:8086\/#logo","inLanguage":"es","url":"https:\/\/acemesclerosis.org\/wp-content\/uploads\/2021\/09\/WhatsApp-Image-2021-09-27-at-14.06.43.jpeg","contentUrl":"https:\/\/acemesclerosis.org\/wp-content\/uploads\/2021\/09\/WhatsApp-Image-2021-09-27-at-14.06.43.jpeg","width":1600,"height":592,"caption":"Acem Esclerosis"},"image":{"@id":"https:\/\/192.168.1.117:8086\/#logo"}},{"@type":"WebSite","@id":"https:\/\/192.168.1.117:8086\/#website","url":"https:\/\/192.168.1.117:8086\/","name":"ACEM Esclerosis","description":"Asociaci\u00f3n Coru\u00f1esa de Esclerosis M\u00faltiple","publisher":{"@id":"https:\/\/192.168.1.117:8086\/#organization"},"potentialAction":[{"@type":"SearchAction","target":{"@type":"EntryPoint","urlTemplate":"https:\/\/192.168.1.117:8086\/?s={search_term_string}"},"query-input":"required name=search_term_string"}],"inLanguage":"es"},{"@type":"WebPage","@id":"https:\/\/acemesclerosis.org\/?page_id=662#webpage","url":"https:\/\/acemesclerosis.org\/?page_id=662","name":"Asesoramiento y servicios jur\u00eddicos - ACEM Esclerosis","isPartOf":{"@id":"https:\/\/192.168.1.117:8086\/#website"},"datePublished":"2021-09-27T15:14:08+00:00","dateModified":"2025-04-15T09:46:21+00:00","description":"El pasado 21 de Septiembre la Asociaci\u00f3n firm\u00f3 un convenio de colaboraci\u00f3n con Atl\u00e1ntico Abogados con el objetivo de seguir ofreciendo asesoramiento y servicios jur\u00eddicos a nuestros asociados","breadcrumb":{"@id":"https:\/\/acemesclerosis.org\/?page_id=662#breadcrumb"},"inLanguage":"es","potentialAction":[{"@type":"ReadAction","target":["https:\/\/acemesclerosis.org\/?page_id=662"]}]},{"@type":"BreadcrumbList","@id":"https:\/\/acemesclerosis.org\/?page_id=662#breadcrumb","itemListElement":[{"@type":"ListItem","position":1,"name":"Portada","item":"https:\/\/192.168.1.117:8086\/"},{"@type":"ListItem","position":2,"name":"Asesoramiento y servicios jur\u00eddicos"}]}]}},"_links":{"self":[{"href":"https:\/\/acemesclerosis.org\/index.php?rest_route=\/wp\/v2\/pages\/662","targetHints":{"allow":["GET"]}}],"collection":[{"href":"https:\/\/acemesclerosis.org\/index.php?rest_route=\/wp\/v2\/pages"}],"about":[{"href":"https:\/\/acemesclerosis.org\/index.php?rest_route=\/wp\/v2\/types\/page"}],"author":[{"embeddable":true,"href":"https:\/\/acemesclerosis.org\/index.php?rest_route=\/wp\/v2\/users\/1"}],"replies":[{"embeddable":true,"href":"https:\/\/acemesclerosis.org\/index.php?rest_route=%2Fwp%2Fv2%2Fcomments&post=662"}],"version-history":[{"count":25,"href":"https:\/\/acemesclerosis.org\/index.php?rest_route=\/wp\/v2\/pages\/662\/revisions"}],"predecessor-version":[{"id":4599,"href":"https:\/\/acemesclerosis.org\/index.php?rest_route=\/wp\/v2\/pages\/662\/revisions\/4599"}],"wp:attachment":[{"href":"https:\/\/acemesclerosis.org\/index.php?rest_route=%2Fwp%2Fv2%2Fmedia&parent=662"}],"curies":[{"name":"wp","href":"https:\/\/api.w.org\/{rel}","templated":true}]}}